{"id":12,"date":"2025-04-01T14:14:10","date_gmt":"2025-04-01T12:14:10","guid":{"rendered":"https:\/\/site.bonniernewslocal.se\/skanskancup\/?page_id=12"},"modified":"2026-03-16T17:11:41","modified_gmt":"2026-03-16T16:11:41","slug":"anmalan","status":"publish","type":"page","link":"https:\/\/site.bonniernewslocal.se\/skanskancup\/anmalan\/","title":{"rendered":"Anm\u00e4lan"},"content":{"rendered":"<p>[et_pb_section fb_built=&#8221;1&#8243; admin_label=&#8221;Hero&#8221; _builder_version=&#8221;4.24.3&#8243; _module_preset=&#8221;default&#8221; use_background_color_gradient=&#8221;on&#8221; background_color_gradient_direction=&#8221;148deg&#8221; background_color_gradient_stops=&#8221;#ffffff 30%|rgba(255,255,255,0.86) 100%&#8221; background_color_gradient_overlays_image=&#8221;on&#8221; background_color_gradient_start=&#8221;rgba(0,0,0,0.5)&#8221; background_color_gradient_end=&#8221;rgba(0,0,0,0.75)&#8221; background_image=&#8221;https:\/\/images.unsplash.com\/photo-1526494661200-9d7cfd4b2404?ixid=M3w1ODkyNzF8MHwxfHNlYXJjaHw0fHxleGNpdGluZyUyMGZvb3RiYWxsJTIwbWF0Y2h8ZW58MHwwfHx8MTc0MzUwOTUxMXww&#038;ixlib=rb-4.0.3&#038;fm=webp&#038;fit=crop&#038;crop=entropy&#038;w=1920&#038;h=1080&#038;q=20&#038;dpr=2&#8243; custom_padding=&#8221;8vw||||false|false&#8221; locked=&#8221;off&#8221; collapsed=&#8221;on&#8221; global_colors_info=&#8221;{}&#8221;][et_pb_row _builder_version=&#8221;4.24.2&#8243; _module_preset=&#8221;5138c454-be54-4233-bd3b-f8e6a8747976&#8243; locked=&#8221;off&#8221; global_colors_info=&#8221;{}&#8221;][et_pb_column type=&#8221;4_4&#8243; _builder_version=&#8221;4.23.1&#8243; _module_preset=&#8221;73121f80-a3ef-4484-8763-c3f18e3c56d2&#8243; global_colors_info=&#8221;{}&#8221;][et_pb_heading title=&#8221;Anm\u00e4lan till Sk\u00e5nskan Cup&#8221; _builder_version=&#8221;4.24.2&#8243; _module_preset=&#8221;f0c675ea-2574-4d0e-b725-30f8550a8550&#8243; title_text_color=&#8221;gcid-primary-color&#8221; locked=&#8221;off&#8221; global_colors_info=&#8221;{%22gcid-primary-color%22:%91%22title_text_color%22%93}&#8221;][\/et_pb_heading][et_pb_heading title=&#8221;Registrera ditt lag f\u00f6r Sk\u00e5nskan Cup&#8221; _builder_version=&#8221;4.24.2&#8243; _module_preset=&#8221;ddeb8c09-9078-4424-bc15-2efb6572e28e&#8221; locked=&#8221;off&#8221; global_colors_info=&#8221;{}&#8221;][\/et_pb_heading][et_pb_text _builder_version=&#8221;4.27.4&#8243; _module_preset=&#8221;2c55a9c4-feed-423b-9edb-ae0b5b365cac&#8221; locked=&#8221;off&#8221; global_colors_info=&#8221;{}&#8221;]<\/p>\n<p>Delta i Mellansk\u00e5nes fr\u00e4msta fotbollsturnering och visa upp ditt lags talang. Anm\u00e4lan f\u00f6r 2026 \u00e4r nu \u00f6ppen!<\/p>\n<p>[\/et_pb_text][\/et_pb_column][\/et_pb_row][\/et_pb_section][et_pb_section fb_built=&#8221;1&#8243; _builder_version=&#8221;4.27.4&#8243; _module_preset=&#8221;default&#8221; global_colors_info=&#8221;{}&#8221;][et_pb_row column_structure=&#8221;1_2,1_2&#8243; _builder_version=&#8221;4.27.4&#8243; _module_preset=&#8221;default&#8221; global_colors_info=&#8221;{}&#8221;][et_pb_column type=&#8221;1_2&#8243; _builder_version=&#8221;4.27.4&#8243; _module_preset=&#8221;default&#8221; global_colors_info=&#8221;{}&#8221;][et_pb_text _builder_version=&#8221;4.27.4&#8243; _module_preset=&#8221;default&#8221; global_colors_info=&#8221;{}&#8221;]<\/p>\n<p>Maila oss din anm\u00e4lan.<\/p>\n<p>Kom ih\u00e5g att skriva:<\/p>\n<ul>\n<li>Namn<\/li>\n<li>Lag<\/li>\n<li>E-post<\/li>\n<li>Telefon<\/li>\n<\/ul>\n<p>[\/et_pb_text][\/et_pb_column][et_pb_column type=&#8221;1_2&#8243; _builder_version=&#8221;4.27.4&#8243; _module_preset=&#8221;default&#8221; global_colors_info=&#8221;{}&#8221;][et_pb_text _builder_version=&#8221;4.27.4&#8243; _module_preset=&#8221;default&#8221; global_colors_info=&#8221;{}&#8221;]<\/p>\n<p>Skicka till: <a href=\"#\">anm\u00e4lan@sk\u00e5nskancup.se<\/a><\/p>\n<p>[\/et_pb_text][\/et_pb_column][\/et_pb_row][\/et_pb_section][et_pb_section fb_built=&#8221;1&#8243; admin_label=&#8221;Text &#038; Image&#8221; _builder_version=&#8221;4.18.0&#8243; _module_preset=&#8221;default&#8221; locked=&#8221;off&#8221; collapsed=&#8221;on&#8221; global_colors_info=&#8221;{}&#8221;][et_pb_row column_structure=&#8221;1_2,1_2&#8243; disabled_on=&#8221;on|on|on&#8221; _builder_version=&#8221;4.18.0&#8243; _module_preset=&#8221;5138c454-be54-4233-bd3b-f8e6a8747976&#8243; disabled=&#8221;on&#8221; global_colors_info=&#8221;{}&#8221;][et_pb_column type=&#8221;1_2&#8243; _builder_version=&#8221;4.18.0&#8243; _module_preset=&#8221;73121f80-a3ef-4484-8763-c3f18e3c56d2&#8243; global_colors_info=&#8221;{}&#8221;][et_pb_heading title=&#8221;Viktiga Deadlines&#8221; _builder_version=&#8221;4.24.3&#8243; _module_preset=&#8221;c33f07d9-41e0-421a-8799-5799df695cce&#8221; locked=&#8221;off&#8221; global_colors_info=&#8221;{}&#8221;][\/et_pb_heading][et_pb_text _builder_version=&#8221;4.24.2&#8243; _module_preset=&#8221;2c55a9c4-feed-423b-9edb-ae0b5b365cac&#8221; locked=&#8221;off&#8221; global_colors_info=&#8221;{}&#8221;]<\/p>\n<p>F\u00f6r att s\u00e4kerst\u00e4lla att ditt lag kan delta i Sk\u00e5nskan Cup, se till att h\u00e5lla koll p\u00e5 f\u00f6ljande viktiga datum. Anm\u00e4lan \u00f6ppnar den 1 mars och st\u00e4nger den 30 april. Sista dagen f\u00f6r att betala anm\u00e4lningsavgiften \u00e4r den 15 maj. Eventuella \u00e4ndringar i laguppst\u00e4llningen m\u00e5ste meddelas senast den 1 juni. Missa inte chansen att vara med i Mellansk\u00e5nes b\u00e4sta fotbollscup!<\/p>\n<p>[\/et_pb_text][\/et_pb_column][et_pb_column type=&#8221;1_2&#8243; _builder_version=&#8221;4.16&#8243; _module_preset=&#8221;73121f80-a3ef-4484-8763-c3f18e3c56d2&#8243; global_colors_info=&#8221;{}&#8221;][et_pb_image src=&#8221;https:\/\/images.unsplash.com\/photo-1534724445056-d4c73dcd71c4?ixid=M3w1ODkyNzF8MHwxfHNlYXJjaHw4fHxwbGF5ZXJzJTIwcHJlcGFyaW5nJTIwdW5pZm9ybXN8ZW58MHwwfHx8MTc0MzUwOTU0Mnww&#038;ixlib=rb-4.0.3&#038;fm=webp&#038;fit=crop&#038;crop=entropy&#038;w=800&#038;h=600&#038;q=20&#038;dpr=2&#8243; title_text=&#8221;800&#215;600&#8243; _builder_version=&#8221;4.23.1&#8243; _module_preset=&#8221;6ed8fd5c-62c5-4100-98c3-7b8b6d2c2ee6&#8243; locked=&#8221;off&#8221; global_colors_info=&#8221;{}&#8221;][\/et_pb_image][\/et_pb_column][\/et_pb_row][\/et_pb_section][et_pb_section fb_built=&#8221;1&#8243; admin_label=&#8221;Statistics&#8221; _builder_version=&#8221;4.27.4&#8243; _module_preset=&#8221;default&#8221; background_color=&#8221;#d7c198&#8243; custom_padding=&#8221;24px||28px|||&#8221; locked=&#8221;off&#8221; collapsed=&#8221;on&#8221; global_colors_info=&#8221;{}&#8221;][et_pb_row _builder_version=&#8221;4.18.0&#8243; _module_preset=&#8221;5138c454-be54-4233-bd3b-f8e6a8747976&#8243; custom_padding=&#8221;||9px|||&#8221; global_colors_info=&#8221;{}&#8221;][et_pb_column type=&#8221;4_4&#8243; _builder_version=&#8221;4.17.3&#8243; _module_preset=&#8221;73121f80-a3ef-4484-8763-c3f18e3c56d2&#8243; global_colors_info=&#8221;{}&#8221;][et_pb_heading title=&#8221;Partners till Sk\u00e5nskan Cup&#8221; _builder_version=&#8221;4.27.4&#8243; _module_preset=&#8221;c33f07d9-41e0-421a-8799-5799df695cce&#8221; title_text_align=&#8221;center&#8221; title_text_color=&#8221;#FFFFFF&#8221; global_colors_info=&#8221;{}&#8221;][\/et_pb_heading][\/et_pb_column][\/et_pb_row][et_pb_row _builder_version=&#8221;4.18.0&#8243; _module_preset=&#8221;5138c454-be54-4233-bd3b-f8e6a8747976&#8243; global_colors_info=&#8221;{}&#8221;][et_pb_column type=&#8221;4_4&#8243; _builder_version=&#8221;4.17.3&#8243; _module_preset=&#8221;73121f80-a3ef-4484-8763-c3f18e3c56d2&#8243; global_colors_info=&#8221;{}&#8221;][et_pb_image src=&#8221;https:\/\/site.bonniernewslocal.se\/skanskancup\/wp-content\/uploads\/2025\/04\/Sparbanken-Skane-logo.png&#8221; title_text=&#8221;Sparbanken-Skane-logo&#8221; src_tablet=&#8221;https:\/\/site.bonniernewslocal.se\/skanskancup\/wp-content\/uploads\/2025\/04\/Sparbanken-Skane-logo.png&#8221; src_phone=&#8221;https:\/\/site.bonniernewslocal.se\/skanskancup\/wp-content\/uploads\/2025\/04\/Sparbanken-Skane-logo.png&#8221; src_last_edited=&#8221;on|phone&#8221; _builder_version=&#8221;4.27.4&#8243; _module_preset=&#8221;default&#8221; width=&#8221;38%&#8221; width_tablet=&#8221;38%&#8221; width_phone=&#8221;89%&#8221; width_last_edited=&#8221;on|phone&#8221; module_alignment=&#8221;center&#8221; global_colors_info=&#8221;{}&#8221;][\/et_pb_image][\/et_pb_column][\/et_pb_row][et_pb_row column_structure=&#8221;1_3,1_3,1_3&#8243; _builder_version=&#8221;4.18.0&#8243; _module_preset=&#8221;5138c454-be54-4233-bd3b-f8e6a8747976&#8243; locked=&#8221;off&#8221; global_colors_info=&#8221;{}&#8221;][et_pb_column type=&#8221;1_3&#8243; _builder_version=&#8221;4.17.3&#8243; _module_preset=&#8221;73121f80-a3ef-4484-8763-c3f18e3c56d2&#8243; global_colors_info=&#8221;{}&#8221;][et_pb_image src=&#8221;https:\/\/site.bonniernewslocal.se\/skanskancup\/wp-content\/uploads\/2025\/04\/Action-o-Trend.png&#8221; title_text=&#8221;Action-o-Trend&#8221; src_tablet=&#8221;https:\/\/site.bonniernewslocal.se\/skanskancup\/wp-content\/uploads\/2025\/04\/Action-o-Trend.png&#8221; src_phone=&#8221;https:\/\/site.bonniernewslocal.se\/skanskancup\/wp-content\/uploads\/2025\/04\/Action-o-Trend.png&#8221; src_last_edited=&#8221;on|phone&#8221; _builder_version=&#8221;4.27.4&#8243; _module_preset=&#8221;default&#8221; width=&#8221;76%&#8221; width_tablet=&#8221;76%&#8221; width_phone=&#8221;70%&#8221; width_last_edited=&#8221;on|phone&#8221; module_alignment=&#8221;center&#8221; global_colors_info=&#8221;{}&#8221;][\/et_pb_image][\/et_pb_column][et_pb_column type=&#8221;1_3&#8243; _builder_version=&#8221;4.17.3&#8243; _module_preset=&#8221;73121f80-a3ef-4484-8763-c3f18e3c56d2&#8243; global_colors_info=&#8221;{}&#8221;][et_pb_image src=&#8221;https:\/\/site.bonniernewslocal.se\/skanskancup\/wp-content\/uploads\/2025\/04\/Eslovs-kommun-rbg.png&#8221; title_text=&#8221;Eslovs-kommun-rbg&#8221; src_tablet=&#8221;https:\/\/site.bonniernewslocal.se\/skanskancup\/wp-content\/uploads\/2025\/04\/Eslovs-kommun-rbg.png&#8221; src_phone=&#8221;https:\/\/site.bonniernewslocal.se\/skanskancup\/wp-content\/uploads\/2025\/04\/Eslovs-kommun-rbg.png&#8221; src_last_edited=&#8221;on|phone&#8221; _builder_version=&#8221;4.27.4&#8243; _module_preset=&#8221;default&#8221; width=&#8221;66%&#8221; width_tablet=&#8221;50%&#8221; width_phone=&#8221;49%&#8221; width_last_edited=&#8221;on|phone&#8221; module_alignment=&#8221;center&#8221; global_colors_info=&#8221;{}&#8221;][\/et_pb_image][\/et_pb_column][et_pb_column type=&#8221;1_3&#8243; _builder_version=&#8221;4.17.3&#8243; _module_preset=&#8221;73121f80-a3ef-4484-8763-c3f18e3c56d2&#8243; global_colors_info=&#8221;{}&#8221;][et_pb_image src=&#8221;https:\/\/site.bonniernewslocal.se\/skanskancup\/wp-content\/uploads\/2025\/04\/Lofquist-Mekaniska.png&#8221; title_text=&#8221;Lofquist-Mekaniska&#8221; src_tablet=&#8221;https:\/\/site.bonniernewslocal.se\/skanskancup\/wp-content\/uploads\/2025\/04\/Lofquist-Mekaniska.png&#8221; src_phone=&#8221;https:\/\/site.bonniernewslocal.se\/skanskancup\/wp-content\/uploads\/2025\/04\/Lofquist-Mekaniska.png&#8221; src_last_edited=&#8221;on|phone&#8221; _builder_version=&#8221;4.27.4&#8243; _module_preset=&#8221;default&#8221; width=&#8221;93%&#8221; width_tablet=&#8221;93%&#8221; width_phone=&#8221;80%&#8221; width_last_edited=&#8221;on|phone&#8221; module_alignment=&#8221;center&#8221; global_colors_info=&#8221;{}&#8221;][\/et_pb_image][\/et_pb_column][\/et_pb_row][et_pb_row column_structure=&#8221;1_2,1_2&#8243; _builder_version=&#8221;4.18.0&#8243; _module_preset=&#8221;5138c454-be54-4233-bd3b-f8e6a8747976&#8243; global_colors_info=&#8221;{}&#8221; locked=&#8221;off&#8221;][et_pb_column type=&#8221;1_2&#8243; _builder_version=&#8221;4.17.3&#8243; _module_preset=&#8221;73121f80-a3ef-4484-8763-c3f18e3c56d2&#8243; global_colors_info=&#8221;{}&#8221;][et_pb_image src=&#8221;https:\/\/site.bonniernewslocal.se\/skanskancup\/wp-content\/uploads\/2025\/04\/Hoors-kommun-rbg.png&#8221; title_text=&#8221;Hoors-kommun-rbg&#8221; align=&#8221;center&#8221; src_tablet=&#8221;https:\/\/site.bonniernewslocal.se\/skanskancup\/wp-content\/uploads\/2025\/04\/Action-o-Trend.png&#8221; src_phone=&#8221;https:\/\/site.bonniernewslocal.se\/skanskancup\/wp-content\/uploads\/2025\/04\/Hoors-kommun-rbg.png&#8221; src_last_edited=&#8221;on|phone&#8221; _builder_version=&#8221;4.27.4&#8243; _module_preset=&#8221;default&#8221; width=&#8221;42%&#8221; width_tablet=&#8221;76%&#8221; width_phone=&#8221;48%&#8221; width_last_edited=&#8221;on|phone&#8221; module_alignment=&#8221;center&#8221; hover_enabled=&#8221;0&#8243; global_colors_info=&#8221;{}&#8221; sticky_enabled=&#8221;0&#8243;][\/et_pb_image][\/et_pb_column][et_pb_column type=&#8221;1_2&#8243; _builder_version=&#8221;4.17.3&#8243; _module_preset=&#8221;73121f80-a3ef-4484-8763-c3f18e3c56d2&#8243; global_colors_info=&#8221;{}&#8221;][et_pb_image src=&#8221;https:\/\/site.bonniernewslocal.se\/skanskancup\/wp-content\/uploads\/2025\/04\/Horby-kommun_rbg.png&#8221; title_text=&#8221;Horby-kommun_rbg&#8221; align=&#8221;center&#8221; src_tablet=&#8221;https:\/\/site.bonniernewslocal.se\/skanskancup\/wp-content\/uploads\/2025\/04\/Eslovs-kommun-rbg.png&#8221; src_phone=&#8221;https:\/\/site.bonniernewslocal.se\/skanskancup\/wp-content\/uploads\/2025\/04\/Horby-kommun_rbg.png&#8221; src_last_edited=&#8221;on|phone&#8221; _builder_version=&#8221;4.27.4&#8243; _module_preset=&#8221;default&#8221; width=&#8221;41%&#8221; width_tablet=&#8221;50%&#8221; width_phone=&#8221;44%&#8221; width_last_edited=&#8221;on|phone&#8221; module_alignment=&#8221;center&#8221; hover_enabled=&#8221;0&#8243; global_colors_info=&#8221;{}&#8221; sticky_enabled=&#8221;0&#8243;][\/et_pb_image][\/et_pb_column][\/et_pb_row][\/et_pb_section]<\/p>\n","protected":false},"excerpt":{"rendered":"<p>Delta i Mellansk\u00e5nes fr\u00e4msta fotbollsturnering och visa upp ditt lags talang. Anm\u00e4lan f\u00f6r 2026 \u00e4r nu \u00f6ppen!Maila oss din anm\u00e4lan. Kom ih\u00e5g att skriva: Namn Lag E-post Telefon Skicka till: anm\u00e4lan@sk\u00e5nskancup.seF\u00f6r att s\u00e4kerst\u00e4lla att ditt lag kan delta i Sk\u00e5nskan Cup, se till att h\u00e5lla koll p\u00e5 f\u00f6ljande viktiga datum. Anm\u00e4lan \u00f6ppnar den 1 mars [&hellip;]<\/p>\n","protected":false},"author":1,"featured_media":0,"parent":0,"menu_order":0,"comment_status":"closed","ping_status":"closed","template":"","meta":{"_et_pb_use_builder":"on","_et_pb_old_content":"","_et_gb_content_width":"","footnotes":""},"class_list":["post-12","page","type-page","status-publish","hentry"],"_links":{"self":[{"href":"https:\/\/site.bonniernewslocal.se\/skanskancup\/wp-json\/wp\/v2\/pages\/12","targetHints":{"allow":["GET"]}}],"collection":[{"href":"https:\/\/site.bonniernewslocal.se\/skanskancup\/wp-json\/wp\/v2\/pages"}],"about":[{"href":"https:\/\/site.bonniernewslocal.se\/skanskancup\/wp-json\/wp\/v2\/types\/page"}],"author":[{"embeddable":true,"href":"https:\/\/site.bonniernewslocal.se\/skanskancup\/wp-json\/wp\/v2\/users\/1"}],"replies":[{"embeddable":true,"href":"https:\/\/site.bonniernewslocal.se\/skanskancup\/wp-json\/wp\/v2\/comments?post=12"}],"version-history":[{"count":9,"href":"https:\/\/site.bonniernewslocal.se\/skanskancup\/wp-json\/wp\/v2\/pages\/12\/revisions"}],"predecessor-version":[{"id":349,"href":"https:\/\/site.bonniernewslocal.se\/skanskancup\/wp-json\/wp\/v2\/pages\/12\/revisions\/349"}],"wp:attachment":[{"href":"https:\/\/site.bonniernewslocal.se\/skanskancup\/wp-json\/wp\/v2\/media?parent=12"}],"curies":[{"name":"wp","href":"https:\/\/api.w.org\/{rel}","templated":true}]}}