{"id":588,"date":"2024-04-16T09:56:24","date_gmt":"2024-04-16T07:56:24","guid":{"rendered":"https:\/\/site.bonniernewslocal.se\/rackviddskampanj\/?page_id=588"},"modified":"2024-05-08T14:25:11","modified_gmt":"2024-05-08T12:25:11","slug":"om-oss","status":"publish","type":"page","link":"https:\/\/site.bonniernewslocal.se\/rackviddskampanj\/om-oss\/","title":{"rendered":"Om oss"},"content":{"rendered":"<p>[et_pb_section fb_built=&#8221;1&#8243; prev_background_color=&#8221;#ffffff&#8221; next_background_color=&#8221;#222222&#8243; admin_label=&#8221;Sektion&#8221; _builder_version=&#8221;4.23.4&#8243; _module_preset=&#8221;default&#8221; use_background_color_gradient=&#8221;on&#8221; background_color_gradient_direction=&#8221;125deg&#8221; background_color_gradient_stops=&#8221;#dbb9cd 0%|#bcd2e3 79%&#8221; custom_padding=&#8221;0px||92px||false|false&#8221; top_divider_style=&#8221;none&#8221; bottom_divider_style=&#8221;mountains&#8221; bottom_divider_height=&#8221;53px&#8221; bottom_divider_repeat=&#8221;1x&#8221; bottom_divider_flip=&#8221;vertical|horizontal&#8221; locked=&#8221;off&#8221; global_colors_info=&#8221;{}&#8221;][et_pb_row _builder_version=&#8221;4.23.4&#8243; _module_preset=&#8221;default&#8221; width_tablet=&#8221;90%&#8221; width_phone=&#8221;90%&#8221; width_last_edited=&#8221;on|tablet&#8221; overflow-x=&#8221;visible&#8221; overflow-y=&#8221;visible&#8221; custom_css_free_form=&#8221;header {||    position: relative;||    z-index: 99999;||}&#8221; global_colors_info=&#8221;{}&#8221;][et_pb_column type=&#8221;4_4&#8243; _builder_version=&#8221;4.23.4&#8243; _module_preset=&#8221;default&#8221; global_colors_info=&#8221;{}&#8221;][et_pb_menu active_link_color=&#8221;#a2498b&#8221; dropdown_menu_bg_color=&#8221;#FFFFFF&#8221; dropdown_menu_line_color=&#8221;RGBA(255,255,255,0)&#8221; dropdown_menu_text_color=&#8221;#000000&#8243; dropdown_menu_active_link_color=&#8221;#a2498b&#8221; mobile_menu_bg_color=&#8221;RGBA(255,255,255,0)&#8221; mobile_menu_text_color=&#8221;#000000&#8243; search_icon_color=&#8221;#000000&#8243; menu_icon_color=&#8221;#000000&#8243; _builder_version=&#8221;4.23.4&#8243; _module_preset=&#8221;default&#8221; menu_font=&#8221;Inter||||||||&#8221; menu_text_color=&#8221;#000000&#8243; background_color=&#8221;RGBA(255,255,255,0)&#8221; text_orientation=&#8221;right&#8221; custom_padding=&#8221;30px||40px||false|false&#8221; custom_css_free_form=&#8221;header {||    position: relative;||    z-index: 99999;||}&#8221; global_colors_info=&#8221;{}&#8221;][\/et_pb_menu][\/et_pb_column][\/et_pb_row][et_pb_row column_structure=&#8221;1_2,1_2&#8243; use_custom_gutter=&#8221;on&#8221; gutter_width=&#8221;1&#8243; make_equal=&#8221;on&#8221; admin_label=&#8221;Intro&#8221; _builder_version=&#8221;4.23.4&#8243; _module_preset=&#8221;default&#8221; background_size=&#8221;initial&#8221; background_position=&#8221;top_left&#8221; background_repeat=&#8221;repeat&#8221; width=&#8221;100%&#8221; custom_padding=&#8221;0px|0px|8px|0px|false|false&#8221; global_colors_info=&#8221;{}&#8221;][et_pb_column type=&#8221;1_2&#8243; _builder_version=&#8221;4.23.4&#8243; _module_preset=&#8221;default&#8221; custom_padding=&#8221;|||&#8221; custom_css_main_element=&#8221;margin:auto;&#8221; global_colors_info=&#8221;{}&#8221; custom_padding__hover=&#8221;|||&#8221;][et_pb_text content_tablet=&#8221;<\/p>\n<p><strong>Lorem Ipsum<\/strong><span> is simply text <\/span><\/p>\n<p>&#8221; content_phone=&#8221;<\/p>\n<p><strong>Nordens st\u00f6rsta mediehus med<br \/><\/strong><strong>lokalt hj\u00e4rta. <\/strong><\/p>\n<p>&#8221; content_last_edited=&#8221;on|phone&#8221; _builder_version=&#8221;4.23.4&#8243; _module_preset=&#8221;default&#8221; text_font=&#8221;Inter||||||||&#8221; text_text_color=&#8221;#000000&#8243; text_font_size=&#8221;53px&#8221; text_line_height=&#8221;1.1em&#8221; custom_margin=&#8221;|||0px|false|false&#8221; custom_margin_tablet=&#8221;|||40px|false|false&#8221; custom_margin_phone=&#8221;|||40px|false|false&#8221; custom_margin_last_edited=&#8221;on|phone&#8221; hover_enabled=&#8221;0&#8243; global_colors_info=&#8221;{}&#8221; sticky_enabled=&#8221;0&#8243; text_font_size_last_edited=&#8221;on|phone&#8221; text_font_size_phone=&#8221;41px&#8221; text_font_size_tablet=&#8221;53px&#8221;]<\/p>\n<p><strong>Nordens st\u00f6rsta mediehus med <br \/><\/strong><strong>lokalt hj\u00e4rta. <\/strong><\/p>\n<p>[\/et_pb_text][et_pb_text _builder_version=&#8221;4.23.4&#8243; _module_preset=&#8221;default&#8221; text_font=&#8221;Inter||||||||&#8221; text_text_color=&#8221;#000000&#8243; text_font_size=&#8221;16px&#8221; width=&#8221;99.8%&#8221; custom_padding=&#8221;20px|4px|30px||false|false&#8221; custom_padding_tablet=&#8221;|40px||40px|false|false&#8221; custom_padding_phone=&#8221;|40px||40px|false|false&#8221; custom_padding_last_edited=&#8221;on|phone&#8221; global_colors_info=&#8221;{}&#8221;]<\/p>\n<p><strong>Sedan 2020 har vi p\u00e5<\/strong> V\u00e4rnamo Nyheter och Sm\u00e5l\u00e4nningen ing\u00e5tt i Bonnier News som fr\u00e5n platsen i h\u00e4ndelsernas centrum n\u00e5r \u00f6ver 6 miljoner svenskar varje dag. Detta ger oss en unik tillg\u00e5ng till m\u00e4ngder av data, och direkt insyn i m\u00e4nskliga f\u00f6reteelser som l\u00e5ter oss skapa kreativ och effektiv varum\u00e4rkeskommunikation.<br \/>Kommunikation som genom kraften i det fria ordet s\u00e4tter fingret p\u00e5 pulsen omkring oss och skapar v\u00e4rde f\u00f6r v\u00e5ra kunder, lokalt och globalt.<\/p>\n<p>Vi erbjuder allt fr\u00e5n analys och strategi till digital performance, produktioner i v\u00e4rldsklass och marknadsf\u00f6ring i alla kanaler.<\/p>\n<p>V\u00e5rt uppdrag att f\u00f6rst\u00e5 din aff\u00e4r och f\u00e5 den att v\u00e4xa.<\/p>\n<p>[\/et_pb_text][et_pb_button button_url=&#8221;https:\/\/forms.bonniernewslocal.se\/view.php?id=1559714&#038;gdpr=4&#8243; button_text=&#8221;Kontakta oss!&#8221; _builder_version=&#8221;4.23.4&#8243; _module_preset=&#8221;default&#8221; custom_button=&#8221;on&#8221; button_text_size=&#8221;19px&#8221; button_text_color=&#8221;#000000&#8243; button_bg_color=&#8221;RGBA(255,255,255,0)&#8221; custom_margin_tablet=&#8221;|||40px|false|false&#8221; custom_margin_phone=&#8221;||20px||false|false&#8221; custom_margin_last_edited=&#8221;on|phone&#8221; global_colors_info=&#8221;{}&#8221;][\/et_pb_button][\/et_pb_column][et_pb_column type=&#8221;1_2&#8243; _builder_version=&#8221;4.16&#8243; _module_preset=&#8221;default&#8221; custom_padding=&#8221;|||&#8221; global_colors_info=&#8221;{}&#8221; custom_padding__hover=&#8221;|||&#8221;][et_pb_image src=&#8221;https:\/\/site.bonniernewslocal.se\/rackviddskampanj\/wp-content\/uploads\/2024\/04\/dog_di_opti.png&#8221; title_text=&#8221;dog_di_opti&#8221; _builder_version=&#8221;4.23.4&#8243; _module_preset=&#8221;default&#8221; global_colors_info=&#8221;{}&#8221;][\/et_pb_image][\/et_pb_column][\/et_pb_row][et_pb_row use_custom_gutter=&#8221;on&#8221; make_equal=&#8221;on&#8221; _builder_version=&#8221;4.23.4&#8243; _module_preset=&#8221;default&#8221; custom_margin=&#8221;55px|auto||auto|false|false&#8221; global_colors_info=&#8221;{}&#8221;][et_pb_column type=&#8221;4_4&#8243; _builder_version=&#8221;4.23.4&#8243; _module_preset=&#8221;default&#8221; global_colors_info=&#8221;{}&#8221;][et_pb_text _builder_version=&#8221;4.23.4&#8243; _module_preset=&#8221;default&#8221; text_font=&#8221;Inter||||||||&#8221; text_text_color=&#8221;#000000&#8243; text_font_size=&#8221;22px&#8221; text_line_height=&#8221;30px&#8221; custom_padding=&#8221;||1px|||&#8221; global_colors_info=&#8221;{}&#8221;]<\/p>\n<p>Letar du efter n\u00e5gon av v\u00e5ra medarbetare, beh\u00f6ver hitta till n\u00e5got av v\u00e5ra kontor eller \u00e4r du bara nyfiken p\u00e5 vilka vi \u00e4r? D\u00e5 har du kommit r\u00e4tt! H\u00e4r hittar du alla v\u00e5ra kontaktuppgifter.<\/p>\n<p>[\/et_pb_text][\/et_pb_column][\/et_pb_row][et_pb_row column_structure=&#8221;1_3,1_3,1_3&#8243; _builder_version=&#8221;4.23.4&#8243; _module_preset=&#8221;default&#8221; global_colors_info=&#8221;{}&#8221;][et_pb_column type=&#8221;1_3&#8243; _builder_version=&#8221;4.23.4&#8243; _module_preset=&#8221;default&#8221; global_colors_info=&#8221;{}&#8221;][et_pb_team_member name=&#8221;Pia Berglund &#8221; position=&#8221;Account Manager&#8221; image_url=&#8221;https:\/\/site.bonniernewslocal.se\/rackviddskampanj\/wp-content\/uploads\/2024\/05\/pia.jpg&#8221; _builder_version=&#8221;4.23.4&#8243; _module_preset=&#8221;default&#8221; header_font=&#8221;Inter|600|||||||&#8221; header_font_size=&#8221;20px&#8221; position_font=&#8221;Inter|||on|||||&#8221; position_text_color=&#8221;#000000&#8243; hover_enabled=&#8221;0&#8243; global_colors_info=&#8221;{}&#8221; sticky_enabled=&#8221;0&#8243;]<a href=\"callto:+46708992911\">+46 70 899 29 11<\/a><br \/>\n<a target=\"_blank\" class=\"c-link\" aria-haspopup=\"menu\" href=\"mailto:pia.berglund@bonniernews.se\" rel=\"noopener noreferrer\">pia.berglund@bonniernews.se<\/a>[\/et_pb_team_member][\/et_pb_column][et_pb_column type=&#8221;1_3&#8243; _builder_version=&#8221;4.23.4&#8243; _module_preset=&#8221;default&#8221; global_colors_info=&#8221;{}&#8221;][et_pb_team_member name=&#8221;Anna Petersson&#8221; position=&#8221;Account Manager&#8221; image_url=&#8221;https:\/\/site.bonniernewslocal.se\/rackviddskampanj\/wp-content\/uploads\/2024\/05\/anna.jpg&#8221; _builder_version=&#8221;4.23.4&#8243; _module_preset=&#8221;default&#8221; header_font=&#8221;Inter|600|||||||&#8221; header_font_size=&#8221;20px&#8221; position_font=&#8221;Inter|||on|||||&#8221; position_text_color=&#8221;#000000&#8243; hover_enabled=&#8221;0&#8243; global_colors_info=&#8221;{}&#8221; sticky_enabled=&#8221;0&#8243;]<\/p>\n<p><a href=\"callto:+46703660651\">+46 70 366 06 51<\/a><br \/><a target=\"_blank\" class=\"c-link\" aria-haspopup=\"menu\" href=\"mailto:anna.petersson@bonniernews.se\" rel=\"noopener noreferrer\">anna.petersson@bonniernews.se<\/a><\/p>\n<p>[\/et_pb_team_member][\/et_pb_column][et_pb_column type=&#8221;1_3&#8243; _builder_version=&#8221;4.23.4&#8243; _module_preset=&#8221;default&#8221; global_colors_info=&#8221;{}&#8221;][et_pb_team_member name=&#8221;Krister K\u00fchlwein &#8221; position=&#8221;Account Manager&#8221; image_url=&#8221;https:\/\/site.bonniernewslocal.se\/rackviddskampanj\/wp-content\/uploads\/2024\/04\/krister_k.jpg&#8221; _builder_version=&#8221;4.23.4&#8243; _module_preset=&#8221;default&#8221; header_font=&#8221;Inter|600|||||||&#8221; header_font_size=&#8221;20px&#8221; position_font=&#8221;Inter|||on|||||&#8221; position_text_color=&#8221;#000000&#8243; hover_enabled=&#8221;0&#8243; global_colors_info=&#8221;{}&#8221; sticky_enabled=&#8221;0&#8243;]<a href=\"callto:+46736650837\">+46 73 665 08 37<\/a><br \/>\n<a target=\"_blank\" class=\"c-link\" aria-haspopup=\"menu\" href=\"mailto:krister.kuhlwein@bonniernews.se\" rel=\"noopener noreferrer\">krister.kuhlwein@bonniernews.se<\/a>[\/et_pb_team_member][\/et_pb_column][\/et_pb_row][et_pb_row column_structure=&#8221;1_3,1_3,1_3&#8243; _builder_version=&#8221;4.23.4&#8243; _module_preset=&#8221;default&#8221; global_colors_info=&#8221;{}&#8221;][et_pb_column type=&#8221;1_3&#8243; _builder_version=&#8221;4.23.4&#8243; _module_preset=&#8221;default&#8221; global_colors_info=&#8221;{}&#8221;][et_pb_team_member name=&#8221;Annis Pettersson &#8221; position=&#8221;Account Manager&#8221; image_url=&#8221;https:\/\/site.bonniernewslocal.se\/rackviddskampanj\/wp-content\/uploads\/2024\/05\/annis.jpg&#8221; _builder_version=&#8221;4.23.4&#8243; _module_preset=&#8221;default&#8221; header_font=&#8221;Inter|600|||||||&#8221; header_font_size=&#8221;20px&#8221; position_font=&#8221;Inter|||on|||||&#8221; position_text_color=&#8221;#000000&#8243; hover_enabled=&#8221;0&#8243; global_colors_info=&#8221;{}&#8221; sticky_enabled=&#8221;0&#8243;]<a href=\"callto:+46727429018\">+46 72 742 90 18<\/a><br \/>\n<a target=\"_blank\" class=\"c-link\" aria-haspopup=\"menu\" href=\"mailto:annis.petersson@bonniernews.se\" rel=\"noopener noreferrer\">annis.petersson@bonniernews.se<\/a>[\/et_pb_team_member][\/et_pb_column][et_pb_column type=&#8221;1_3&#8243; _builder_version=&#8221;4.23.4&#8243; _module_preset=&#8221;default&#8221; global_colors_info=&#8221;{}&#8221;][et_pb_team_member name=&#8221;Johan Ottosson&#8221; position=&#8221;DIGITAl STRATEG&#8221; image_url=&#8221;https:\/\/site.bonniernewslocal.se\/rackviddskampanj\/wp-content\/uploads\/2024\/05\/johan.jpg&#8221; _builder_version=&#8221;4.23.4&#8243; _module_preset=&#8221;default&#8221; header_font=&#8221;Inter|600|||||||&#8221; header_font_size=&#8221;20px&#8221; position_font=&#8221;Inter|||on|||||&#8221; position_text_color=&#8221;#000000&#8243; hover_enabled=&#8221;0&#8243; global_colors_info=&#8221;{}&#8221; sticky_enabled=&#8221;0&#8243;]<a href=\"callto:+46736650838\">+46 73 665 08 38<\/a><br \/>\n<a target=\"_blank\" class=\"c-link\" aria-haspopup=\"menu\" href=\"mailto:johan.ottosson@bonniernews.se\" rel=\"noopener noreferrer\">johan.ottosson@bonniernews.se<\/a>[\/et_pb_team_member][\/et_pb_column][et_pb_column type=&#8221;1_3&#8243; _builder_version=&#8221;4.23.4&#8243; _module_preset=&#8221;default&#8221; global_colors_info=&#8221;{}&#8221;][et_pb_team_member name=&#8221;Hans Thomson &#8221; position=&#8221;Sales Manager&#8221; image_url=&#8221;https:\/\/site.bonniernewslocal.se\/rackviddskampanj\/wp-content\/uploads\/2024\/04\/hans_t.jpg&#8221; _builder_version=&#8221;4.23.4&#8243; _module_preset=&#8221;default&#8221; header_font=&#8221;Inter|600|||||||&#8221; header_font_size=&#8221;20px&#8221; position_font=&#8221;Inter|||on|||||&#8221; position_text_color=&#8221;#000000&#8243; hover_enabled=&#8221;0&#8243; global_colors_info=&#8221;{}&#8221; sticky_enabled=&#8221;0&#8243;]<a href=\"callto:+46702591005\">+46 70 259 10 05<\/a><br \/>\n<a target=\"_blank\" class=\"c-link\" aria-haspopup=\"menu\" href=\"mailto:hans.thomson@bonniernews.se\" rel=\"noopener noreferrer\">hans.thomson@bonniernews.se<\/a>[\/et_pb_team_member][\/et_pb_column][\/et_pb_row][\/et_pb_section][et_pb_section fb_built=&#8221;1&#8243; admin_label=&#8221;Footer&#8221; module_id=&#8221;open&#8221; _builder_version=&#8221;4.23.4&#8243; _module_preset=&#8221;default&#8221; background_color=&#8221;#222222&#8243; min_height=&#8221;273.5px&#8221; custom_margin=&#8221;-1px|||||&#8221; custom_padding=&#8221;49px|0px|27px|0px&#8221; global_module=&#8221;586&#8243; saved_tabs=&#8221;all&#8221; locked=&#8221;off&#8221; collapsed=&#8221;off&#8221; global_colors_info=&#8221;{}&#8221;][et_pb_row column_structure=&#8221;1_2,1_2&#8243; _builder_version=&#8221;4.23.4&#8243; _module_preset=&#8221;default&#8221; custom_margin=&#8221;|auto|50px|auto|false|false&#8221; custom_padding=&#8221;||0px|||&#8221; global_colors_info=&#8221;{}&#8221;][et_pb_column type=&#8221;1_2&#8243; _builder_version=&#8221;4.16&#8243; _module_preset=&#8221;default&#8221; custom_padding=&#8221;|||&#8221; global_colors_info=&#8221;{}&#8221; custom_padding__hover=&#8221;|||&#8221;][et_pb_image src=&#8221;https:\/\/site.bonniernewslocal.se\/rackviddskampanj\/wp-content\/uploads\/2024\/03\/varnamonyheter.png&#8221; title_text=&#8221;varnamonyheter&#8221; url=&#8221;http:\/\/www.vn.se&#8221; url_new_window=&#8221;on&#8221; show_bottom_space=&#8221;off&#8221; show_bottom_space_tablet=&#8221;off&#8221; show_bottom_space_phone=&#8221;off&#8221; show_bottom_space_last_edited=&#8221;on|desktop&#8221; _builder_version=&#8221;4.23.4&#8243; _module_preset=&#8221;default&#8221; width=&#8221;100%&#8221; max_width=&#8221;100%&#8221; max_width_tablet=&#8221;100%&#8221; max_width_phone=&#8221;59%&#8221; max_width_last_edited=&#8221;on|tablet&#8221; custom_margin=&#8221;0px||0px||false|false&#8221; custom_padding=&#8221;0px||0px|0px|false|false&#8221; global_colors_info=&#8221;{}&#8221;][\/et_pb_image][et_pb_image src=&#8221;https:\/\/site.bonniernewslocal.se\/rackviddskampanj\/wp-content\/uploads\/2024\/03\/smalanningen.png&#8221; title_text=&#8221;smalanningen&#8221; url=&#8221;https:\/\/www.smalanningen.se\/&#8221; url_new_window=&#8221;on&#8221; show_bottom_space=&#8221;off&#8221; _builder_version=&#8221;4.23.4&#8243; _module_preset=&#8221;default&#8221; width=&#8221;100%&#8221; max_width=&#8221;100%&#8221; max_width_tablet=&#8221;100%&#8221; max_width_phone=&#8221;60%&#8221; max_width_last_edited=&#8221;on|desktop&#8221; custom_margin=&#8221;22px||||false|false&#8221; custom_margin_tablet=&#8221;-25px||||false|false&#8221; custom_margin_phone=&#8221;14px||||false|false&#8221; custom_margin_last_edited=&#8221;on|phone&#8221; custom_padding=&#8221;0px||||false|false&#8221; global_colors_info=&#8221;{}&#8221;][\/et_pb_image][et_pb_button button_text=&#8221;En del av Bonnier News&#8221; button_alignment=&#8221;left&#8221; _builder_version=&#8221;4.23.4&#8243; _module_preset=&#8221;default&#8221; custom_button=&#8221;on&#8221; button_text_size=&#8221;15px&#8221; button_text_color=&#8221;#dfdfde&#8221; button_bg_color=&#8221;RGBA(255,255,255,0)&#8221; button_border_color=&#8221;RGBA(255,255,255,0)&#8221; button_border_radius=&#8221;0px&#8221; button_font=&#8221;Inter||||||||&#8221; button_icon=&#8221;&#x35;||divi||400&#8243; button_icon_color=&#8221;#dcca3a&#8221; custom_margin=&#8221;7px|0px|0px|0px|false|false&#8221; custom_padding=&#8221;0px|0px|0px|0px|false|false&#8221; global_colors_info=&#8221;{}&#8221;][\/et_pb_button][\/et_pb_column][et_pb_column type=&#8221;1_2&#8243; _builder_version=&#8221;4.23.4&#8243; _module_preset=&#8221;default&#8221; global_colors_info=&#8221;{}&#8221;][et_pb_text _builder_version=&#8221;4.23.4&#8243; _module_preset=&#8221;default&#8221; text_font=&#8221;Inter||||||||&#8221; text_text_color=&#8221;#FFFFFF&#8221; text_font_size=&#8221;18px&#8221; custom_margin=&#8221;||10px||false|false&#8221; custom_padding=&#8221;||0px|||&#8221; global_colors_info=&#8221;{}&#8221;]<\/p>\n<p><strong>Snabbl\u00e4nkar:<\/strong><\/p>\n<p>[\/et_pb_text][et_pb_button button_url=&#8221;https:\/\/www.bonniernews.se\/&#8221; button_text=&#8221;Bonnier news &#8221; button_alignment=&#8221;left&#8221; _builder_version=&#8221;4.23.4&#8243; _module_preset=&#8221;default&#8221; custom_button=&#8221;on&#8221; button_text_size=&#8221;15px&#8221; button_text_color=&#8221;#FFFFFF&#8221; button_bg_color=&#8221;RGBA(255,255,255,0)&#8221; button_border_color=&#8221;RGBA(255,255,255,0)&#8221; button_border_radius=&#8221;0px&#8221; button_font=&#8221;Inter||||||||&#8221; button_icon=&#8221;&#x35;||divi||400&#8243; button_icon_color=&#8221;#dcca3a&#8221; custom_margin=&#8221;0px|0px|0px|0px|false|false&#8221; custom_padding=&#8221;0px|0px|0px|0px|false|false&#8221; global_colors_info=&#8221;{}&#8221;][\/et_pb_button][et_pb_button button_url=&#8221;https:\/\/www.bonniernews.se\/titlar-och-varumarken&#8221; button_text=&#8221;V\u00e5ra titlar och varum\u00e4rken &#8221; button_alignment=&#8221;left&#8221; _builder_version=&#8221;4.23.4&#8243; _module_preset=&#8221;default&#8221; custom_button=&#8221;on&#8221; button_text_size=&#8221;15px&#8221; button_text_color=&#8221;#FFFFFF&#8221; button_bg_color=&#8221;RGBA(255,255,255,0)&#8221; button_border_color=&#8221;RGBA(255,255,255,0)&#8221; button_border_radius=&#8221;0px&#8221; button_font=&#8221;Inter||||||||&#8221; button_icon=&#8221;&#x35;||divi||400&#8243; button_icon_color=&#8221;#dcca3a&#8221; custom_margin=&#8221;0px|0px|0px|0px|false|false&#8221; custom_padding=&#8221;0px|0px|0px|0px|false|false&#8221; global_colors_info=&#8221;{}&#8221;][\/et_pb_button][et_pb_button button_url=&#8221;https:\/\/mittjobb.ocast.com\/sv\/products\/4374\/mittjobb-annonspaket&#8221; button_text=&#8221;MittJobb rekryteringspaket&#8221; button_alignment=&#8221;left&#8221; _builder_version=&#8221;4.23.4&#8243; _module_preset=&#8221;default&#8221; custom_button=&#8221;on&#8221; button_text_size=&#8221;15px&#8221; button_text_color=&#8221;#FFFFFF&#8221; button_bg_color=&#8221;RGBA(255,255,255,0)&#8221; button_border_color=&#8221;RGBA(255,255,255,0)&#8221; button_border_radius=&#8221;0px&#8221; button_font=&#8221;Inter||||||||&#8221; button_icon=&#8221;&#x35;||divi||400&#8243; button_icon_color=&#8221;#dcca3a&#8221; custom_margin=&#8221;0px|0px|0px|0px|false|false&#8221; custom_padding=&#8221;0px|0px|0px|0px|false|false&#8221; global_colors_info=&#8221;{}&#8221;][\/et_pb_button][et_pb_button button_url=&#8221;https:\/\/brandstudio.bonniernews.se\/&#8221; button_text=&#8221;Brand Studio &#8211; content i v\u00e4rldsklass&#8221; button_alignment=&#8221;left&#8221; _builder_version=&#8221;4.23.4&#8243; _module_preset=&#8221;default&#8221; custom_button=&#8221;on&#8221; button_text_size=&#8221;15px&#8221; button_text_color=&#8221;#FFFFFF&#8221; button_bg_color=&#8221;RGBA(255,255,255,0)&#8221; button_border_color=&#8221;RGBA(255,255,255,0)&#8221; button_border_radius=&#8221;0px&#8221; button_font=&#8221;Inter||||||||&#8221; button_icon=&#8221;&#x35;||divi||400&#8243; button_icon_color=&#8221;#dcca3a&#8221; custom_margin=&#8221;0px|0px|0px|0px|false|false&#8221; custom_padding=&#8221;0px|0px|0px|0px|false|false&#8221; global_colors_info=&#8221;{}&#8221;][\/et_pb_button][et_pb_button button_url=&#8221;https:\/\/ocast.com\/se\/bonniernews-local-syd&#8221; button_text=&#8221;Ocast &#8211; statistik och annonsinformation&#8221; button_alignment=&#8221;left&#8221; _builder_version=&#8221;4.23.4&#8243; _module_preset=&#8221;default&#8221; custom_button=&#8221;on&#8221; button_text_size=&#8221;15px&#8221; button_text_color=&#8221;#FFFFFF&#8221; button_bg_color=&#8221;RGBA(255,255,255,0)&#8221; button_border_color=&#8221;RGBA(255,255,255,0)&#8221; button_border_radius=&#8221;0px&#8221; button_font=&#8221;Inter||||||||&#8221; button_icon=&#8221;&#x35;||divi||400&#8243; button_icon_color=&#8221;#dcca3a&#8221; custom_margin=&#8221;0px|0px|0px|0px|false|false&#8221; custom_padding=&#8221;0px|0px|0px|0px|false|false&#8221; global_colors_info=&#8221;{}&#8221;][\/et_pb_button][et_pb_button button_url=&#8221;https:\/\/hemsidan.bonniernewslocal.se\/&#8221; button_text=&#8221;Prisv\u00e4rda hemsidor&#8221; button_alignment=&#8221;left&#8221; _builder_version=&#8221;4.23.4&#8243; _module_preset=&#8221;default&#8221; custom_button=&#8221;on&#8221; button_text_size=&#8221;15px&#8221; button_text_color=&#8221;#FFFFFF&#8221; button_bg_color=&#8221;RGBA(255,255,255,0)&#8221; button_border_color=&#8221;RGBA(255,255,255,0)&#8221; button_border_radius=&#8221;0px&#8221; button_font=&#8221;Inter||||||||&#8221; button_icon=&#8221;&#x35;||divi||400&#8243; button_icon_color=&#8221;#dcca3a&#8221; custom_margin=&#8221;0px|0px|0px|0px|false|false&#8221; custom_padding=&#8221;0px|0px|0px|0px|false|false&#8221; global_colors_info=&#8221;{}&#8221;][\/et_pb_button][et_pb_button button_url=&#8221;https:\/\/brandstudio.bonniernews.se\/vara-losningar\/native\/&#8221; button_text=&#8221;Storytelling i Nativeformat&#8221; button_alignment=&#8221;left&#8221; _builder_version=&#8221;4.23.4&#8243; _module_preset=&#8221;default&#8221; custom_button=&#8221;on&#8221; button_text_size=&#8221;15px&#8221; button_text_color=&#8221;#FFFFFF&#8221; button_bg_color=&#8221;RGBA(255,255,255,0)&#8221; button_border_color=&#8221;RGBA(255,255,255,0)&#8221; button_border_radius=&#8221;0px&#8221; button_font=&#8221;Inter||||||||&#8221; button_icon=&#8221;&#x35;||divi||400&#8243; button_icon_color=&#8221;#dcca3a&#8221; custom_margin=&#8221;0px|0px|20px|0px|false|false&#8221; custom_padding=&#8221;0px|0px|0px|0px|false|false&#8221; global_colors_info=&#8221;{}&#8221;][\/et_pb_button][et_pb_text _builder_version=&#8221;4.23.4&#8243; _module_preset=&#8221;default&#8221; text_font=&#8221;Inter||||||||&#8221; text_text_color=&#8221;#dfdfde&#8221; custom_margin=&#8221;||||false|false&#8221; custom_padding=&#8221;8px||||false|false&#8221; global_colors_info=&#8221;{}&#8221;]<\/p>\n<p style=\"text-align: left;\">\u00a9 Copyright by Bonnier News 2024.<\/p>\n<p>[\/et_pb_text][\/et_pb_column][\/et_pb_row][\/et_pb_section]<\/p>\n","protected":false},"excerpt":{"rendered":"<p>Nordens st\u00f6rsta mediehus med lokalt hj\u00e4rta. Sedan 2020 har vi p\u00e5 V\u00e4rnamo Nyheter och Sm\u00e5l\u00e4nningen ing\u00e5tt i Bonnier News som fr\u00e5n platsen i h\u00e4ndelsernas centrum n\u00e5r \u00f6ver 6 miljoner svenskar varje dag. Detta ger oss en unik tillg\u00e5ng till m\u00e4ngder av data, och direkt insyn i m\u00e4nskliga f\u00f6reteelser som l\u00e5ter oss skapa kreativ och effektiv [&hellip;]<\/p>\n","protected":false},"author":1,"featured_media":0,"parent":0,"menu_order":0,"comment_status":"closed","ping_status":"closed","template":"page-template-blank.php","meta":{"_et_pb_use_builder":"on","_et_pb_old_content":"","_et_gb_content_width":"","inline_featured_image":false,"footnotes":""},"class_list":["post-588","page","type-page","status-publish","hentry"],"_links":{"self":[{"href":"https:\/\/site.bonniernewslocal.se\/rackviddskampanj\/wp-json\/wp\/v2\/pages\/588","targetHints":{"allow":["GET"]}}],"collection":[{"href":"https:\/\/site.bonniernewslocal.se\/rackviddskampanj\/wp-json\/wp\/v2\/pages"}],"about":[{"href":"https:\/\/site.bonniernewslocal.se\/rackviddskampanj\/wp-json\/wp\/v2\/types\/page"}],"author":[{"embeddable":true,"href":"https:\/\/site.bonniernewslocal.se\/rackviddskampanj\/wp-json\/wp\/v2\/users\/1"}],"replies":[{"embeddable":true,"href":"https:\/\/site.bonniernewslocal.se\/rackviddskampanj\/wp-json\/wp\/v2\/comments?post=588"}],"version-history":[{"count":24,"href":"https:\/\/site.bonniernewslocal.se\/rackviddskampanj\/wp-json\/wp\/v2\/pages\/588\/revisions"}],"predecessor-version":[{"id":780,"href":"https:\/\/site.bonniernewslocal.se\/rackviddskampanj\/wp-json\/wp\/v2\/pages\/588\/revisions\/780"}],"wp:attachment":[{"href":"https:\/\/site.bonniernewslocal.se\/rackviddskampanj\/wp-json\/wp\/v2\/media?parent=588"}],"curies":[{"name":"wp","href":"https:\/\/api.w.org\/{rel}","templated":true}]}}