{"id":29069,"date":"2025-09-04T14:57:39","date_gmt":"2025-09-04T12:57:39","guid":{"rendered":"https:\/\/site.bonniernewslocal.se\/mih\/?page_id=29069"},"modified":"2025-09-05T15:22:25","modified_gmt":"2025-09-05T13:22:25","slug":"hanna-bergstrom-och-william-styrlander","status":"publish","type":"page","link":"https:\/\/site.bonniernewslocal.se\/mih\/hanna-bergstrom-och-william-styrlander\/","title":{"rendered":"Hanna Bergstr\u00f6m och William Styrlander"},"content":{"rendered":"<p>[et_pb_section fb_built=&#8221;1&#8243; fullwidth=&#8221;on&#8221; disabled_on=&#8221;on|on|on&#8221; _builder_version=&#8221;4.16&#8243; custom_padding=&#8221;0px|0px|1px|0px&#8221; disabled=&#8221;on&#8221; global_colors_info=&#8221;{}&#8221;][et_pb_fullwidth_menu menu_id=&#8221;12&#8243; submenu_direction=&#8221;downwards&#8221; fullwidth_menu=&#8221;on&#8221; _builder_version=&#8221;4.16&#8243; menu_font=&#8221;Roboto|700|||||||&#8221; menu_text_color=&#8221;#ffffff&#8221; background_color=&#8221;#c7b565&#8243; text_orientation=&#8221;center&#8221; animation_style=&#8221;fade&#8221; global_colors_info=&#8221;{}&#8221;][\/et_pb_fullwidth_menu][\/et_pb_section][et_pb_section fb_built=&#8221;1&#8243; disabled_on=&#8221;off|off|off&#8221; _builder_version=&#8221;4.16&#8243; background_color=&#8221;#ead993&#8243; custom_padding=&#8221;0px|0px|0px|0px&#8221; global_colors_info=&#8221;{}&#8221;][et_pb_row _builder_version=&#8221;4.16&#8243; custom_padding=&#8221;21px|0px|20px|0px&#8221; global_colors_info=&#8221;{}&#8221;][et_pb_column type=&#8221;4_4&#8243; _builder_version=&#8221;4.16&#8243; custom_padding=&#8221;|||&#8221; global_colors_info=&#8221;{}&#8221; custom_padding__hover=&#8221;|||&#8221;][et_pb_button button_url=&#8221;https:\/\/site.bonniernewslocal.se\/mih\/#aretspersonlighet&#8221; button_text=&#8221;Tillbaka&#8221; button_alignment=&#8221;center&#8221; disabled_on=&#8221;|off|off&#8221; admin_label=&#8221;TILLBAKA&#8221; _builder_version=&#8221;4.27.4&#8243; custom_button=&#8221;on&#8221; button_text_size=&#8221;15&#8243; button_text_color=&#8221;#ffffff&#8221; button_bg_color=&#8221;rgba(255,255,255,0)&#8221; button_font=&#8221;Roboto|700|||||||&#8221; button_icon=&#8221;&#x4a;||divi||400&#8243; button_icon_placement=&#8221;left&#8221; button_on_hover=&#8221;off&#8221; background_layout=&#8221;dark&#8221; hover_enabled=&#8221;0&#8243; global_colors_info=&#8221;{}&#8221; button_text_size__hover_enabled=&#8221;off&#8221; button_one_text_size__hover_enabled=&#8221;off&#8221; button_two_text_size__hover_enabled=&#8221;off&#8221; button_text_color__hover_enabled=&#8221;off&#8221; button_one_text_color__hover_enabled=&#8221;off&#8221; button_two_text_color__hover_enabled=&#8221;off&#8221; button_border_width__hover_enabled=&#8221;off&#8221; button_one_border_width__hover_enabled=&#8221;off&#8221; button_two_border_width__hover_enabled=&#8221;off&#8221; button_border_color__hover_enabled=&#8221;off&#8221; button_one_border_color__hover_enabled=&#8221;off&#8221; button_two_border_color__hover_enabled=&#8221;off&#8221; button_border_radius__hover_enabled=&#8221;off&#8221; button_one_border_radius__hover_enabled=&#8221;off&#8221; button_two_border_radius__hover_enabled=&#8221;off&#8221; button_letter_spacing__hover_enabled=&#8221;off&#8221; button_one_letter_spacing__hover_enabled=&#8221;off&#8221; button_two_letter_spacing__hover_enabled=&#8221;off&#8221; button_bg_color__hover_enabled=&#8221;off&#8221; button_one_bg_color__hover_enabled=&#8221;off&#8221; button_two_bg_color__hover_enabled=&#8221;off&#8221; sticky_enabled=&#8221;0&#8243;][\/et_pb_button][\/et_pb_column][\/et_pb_row][\/et_pb_section][et_pb_section fb_built=&#8221;1&#8243; _builder_version=&#8221;4.16&#8243; custom_padding=&#8221;54px|0px|7px|0px&#8221; global_colors_info=&#8221;{}&#8221;][et_pb_row _builder_version=&#8221;4.16&#8243; background_size=&#8221;initial&#8221; background_position=&#8221;top_left&#8221; background_repeat=&#8221;repeat&#8221; global_colors_info=&#8221;{}&#8221;][et_pb_column type=&#8221;4_4&#8243; _builder_version=&#8221;4.16&#8243; custom_padding=&#8221;|||&#8221; global_colors_info=&#8221;{}&#8221; custom_padding__hover=&#8221;|||&#8221;][et_pb_image src=&#8221;https:\/\/site.bonniernewslocal.se\/mih\/wp-content\/uploads\/2025\/09\/bruket.jpg&#8221; title_text=&#8221;bruket&#8221; _builder_version=&#8221;4.27.4&#8243; global_colors_info=&#8221;{}&#8221;][\/et_pb_image][\/et_pb_column][\/et_pb_row][\/et_pb_section][et_pb_section fb_built=&#8221;1&#8243; _builder_version=&#8221;4.16&#8243; custom_padding=&#8221;12px|0px|0px|0px&#8221; global_colors_info=&#8221;{}&#8221;][et_pb_row custom_padding_last_edited=&#8221;on|phone&#8221; _builder_version=&#8221;4.16&#8243; background_size=&#8221;initial&#8221; background_position=&#8221;top_left&#8221; background_repeat=&#8221;repeat&#8221; custom_margin=&#8221;-10px||-10px|&#8221; custom_margin_tablet=&#8221;&#8221; custom_margin_phone=&#8221;||-20px|&#8221; custom_margin_last_edited=&#8221;on|phone&#8221; custom_padding=&#8221;10px|0px|15px|0px&#8221; custom_padding_tablet=&#8221;&#8221; custom_padding_phone=&#8221;0px||0px|&#8221; global_colors_info=&#8221;{}&#8221;][et_pb_column type=&#8221;4_4&#8243; _builder_version=&#8221;4.16&#8243; custom_padding=&#8221;|||&#8221; global_colors_info=&#8221;{}&#8221; custom_padding__hover=&#8221;|||&#8221;][et_pb_text disabled_on=&#8221;off|off|off&#8221; admin_label=&#8221;F\u00f6retag Rubrik&#8221; _builder_version=&#8221;4.27.4&#8243; text_font=&#8221;||||&#8221; text_text_color=&#8221;#1f1f1f&#8221; header_font=&#8221;Montserrat||||||||&#8221; header_text_color=&#8221;#1f1f1f&#8221; header_font_size=&#8221;48px&#8221; header_line_height=&#8221;1.3em&#8221; background_size=&#8221;initial&#8221; background_position=&#8221;top_left&#8221; background_repeat=&#8221;repeat&#8221; inline_fonts=&#8221;Roboto&#8221; global_colors_info=&#8221;{}&#8221;]<\/p>\n<h1><strong><span style=\"font-family: Roboto;\"> Hanna Bergstr\u00f6m och William Styrlander <<\/span><\/strong><\/h1>\n<p>[\/et_pb_text][\/et_pb_column][\/et_pb_row][et_pb_row column_structure=&#8221;1_2,1_2&#8243; _builder_version=&#8221;4.16&#8243; locked=&#8221;off&#8221; global_colors_info=&#8221;{}&#8221;][et_pb_column type=&#8221;1_2&#8243; _builder_version=&#8221;4.16&#8243; custom_padding=&#8221;|||&#8221; global_colors_info=&#8221;{}&#8221; custom_padding__hover=&#8221;|||&#8221;][et_pb_text admin_label=&#8221;F\u00f6retag Br\u00f6text&#8221; _builder_version=&#8221;4.27.4&#8243; text_font=&#8221;Lato||||||||&#8221; text_text_color=&#8221;#939393&#8243; text_font_size=&#8221;17px&#8221; header_font=&#8221;||||&#8221; background_size=&#8221;initial&#8221; background_position=&#8221;top_left&#8221; background_repeat=&#8221;repeat&#8221; max_width=&#8221;700px&#8221; custom_margin=&#8221;-30px|||&#8221; custom_padding=&#8221;|||&#8221; animation_style=&#8221;slide&#8221; animation_direction=&#8221;top&#8221; animation_intensity_slide=&#8221;4%&#8221; inline_fonts=&#8221;PT Serif&#8221; global_colors_info=&#8221;{}&#8221;]<\/p>\n<p class=\"p1\"> Hanna och William \u00e4r entrepren\u00f6rerna bakom Bruket Kaffebar och Bruket Bageri &#038; Handel p\u00e5 Bruksgatan i Helsingborg. Genom sitt fokus p\u00e5 lokala r\u00e5varor och h\u00e5llbart bakhantverk, har de utvecklat sin verksamhet med stark k\u00e4nsla f\u00f6r kvalitet. Paret har mottagit flera utm\u00e4rkelser. <\/p>\n<p>&nbsp;[\/et_pb_text][\/et_pb_column][et_pb_column type=&#8221;1_2&#8243; _builder_version=&#8221;4.16&#8243; custom_padding=&#8221;|||&#8221; global_colors_info=&#8221;{}&#8221; custom_padding__hover=&#8221;|||&#8221;][et_pb_text admin_label=&#8221;F\u00f6retag Br\u00f6text&#8221; _builder_version=&#8221;4.16&#8243; text_font=&#8221;Lato|700|||||||&#8221; text_text_color=&#8221;#939393&#8243; text_font_size=&#8221;17px&#8221; header_font=&#8221;||||&#8221; background_size=&#8221;initial&#8221; background_position=&#8221;top_left&#8221; background_repeat=&#8221;repeat&#8221; max_width=&#8221;700px&#8221; custom_margin=&#8221;-30px|||&#8221; custom_padding=&#8221;|||&#8221; animation_style=&#8221;slide&#8221; animation_direction=&#8221;top&#8221; animation_intensity_slide=&#8221;4%&#8221; inline_fonts=&#8221;PT Serif&#8221; global_colors_info=&#8221;{}&#8221;]<\/p>\n<p><span style=\"font-family: 'PT Serif';\">Motivering:<\/span><\/p>\n<p>[\/et_pb_text][et_pb_text admin_label=&#8221;F\u00f6retag Br\u00f6text&#8221; _builder_version=&#8221;4.27.4&#8243; text_font=&#8221;Lato||on||||||&#8221; text_text_color=&#8221;#939393&#8243; text_font_size=&#8221;17px&#8221; header_font=&#8221;||||&#8221; background_size=&#8221;initial&#8221; background_position=&#8221;top_left&#8221; background_repeat=&#8221;repeat&#8221; max_width=&#8221;700px&#8221; custom_margin=&#8221;-30px|||&#8221; custom_padding=&#8221;|||&#8221; animation_style=&#8221;slide&#8221; animation_direction=&#8221;top&#8221; animation_intensity_slide=&#8221;4%&#8221; inline_fonts=&#8221;PT Serif&#8221; global_colors_info=&#8221;{}&#8221;]<\/p>\n<p class=\"p1\"> Med passion, mod och kreativitet har Hanna och William skapat mer \u00e4n bara caf\u00e9er \u2013 de har byggt platser d\u00e4r m\u00e4nniskor m\u00f6ts, id\u00e9er f\u00f6ds och h\u00e5llbar utveckling f\u00e5r ta plats. Det har gjort dem till trefaldiga vinnare av \u00c5rets Caf\u00e9 och de har \u00e4ven f\u00e5tt White Guides utm\u00e4rkelse i M\u00e4starklass. Genom sin expansion har de inte bara skapat nya verksamheter utan ocks\u00e5 engagerat sig i lokala initiativ f\u00f6r klimat och samh\u00e4llsutveckling. Hanna och William \u00e4r f\u00f6rebilder f\u00f6r entrepren\u00f6rskap med hj\u00e4rta, h\u00e5llbarhet och kreativitet och deras drivkraft \u00e4r en inspirationsk\u00e4lla f\u00f6r andra entrepren\u00f6rer som vill f\u00f6rena aff\u00e4rsm\u00e4ssighet med omtanke.\n<\/p>\n<p><span style=\"font-family: 'PT Serif';\">\u00a0<\/span>[\/et_pb_text][\/et_pb_column][\/et_pb_row][\/et_pb_section][et_pb_section fb_built=&#8221;1&#8243; disabled_on=&#8221;on|on|on&#8221; admin_label=&#8221;Gallery&#8221; _builder_version=&#8221;4.16&#8243; background_color_gradient_direction=&#8221;90deg&#8221; custom_padding=&#8221;0px|0px|0px|0px&#8221; disabled=&#8221;on&#8221; locked=&#8221;off&#8221; global_colors_info=&#8221;{}&#8221;][et_pb_row column_structure=&#8221;1_2,1_2&#8243; use_custom_gutter=&#8221;on&#8221; gutter_width=&#8221;1&#8243; make_equal=&#8221;on&#8221; admin_label=&#8221;Best Beans Row&#8221; module_class=&#8221; et_pb_row_fullwidth&#8221; _builder_version=&#8221;4.16&#8243; width=&#8221;100%&#8221; width_tablet=&#8221;100%&#8221; width_phone=&#8221;&#8221; width_last_edited=&#8221;on|desktop&#8221; max_width=&#8221;100%&#8221; max_width_tablet=&#8221;100%&#8221; max_width_phone=&#8221;&#8221; max_width_last_edited=&#8221;on|desktop&#8221; custom_margin=&#8221;|||&#8221; custom_padding=&#8221;0px|0px|0px|0px&#8221; make_fullwidth=&#8221;on&#8221; global_colors_info=&#8221;{}&#8221;][et_pb_column type=&#8221;1_2&#8243; _builder_version=&#8221;4.16&#8243; custom_padding=&#8221;|||&#8221; global_colors_info=&#8221;{}&#8221; custom_padding__hover=&#8221;|||&#8221;][et_pb_image src=&#8221;https:\/\/site.bonniernewslocal.se\/mih\/wp-content\/uploads\/2018\/09\/vala1.jpg&#8221; force_fullwidth=&#8221;on&#8221; align_tablet=&#8221;center&#8221; align_phone=&#8221;&#8221; align_last_edited=&#8221;on|desktop&#8221; admin_label=&#8221;Bilder 2017&#8243; _builder_version=&#8221;4.16&#8243; animation_style=&#8221;slide&#8221; animation_direction=&#8221;right&#8221; always_center_on_mobile=&#8221;on&#8221; locked=&#8221;off&#8221; global_colors_info=&#8221;{}&#8221;]&nbsp;<br \/>\n[\/et_pb_image][\/et_pb_column][et_pb_column type=&#8221;1_2&#8243; _builder_version=&#8221;4.16&#8243; custom_padding=&#8221;|||&#8221; global_colors_info=&#8221;{}&#8221; custom_padding__hover=&#8221;|||&#8221;][et_pb_image src=&#8221;https:\/\/site.bonniernewslocal.se\/mih\/wp-content\/uploads\/2018\/09\/vala2.jpg&#8221; force_fullwidth=&#8221;on&#8221; align_tablet=&#8221;center&#8221; align_phone=&#8221;&#8221; align_last_edited=&#8221;on|desktop&#8221; admin_label=&#8221;Bilder 2017&#8243; _builder_version=&#8221;4.16&#8243; animation_style=&#8221;slide&#8221; always_center_on_mobile=&#8221;on&#8221; global_colors_info=&#8221;{}&#8221;]&nbsp;<br \/>\n[\/et_pb_image][\/et_pb_column][\/et_pb_row][\/et_pb_section][et_pb_section fb_built=&#8221;1&#8243; _builder_version=&#8221;4.27.4&#8243; background_color=&#8221;#ffc11d&#8221; custom_padding=&#8221;36px|||||&#8221; top_divider_color=&#8221;#FFFFFF&#8221; global_module=&#8221;28266&#8243; saved_tabs=&#8221;all&#8221; global_colors_info=&#8221;{}&#8221;][et_pb_row column_structure=&#8221;1_4,1_4,1_4,1_4&#8243; _builder_version=&#8221;4.16&#8243; background_size=&#8221;initial&#8221; background_position=&#8221;top_left&#8221; background_repeat=&#8221;repeat&#8221; custom_margin=&#8221;24px|auto||auto||&#8221; custom_padding=&#8221;27px|0px|8px|0px&#8221; global_colors_info=&#8221;{}&#8221;][et_pb_column type=&#8221;1_4&#8243; _builder_version=&#8221;4.16&#8243; custom_padding=&#8221;|||&#8221; global_colors_info=&#8221;{}&#8221; custom_padding__hover=&#8221;|||&#8221;][et_pb_image src=&#8221;https:\/\/site.bonniernewslocal.se\/mih\/wp-content\/uploads\/2018\/08\/mih.png&#8221; title_text=&#8221;mih&#8221; align_tablet=&#8221;center&#8221; align_phone=&#8221;&#8221; align_last_edited=&#8221;on|desktop&#8221; _builder_version=&#8221;4.27.4&#8243; max_width=&#8221;71%&#8221; max_width_last_edited=&#8221;off|desktop&#8221; global_colors_info=&#8221;{}&#8221;][\/et_pb_image][et_pb_text _builder_version=&#8221;4.27.4&#8243; text_font=&#8221;Roboto|500|||||||&#8221; text_text_color=&#8221;#000000&#8243; background_layout=&#8221;dark&#8221; global_colors_info=&#8221;{}&#8221;]<\/p>\n<p><span style=\"font-size: large;\"><strong>Kontakt<\/strong><\/span><\/p>\n<p><strong>Adress:<\/strong><\/p>\n<div>J\u00e4rnv\u00e4gsgatan 18<\/div>\n<div>252 78 Helsingborg<\/div>\n<p>E-post: <a href=\"mailto:info@mih.m.se\">info@mih.m.se<\/a><\/p>\n<p>Org.nr: 843002-3559<\/p>\n<p>[\/et_pb_text][\/et_pb_column][et_pb_column type=&#8221;1_4&#8243; _builder_version=&#8221;4.16&#8243; custom_padding=&#8221;|||&#8221; global_colors_info=&#8221;{}&#8221; custom_padding__hover=&#8221;|||&#8221;][\/et_pb_column][et_pb_column type=&#8221;1_4&#8243; _builder_version=&#8221;4.16&#8243; custom_padding=&#8221;|||&#8221; global_colors_info=&#8221;{}&#8221; custom_padding__hover=&#8221;|||&#8221;][\/et_pb_column][et_pb_column type=&#8221;1_4&#8243; _builder_version=&#8221;4.16&#8243; custom_padding=&#8221;|||&#8221; global_colors_info=&#8221;{}&#8221; custom_padding__hover=&#8221;|||&#8221;][et_pb_text _builder_version=&#8221;4.27.4&#8243; text_font=&#8221;Roboto||||||||&#8221; text_text_color=&#8221;#000000&#8243; background_layout=&#8221;dark&#8221; custom_padding=&#8221;80px|||&#8221; global_colors_info=&#8221;{}&#8221;]<\/p>\n<p><span style=\"font-size: large;\"><strong>MiH Online<\/strong><\/span><\/p>\n<p>[\/et_pb_text][et_pb_social_media_follow icon_color=&#8221;#000000&#8243; _builder_version=&#8221;4.27.4&#8243; global_colors_info=&#8221;{}&#8221;][et_pb_social_media_follow_network social_network=&#8221;facebook&#8221; url=&#8221;https:\/\/www.facebook.com\/marknadsforeningen&#8221; _builder_version=&#8221;4.22.1&#8243; global_colors_info=&#8221;{}&#8221; follow_button=&#8221;off&#8221; url_new_window=&#8221;on&#8221;]facebook[\/et_pb_social_media_follow_network][et_pb_social_media_follow_network social_network=&#8221;instagram&#8221; url=&#8221;https:\/\/www.instagram.com\/marknadsforeningenhbg&#8221; _builder_version=&#8221;4.22.1&#8243; global_colors_info=&#8221;{}&#8221; follow_button=&#8221;off&#8221; url_new_window=&#8221;on&#8221;]instagram[\/et_pb_social_media_follow_network][et_pb_social_media_follow_network social_network=&#8221;linkedin&#8221; url=&#8221;https:\/\/www.linkedin.com\/company\/mihbg&#8221; _builder_version=&#8221;4.22.1&#8243; global_colors_info=&#8221;{}&#8221; follow_button=&#8221;off&#8221; url_new_window=&#8221;on&#8221;]linkedin[\/et_pb_social_media_follow_network][\/et_pb_social_media_follow][\/et_pb_column][\/et_pb_row][et_pb_row _builder_version=&#8221;4.16&#8243; background_size=&#8221;initial&#8221; background_position=&#8221;top_left&#8221; background_repeat=&#8221;repeat&#8221; custom_padding=&#8221;27px|0px|0px|0px&#8221; global_colors_info=&#8221;{}&#8221;][et_pb_column type=&#8221;4_4&#8243; _builder_version=&#8221;4.16&#8243; custom_padding=&#8221;|||&#8221; global_colors_info=&#8221;{}&#8221; custom_padding__hover=&#8221;|||&#8221;][et_pb_divider color=&#8221;#000000&#8243; _builder_version=&#8221;4.27.4&#8243; background_color=&#8221;#ffffff&#8221; height=&#8221;1px&#8221; custom_margin=&#8221;||-15px|&#8221; custom_padding=&#8221;||-15px|&#8221; filter_opacity=&#8221;37%&#8221; global_colors_info=&#8221;{}&#8221;][\/et_pb_divider][\/et_pb_column][\/et_pb_row][et_pb_row _builder_version=&#8221;4.16&#8243; background_size=&#8221;initial&#8221; background_position=&#8221;top_left&#8221; background_repeat=&#8221;repeat&#8221; custom_padding=&#8221;19px|0px|27px|0px&#8221; global_colors_info=&#8221;{}&#8221;][et_pb_column type=&#8221;4_4&#8243; _builder_version=&#8221;4.16&#8243; custom_padding=&#8221;|||&#8221; global_colors_info=&#8221;{}&#8221; custom_padding__hover=&#8221;|||&#8221;][et_pb_text _builder_version=&#8221;4.27.4&#8243; text_font=&#8221;Roboto||||||||&#8221; text_text_color=&#8221;#000000&#8243; text_font_size=&#8221;12&#8243; background_layout=&#8221;dark&#8221; global_colors_info=&#8221;{}&#8221;]<\/p>\n<p>Marknadsf\u00f6reningen i Helsingborgsregionen Copyright \u00a9 2025<\/p>\n<p>[\/et_pb_text][\/et_pb_column][\/et_pb_row][\/et_pb_section]<\/p>\n","protected":false},"excerpt":{"rendered":"<p>Hanna Bergstr\u00f6m och William Styrlander<\/p>\n","protected":false},"author":1,"featured_media":0,"parent":0,"menu_order":0,"comment_status":"closed","ping_status":"closed","template":"","meta":{"_et_pb_use_builder":"on","_et_pb_old_content":"","_et_gb_content_width":"","om_disable_all_campaigns":false,"footnotes":""},"class_list":["post-29069","page","type-page","status-publish","hentry"],"_links":{"self":[{"href":"https:\/\/site.bonniernewslocal.se\/mih\/wp-json\/wp\/v2\/pages\/29069","targetHints":{"allow":["GET"]}}],"collection":[{"href":"https:\/\/site.bonniernewslocal.se\/mih\/wp-json\/wp\/v2\/pages"}],"about":[{"href":"https:\/\/site.bonniernewslocal.se\/mih\/wp-json\/wp\/v2\/types\/page"}],"author":[{"embeddable":true,"href":"https:\/\/site.bonniernewslocal.se\/mih\/wp-json\/wp\/v2\/users\/1"}],"replies":[{"embeddable":true,"href":"https:\/\/site.bonniernewslocal.se\/mih\/wp-json\/wp\/v2\/comments?post=29069"}],"version-history":[{"count":3,"href":"https:\/\/site.bonniernewslocal.se\/mih\/wp-json\/wp\/v2\/pages\/29069\/revisions"}],"predecessor-version":[{"id":29300,"href":"https:\/\/site.bonniernewslocal.se\/mih\/wp-json\/wp\/v2\/pages\/29069\/revisions\/29300"}],"wp:attachment":[{"href":"https:\/\/site.bonniernewslocal.se\/mih\/wp-json\/wp\/v2\/media?parent=29069"}],"curies":[{"name":"wp","href":"https:\/\/api.w.org\/{rel}","templated":true}]}}