{"id":28985,"date":"2025-09-03T16:08:57","date_gmt":"2025-09-03T14:08:57","guid":{"rendered":"https:\/\/site.bonniernewslocal.se\/mih\/?page_id=28985"},"modified":"2025-09-05T15:27:00","modified_gmt":"2025-09-05T13:27:00","slug":"foodtel-2","status":"publish","type":"page","link":"https:\/\/site.bonniernewslocal.se\/mih\/foodtel-2\/","title":{"rendered":"Foodtel"},"content":{"rendered":"<p>[et_pb_section fb_built=&#8221;1&#8243; fullwidth=&#8221;on&#8221; disabled_on=&#8221;on|on|on&#8221; _builder_version=&#8221;4.16&#8243; custom_padding=&#8221;0px|0px|1px|0px&#8221; disabled=&#8221;on&#8221; global_colors_info=&#8221;{}&#8221;][et_pb_fullwidth_menu menu_id=&#8221;12&#8243; submenu_direction=&#8221;downwards&#8221; fullwidth_menu=&#8221;on&#8221; _builder_version=&#8221;4.16&#8243; menu_font=&#8221;Roboto|700|||||||&#8221; menu_text_color=&#8221;#ffffff&#8221; background_color=&#8221;#c7b565&#8243; text_orientation=&#8221;center&#8221; animation_style=&#8221;fade&#8221; global_colors_info=&#8221;{}&#8221;][\/et_pb_fullwidth_menu][\/et_pb_section][et_pb_section fb_built=&#8221;1&#8243; disabled_on=&#8221;off|off|off&#8221; _builder_version=&#8221;4.16&#8243; background_color=&#8221;#ead993&#8243; custom_padding=&#8221;0px|0px|0px|0px&#8221; global_colors_info=&#8221;{}&#8221;][et_pb_row _builder_version=&#8221;4.16&#8243; custom_padding=&#8221;21px|0px|20px|0px&#8221; global_colors_info=&#8221;{}&#8221;][et_pb_column type=&#8221;4_4&#8243; _builder_version=&#8221;4.16&#8243; custom_padding=&#8221;|||&#8221; global_colors_info=&#8221;{}&#8221; custom_padding__hover=&#8221;|||&#8221;][et_pb_button button_url=&#8221;https:\/\/site.bonniernewslocal.se\/mih\/#aretsstartup&#8221; button_text=&#8221;Tillbaka&#8221; button_alignment=&#8221;center&#8221; disabled_on=&#8221;|off|off&#8221; admin_label=&#8221;TILLBAKA&#8221; _builder_version=&#8221;4.27.4&#8243; custom_button=&#8221;on&#8221; button_text_size=&#8221;15&#8243; button_text_color=&#8221;#ffffff&#8221; button_bg_color=&#8221;rgba(255,255,255,0)&#8221; button_font=&#8221;Roboto|700|||||||&#8221; button_icon=&#8221;&#x4a;||divi||400&#8243; button_icon_placement=&#8221;left&#8221; button_on_hover=&#8221;off&#8221; background_layout=&#8221;dark&#8221; hover_enabled=&#8221;0&#8243; global_colors_info=&#8221;{}&#8221; button_text_size__hover_enabled=&#8221;off&#8221; button_one_text_size__hover_enabled=&#8221;off&#8221; button_two_text_size__hover_enabled=&#8221;off&#8221; button_text_color__hover_enabled=&#8221;off&#8221; button_one_text_color__hover_enabled=&#8221;off&#8221; button_two_text_color__hover_enabled=&#8221;off&#8221; button_border_width__hover_enabled=&#8221;off&#8221; button_one_border_width__hover_enabled=&#8221;off&#8221; button_two_border_width__hover_enabled=&#8221;off&#8221; button_border_color__hover_enabled=&#8221;off&#8221; button_one_border_color__hover_enabled=&#8221;off&#8221; button_two_border_color__hover_enabled=&#8221;off&#8221; button_border_radius__hover_enabled=&#8221;off&#8221; button_one_border_radius__hover_enabled=&#8221;off&#8221; button_two_border_radius__hover_enabled=&#8221;off&#8221; button_letter_spacing__hover_enabled=&#8221;off&#8221; button_one_letter_spacing__hover_enabled=&#8221;off&#8221; button_two_letter_spacing__hover_enabled=&#8221;off&#8221; button_bg_color__hover_enabled=&#8221;off&#8221; button_one_bg_color__hover_enabled=&#8221;off&#8221; button_two_bg_color__hover_enabled=&#8221;off&#8221; sticky_enabled=&#8221;0&#8243;][\/et_pb_button][\/et_pb_column][\/et_pb_row][\/et_pb_section][et_pb_section fb_built=&#8221;1&#8243; _builder_version=&#8221;4.16&#8243; custom_padding=&#8221;54px|0px|7px|0px&#8221; global_colors_info=&#8221;{}&#8221;][et_pb_row _builder_version=&#8221;4.16&#8243; background_size=&#8221;initial&#8221; background_position=&#8221;top_left&#8221; background_repeat=&#8221;repeat&#8221; global_colors_info=&#8221;{}&#8221;][et_pb_column type=&#8221;4_4&#8243; _builder_version=&#8221;4.16&#8243; custom_padding=&#8221;|||&#8221; global_colors_info=&#8221;{}&#8221; custom_padding__hover=&#8221;|||&#8221;][et_pb_image src=&#8221;https:\/\/site.bonniernewslocal.se\/mih\/wp-content\/uploads\/2025\/09\/foodtel.jpg&#8221; title_text=&#8221;foodtel&#8221; _builder_version=&#8221;4.27.4&#8243; global_colors_info=&#8221;{}&#8221;][\/et_pb_image][\/et_pb_column][\/et_pb_row][\/et_pb_section][et_pb_section fb_built=&#8221;1&#8243; _builder_version=&#8221;4.16&#8243; custom_padding=&#8221;12px|0px|0px|0px&#8221; global_colors_info=&#8221;{}&#8221;][et_pb_row custom_padding_last_edited=&#8221;on|phone&#8221; _builder_version=&#8221;4.16&#8243; background_size=&#8221;initial&#8221; background_position=&#8221;top_left&#8221; background_repeat=&#8221;repeat&#8221; custom_margin=&#8221;-10px||-10px|&#8221; custom_margin_tablet=&#8221;&#8221; custom_margin_phone=&#8221;||-20px|&#8221; custom_margin_last_edited=&#8221;on|phone&#8221; custom_padding=&#8221;10px|0px|15px|0px&#8221; custom_padding_tablet=&#8221;&#8221; custom_padding_phone=&#8221;0px||0px|&#8221; global_colors_info=&#8221;{}&#8221;][et_pb_column type=&#8221;4_4&#8243; _builder_version=&#8221;4.16&#8243; custom_padding=&#8221;|||&#8221; global_colors_info=&#8221;{}&#8221; custom_padding__hover=&#8221;|||&#8221;][et_pb_text disabled_on=&#8221;off|off|off&#8221; admin_label=&#8221;F\u00f6retag Rubrik&#8221; _builder_version=&#8221;4.27.4&#8243; text_font=&#8221;||||&#8221; text_text_color=&#8221;#1f1f1f&#8221; header_font=&#8221;Montserrat||||||||&#8221; header_text_color=&#8221;#1f1f1f&#8221; header_font_size=&#8221;48px&#8221; header_line_height=&#8221;1.3em&#8221; background_size=&#8221;initial&#8221; background_position=&#8221;top_left&#8221; background_repeat=&#8221;repeat&#8221; inline_fonts=&#8221;Roboto&#8221; global_colors_info=&#8221;{}&#8221;]<\/p>\n<h1><strong><span style=\"font-family: Roboto;\">Foodtel<\/span><\/strong><\/h1>\n<p>[\/et_pb_text][\/et_pb_column][\/et_pb_row][et_pb_row column_structure=&#8221;1_2,1_2&#8243; _builder_version=&#8221;4.16&#8243; locked=&#8221;off&#8221; global_colors_info=&#8221;{}&#8221;][et_pb_column type=&#8221;1_2&#8243; _builder_version=&#8221;4.16&#8243; custom_padding=&#8221;|||&#8221; global_colors_info=&#8221;{}&#8221; custom_padding__hover=&#8221;|||&#8221;][et_pb_text admin_label=&#8221;F\u00f6retag Br\u00f6text&#8221; _builder_version=&#8221;4.27.4&#8243; text_font=&#8221;Lato||||||||&#8221; text_text_color=&#8221;#939393&#8243; text_font_size=&#8221;17px&#8221; header_font=&#8221;||||&#8221; background_size=&#8221;initial&#8221; background_position=&#8221;top_left&#8221; background_repeat=&#8221;repeat&#8221; max_width=&#8221;700px&#8221; custom_margin=&#8221;-30px|||&#8221; custom_padding=&#8221;|||&#8221; animation_style=&#8221;slide&#8221; animation_direction=&#8221;top&#8221; animation_intensity_slide=&#8221;4%&#8221; inline_fonts=&#8221;PT Serif&#8221; global_colors_info=&#8221;{}&#8221;]<\/p>\n<p class=\"p1\"> Foodtel \u00e4r ett Helsingborgsbaserat techbolag som utvecklar digitala l\u00f6sningar f\u00f6r att minska matsvinn i restaurang- och livsmedelsbranschen. Deras digitala plattform analyserar temperaturavvikelser och r\u00e4knar ut \u00e5terst\u00e5ende h\u00e5llbarhet, vilket hindrar mat fr\u00e5n att sl\u00e4ngas i on\u00f6dan. Deras plattform bidrar till b\u00e5de ekonomiska besparingar och minskad klimatp\u00e5verkan f\u00f6r s\u00e5v\u00e4l butik, restauranger och hotell. <\/p>\n<p>&nbsp;[\/et_pb_text][\/et_pb_column][et_pb_column type=&#8221;1_2&#8243; _builder_version=&#8221;4.16&#8243; custom_padding=&#8221;|||&#8221; global_colors_info=&#8221;{}&#8221; custom_padding__hover=&#8221;|||&#8221;][et_pb_text admin_label=&#8221;F\u00f6retag Br\u00f6text&#8221; _builder_version=&#8221;4.16&#8243; text_font=&#8221;Lato|700|||||||&#8221; text_text_color=&#8221;#939393&#8243; text_font_size=&#8221;17px&#8221; header_font=&#8221;||||&#8221; background_size=&#8221;initial&#8221; background_position=&#8221;top_left&#8221; background_repeat=&#8221;repeat&#8221; max_width=&#8221;700px&#8221; custom_margin=&#8221;-30px|||&#8221; custom_padding=&#8221;|||&#8221; animation_style=&#8221;slide&#8221; animation_direction=&#8221;top&#8221; animation_intensity_slide=&#8221;4%&#8221; inline_fonts=&#8221;PT Serif&#8221; global_colors_info=&#8221;{}&#8221;]<\/p>\n<p><span style=\"font-family: 'PT Serif';\">Motivering:<\/span><\/p>\n<p>[\/et_pb_text][et_pb_text admin_label=&#8221;F\u00f6retag Br\u00f6text&#8221; _builder_version=&#8221;4.27.4&#8243; text_font=&#8221;Lato||on||||||&#8221; text_text_color=&#8221;#939393&#8243; text_font_size=&#8221;17px&#8221; header_font=&#8221;||||&#8221; background_size=&#8221;initial&#8221; background_position=&#8221;top_left&#8221; background_repeat=&#8221;repeat&#8221; max_width=&#8221;700px&#8221; custom_margin=&#8221;-30px|||&#8221; custom_padding=&#8221;|||&#8221; animation_style=&#8221;slide&#8221; animation_direction=&#8221;top&#8221; animation_intensity_slide=&#8221;4%&#8221; inline_fonts=&#8221;PT Serif&#8221; global_colors_info=&#8221;{}&#8221;]<\/p>\n<p class=\"p1\"> Foodtel visar verklig aff\u00e4rsmodighet \u2013 genom att omvandla kylkedjans utmaningar till h\u00e5llbara l\u00f6sningar. Sedan lanseringen v\u00e5ren 2023 har Foodtel r\u00e4ddat \u00f6ver\u00a0700 ton mat, motsvarande mer \u00e4n\u00a02 800 ton CO\u2082e\u00a0\u2013 lika mycket som omkring\u00a05 500 bilresor tur och retur mellan Helsingborg och Kiruna. De har dessutom s\u00e4krat strategiskt kapital fr\u00e5n Novax\/Axel Johnson \u2013 ett tydligt kvitto p\u00e5 deras tillv\u00e4xtpotential och trov\u00e4rdighet. De bevisar att h\u00e5llbar digitalisering inte bara \u00e4r smart, det \u00e4r sj\u00e4lva framtiden f\u00f6r aff\u00e4ren. Och nu v\u00e4xer Foodtel s\u00e5 det knakar. <\/p>\n<p><span style=\"font-family: 'PT Serif';\">\u00a0<\/span>[\/et_pb_text][\/et_pb_column][\/et_pb_row][\/et_pb_section][et_pb_section fb_built=&#8221;1&#8243; disabled_on=&#8221;on|on|on&#8221; admin_label=&#8221;Gallery&#8221; _builder_version=&#8221;4.16&#8243; background_color_gradient_direction=&#8221;90deg&#8221; custom_padding=&#8221;0px|0px|0px|0px&#8221; disabled=&#8221;on&#8221; locked=&#8221;off&#8221; global_colors_info=&#8221;{}&#8221;][et_pb_row column_structure=&#8221;1_2,1_2&#8243; use_custom_gutter=&#8221;on&#8221; gutter_width=&#8221;1&#8243; make_equal=&#8221;on&#8221; admin_label=&#8221;Best Beans Row&#8221; module_class=&#8221; et_pb_row_fullwidth&#8221; _builder_version=&#8221;4.16&#8243; width=&#8221;100%&#8221; width_tablet=&#8221;100%&#8221; width_phone=&#8221;&#8221; width_last_edited=&#8221;on|desktop&#8221; max_width=&#8221;100%&#8221; max_width_tablet=&#8221;100%&#8221; max_width_phone=&#8221;&#8221; max_width_last_edited=&#8221;on|desktop&#8221; custom_margin=&#8221;|||&#8221; custom_padding=&#8221;0px|0px|0px|0px&#8221; make_fullwidth=&#8221;on&#8221; global_colors_info=&#8221;{}&#8221;][et_pb_column type=&#8221;1_2&#8243; _builder_version=&#8221;4.16&#8243; custom_padding=&#8221;|||&#8221; global_colors_info=&#8221;{}&#8221; custom_padding__hover=&#8221;|||&#8221;][et_pb_image src=&#8221;https:\/\/site.bonniernewslocal.se\/mih\/wp-content\/uploads\/2018\/09\/vala1.jpg&#8221; force_fullwidth=&#8221;on&#8221; align_tablet=&#8221;center&#8221; align_phone=&#8221;&#8221; align_last_edited=&#8221;on|desktop&#8221; admin_label=&#8221;Bilder 2017&#8243; _builder_version=&#8221;4.16&#8243; animation_style=&#8221;slide&#8221; animation_direction=&#8221;right&#8221; always_center_on_mobile=&#8221;on&#8221; locked=&#8221;off&#8221; global_colors_info=&#8221;{}&#8221;]&nbsp;<br \/>\n[\/et_pb_image][\/et_pb_column][et_pb_column type=&#8221;1_2&#8243; _builder_version=&#8221;4.16&#8243; custom_padding=&#8221;|||&#8221; global_colors_info=&#8221;{}&#8221; custom_padding__hover=&#8221;|||&#8221;][et_pb_image src=&#8221;https:\/\/site.bonniernewslocal.se\/mih\/wp-content\/uploads\/2018\/09\/vala2.jpg&#8221; force_fullwidth=&#8221;on&#8221; align_tablet=&#8221;center&#8221; align_phone=&#8221;&#8221; align_last_edited=&#8221;on|desktop&#8221; admin_label=&#8221;Bilder 2017&#8243; _builder_version=&#8221;4.16&#8243; animation_style=&#8221;slide&#8221; always_center_on_mobile=&#8221;on&#8221; global_colors_info=&#8221;{}&#8221;]&nbsp;<br \/>\n[\/et_pb_image][\/et_pb_column][\/et_pb_row][\/et_pb_section][et_pb_section fb_built=&#8221;1&#8243; _builder_version=&#8221;4.27.4&#8243; background_color=&#8221;#ffc11d&#8221; custom_padding=&#8221;36px|||||&#8221; top_divider_color=&#8221;#FFFFFF&#8221; global_module=&#8221;28266&#8243; saved_tabs=&#8221;all&#8221; global_colors_info=&#8221;{}&#8221;][et_pb_row column_structure=&#8221;1_4,1_4,1_4,1_4&#8243; _builder_version=&#8221;4.16&#8243; background_size=&#8221;initial&#8221; background_position=&#8221;top_left&#8221; background_repeat=&#8221;repeat&#8221; custom_margin=&#8221;24px|auto||auto||&#8221; custom_padding=&#8221;27px|0px|8px|0px&#8221; global_colors_info=&#8221;{}&#8221;][et_pb_column type=&#8221;1_4&#8243; _builder_version=&#8221;4.16&#8243; custom_padding=&#8221;|||&#8221; global_colors_info=&#8221;{}&#8221; custom_padding__hover=&#8221;|||&#8221;][et_pb_image src=&#8221;https:\/\/site.bonniernewslocal.se\/mih\/wp-content\/uploads\/2018\/08\/mih.png&#8221; title_text=&#8221;mih&#8221; align_tablet=&#8221;center&#8221; align_phone=&#8221;&#8221; align_last_edited=&#8221;on|desktop&#8221; _builder_version=&#8221;4.27.4&#8243; max_width=&#8221;71%&#8221; max_width_last_edited=&#8221;off|desktop&#8221; global_colors_info=&#8221;{}&#8221;][\/et_pb_image][et_pb_text _builder_version=&#8221;4.27.4&#8243; text_font=&#8221;Roboto|500|||||||&#8221; text_text_color=&#8221;#000000&#8243; background_layout=&#8221;dark&#8221; global_colors_info=&#8221;{}&#8221;]<\/p>\n<p><span style=\"font-size: large;\"><strong>Kontakt<\/strong><\/span><\/p>\n<p><strong>Adress:<\/strong><\/p>\n<div>J\u00e4rnv\u00e4gsgatan 18<\/div>\n<div>252 78 Helsingborg<\/div>\n<p>E-post: <a href=\"mailto:info@mih.m.se\">info@mih.m.se<\/a><\/p>\n<p>Org.nr: 843002-3559<\/p>\n<p>[\/et_pb_text][\/et_pb_column][et_pb_column type=&#8221;1_4&#8243; _builder_version=&#8221;4.16&#8243; custom_padding=&#8221;|||&#8221; global_colors_info=&#8221;{}&#8221; custom_padding__hover=&#8221;|||&#8221;][\/et_pb_column][et_pb_column type=&#8221;1_4&#8243; _builder_version=&#8221;4.16&#8243; custom_padding=&#8221;|||&#8221; global_colors_info=&#8221;{}&#8221; custom_padding__hover=&#8221;|||&#8221;][\/et_pb_column][et_pb_column type=&#8221;1_4&#8243; _builder_version=&#8221;4.16&#8243; custom_padding=&#8221;|||&#8221; global_colors_info=&#8221;{}&#8221; custom_padding__hover=&#8221;|||&#8221;][et_pb_text _builder_version=&#8221;4.27.4&#8243; text_font=&#8221;Roboto||||||||&#8221; text_text_color=&#8221;#000000&#8243; background_layout=&#8221;dark&#8221; custom_padding=&#8221;80px|||&#8221; global_colors_info=&#8221;{}&#8221;]<\/p>\n<p><span style=\"font-size: large;\"><strong>MiH Online<\/strong><\/span><\/p>\n<p>[\/et_pb_text][et_pb_social_media_follow icon_color=&#8221;#000000&#8243; _builder_version=&#8221;4.27.4&#8243; global_colors_info=&#8221;{}&#8221;][et_pb_social_media_follow_network social_network=&#8221;facebook&#8221; url=&#8221;https:\/\/www.facebook.com\/marknadsforeningen&#8221; _builder_version=&#8221;4.22.1&#8243; global_colors_info=&#8221;{}&#8221; follow_button=&#8221;off&#8221; url_new_window=&#8221;on&#8221;]facebook[\/et_pb_social_media_follow_network][et_pb_social_media_follow_network social_network=&#8221;instagram&#8221; url=&#8221;https:\/\/www.instagram.com\/marknadsforeningenhbg&#8221; _builder_version=&#8221;4.22.1&#8243; global_colors_info=&#8221;{}&#8221; follow_button=&#8221;off&#8221; url_new_window=&#8221;on&#8221;]instagram[\/et_pb_social_media_follow_network][et_pb_social_media_follow_network social_network=&#8221;linkedin&#8221; url=&#8221;https:\/\/www.linkedin.com\/company\/mihbg&#8221; _builder_version=&#8221;4.22.1&#8243; global_colors_info=&#8221;{}&#8221; follow_button=&#8221;off&#8221; url_new_window=&#8221;on&#8221;]linkedin[\/et_pb_social_media_follow_network][\/et_pb_social_media_follow][\/et_pb_column][\/et_pb_row][et_pb_row _builder_version=&#8221;4.16&#8243; background_size=&#8221;initial&#8221; background_position=&#8221;top_left&#8221; background_repeat=&#8221;repeat&#8221; custom_padding=&#8221;27px|0px|0px|0px&#8221; global_colors_info=&#8221;{}&#8221;][et_pb_column type=&#8221;4_4&#8243; _builder_version=&#8221;4.16&#8243; custom_padding=&#8221;|||&#8221; global_colors_info=&#8221;{}&#8221; custom_padding__hover=&#8221;|||&#8221;][et_pb_divider color=&#8221;#000000&#8243; _builder_version=&#8221;4.27.4&#8243; background_color=&#8221;#ffffff&#8221; height=&#8221;1px&#8221; custom_margin=&#8221;||-15px|&#8221; custom_padding=&#8221;||-15px|&#8221; filter_opacity=&#8221;37%&#8221; global_colors_info=&#8221;{}&#8221;][\/et_pb_divider][\/et_pb_column][\/et_pb_row][et_pb_row _builder_version=&#8221;4.16&#8243; background_size=&#8221;initial&#8221; background_position=&#8221;top_left&#8221; background_repeat=&#8221;repeat&#8221; custom_padding=&#8221;19px|0px|27px|0px&#8221; global_colors_info=&#8221;{}&#8221;][et_pb_column type=&#8221;4_4&#8243; _builder_version=&#8221;4.16&#8243; custom_padding=&#8221;|||&#8221; global_colors_info=&#8221;{}&#8221; custom_padding__hover=&#8221;|||&#8221;][et_pb_text _builder_version=&#8221;4.27.4&#8243; text_font=&#8221;Roboto||||||||&#8221; text_text_color=&#8221;#000000&#8243; text_font_size=&#8221;12&#8243; background_layout=&#8221;dark&#8221; global_colors_info=&#8221;{}&#8221;]<\/p>\n<p>Marknadsf\u00f6reningen i Helsingborgsregionen Copyright \u00a9 2025<\/p>\n<p>[\/et_pb_text][\/et_pb_column][\/et_pb_row][\/et_pb_section]<\/p>\n","protected":false},"excerpt":{"rendered":"<p>Foodtel Foodtel \u00e4r ett Helsingborgsbaserat techbolag som utvecklar digitala l\u00f6sningar f\u00f6r att minska matsvinn i restaurang- och livsmedelsbranschen. Deras digitala plattform analyserar temperaturavvikelser och r\u00e4knar ut \u00e5terst\u00e5ende h\u00e5llbarhet, vilket hindrar mat fr\u00e5n att sl\u00e4ngas i on\u00f6dan. Deras plattform bidrar till b\u00e5de ekonomiska besparingar och minskad klimatp\u00e5verkan f\u00f6r s\u00e5v\u00e4l butik, restauranger och hotell. &nbsp;Motivering: Foodtel visar [&hellip;]<\/p>\n","protected":false},"author":1,"featured_media":0,"parent":0,"menu_order":0,"comment_status":"closed","ping_status":"closed","template":"","meta":{"_et_pb_use_builder":"on","_et_pb_old_content":"","_et_gb_content_width":"","om_disable_all_campaigns":false,"footnotes":""},"class_list":["post-28985","page","type-page","status-publish","hentry"],"_links":{"self":[{"href":"https:\/\/site.bonniernewslocal.se\/mih\/wp-json\/wp\/v2\/pages\/28985","targetHints":{"allow":["GET"]}}],"collection":[{"href":"https:\/\/site.bonniernewslocal.se\/mih\/wp-json\/wp\/v2\/pages"}],"about":[{"href":"https:\/\/site.bonniernewslocal.se\/mih\/wp-json\/wp\/v2\/types\/page"}],"author":[{"embeddable":true,"href":"https:\/\/site.bonniernewslocal.se\/mih\/wp-json\/wp\/v2\/users\/1"}],"replies":[{"embeddable":true,"href":"https:\/\/site.bonniernewslocal.se\/mih\/wp-json\/wp\/v2\/comments?post=28985"}],"version-history":[{"count":4,"href":"https:\/\/site.bonniernewslocal.se\/mih\/wp-json\/wp\/v2\/pages\/28985\/revisions"}],"predecessor-version":[{"id":29310,"href":"https:\/\/site.bonniernewslocal.se\/mih\/wp-json\/wp\/v2\/pages\/28985\/revisions\/29310"}],"wp:attachment":[{"href":"https:\/\/site.bonniernewslocal.se\/mih\/wp-json\/wp\/v2\/media?parent=28985"}],"curies":[{"name":"wp","href":"https:\/\/api.w.org\/{rel}","templated":true}]}}