{"id":243782,"date":"2025-03-31T12:31:44","date_gmt":"2025-03-31T10:31:44","guid":{"rendered":"https:\/\/site.bonniernewslocal.se\/landningssida\/?page_id=243782"},"modified":"2025-04-01T15:44:53","modified_gmt":"2025-04-01T13:44:53","slug":"stora-enso-skutskar-mill","status":"publish","type":"page","link":"https:\/\/site.bonniernewslocal.se\/landningssida\/stora-enso-skutskar-mill\/","title":{"rendered":"Stora Enso Skutsk\u00e4r Mill"},"content":{"rendered":"<p>[et_pb_section fb_built=&#8221;1&#8243; _builder_version=&#8221;4.27.4&#8243; _module_preset=&#8221;default&#8221; background_enable_image=&#8221;off&#8221; custom_margin=&#8221;10px||0px||false|false&#8221; custom_padding=&#8221;0px||0px||false|false&#8221; global_colors_info=&#8221;{}&#8221;][et_pb_row column_structure=&#8221;1_5,1_5,1_5,1_5,1_5&#8243; disabled_on=&#8221;on|on|off&#8221; _builder_version=&#8221;4.27.4&#8243; _module_preset=&#8221;default&#8221; custom_margin=&#8221;0px|auto|0px|auto|false|false&#8221; custom_padding=&#8221;0px||0px||false|false&#8221; border_width_bottom=&#8221;1px&#8221; border_color_bottom=&#8221;#efefef&#8221; global_colors_info=&#8221;{}&#8221;][et_pb_column type=&#8221;1_5&#8243; _builder_version=&#8221;4.27.4&#8243; _module_preset=&#8221;default&#8221; global_colors_info=&#8221;{}&#8221;][et_pb_image src=&#8221;https:\/\/site.bonniernewslocal.se\/landningssida\/wp-content\/uploads\/2025\/03\/SVG__Master_Logo_RGB_Colour.png&#8221; title_text=&#8221;SVG__Master_Logo_RGB_Colour&#8221; _builder_version=&#8221;4.27.4&#8243; _module_preset=&#8221;default&#8221; height=&#8221;149px&#8221; global_colors_info=&#8221;{}&#8221;][\/et_pb_image][\/et_pb_column][et_pb_column type=&#8221;1_5&#8243; _builder_version=&#8221;4.27.4&#8243; _module_preset=&#8221;default&#8221; global_colors_info=&#8221;{}&#8221;][\/et_pb_column][et_pb_column type=&#8221;1_5&#8243; _builder_version=&#8221;4.27.4&#8243; _module_preset=&#8221;default&#8221; global_colors_info=&#8221;{}&#8221;][\/et_pb_column][et_pb_column type=&#8221;1_5&#8243; _builder_version=&#8221;4.27.4&#8243; _module_preset=&#8221;default&#8221; global_colors_info=&#8221;{}&#8221;][\/et_pb_column][et_pb_column type=&#8221;1_5&#8243; _builder_version=&#8221;4.27.4&#8243; _module_preset=&#8221;default&#8221; global_colors_info=&#8221;{}&#8221;][\/et_pb_column][\/et_pb_row][et_pb_row disabled_on=&#8221;off|off|on&#8221; admin_label=&#8221;Header mobil&#8221; _builder_version=&#8221;4.27.4&#8243; _module_preset=&#8221;default&#8221; height=&#8221;146px&#8221; custom_margin=&#8221;||50px||false|false&#8221; border_color_bottom=&#8221;#efefef&#8221; global_colors_info=&#8221;{}&#8221;][et_pb_column type=&#8221;4_4&#8243; _builder_version=&#8221;4.27.4&#8243; _module_preset=&#8221;default&#8221; global_colors_info=&#8221;{}&#8221;][et_pb_image src=&#8221;https:\/\/site.bonniernewslocal.se\/landningssida\/wp-content\/uploads\/2025\/03\/SVG__Master_Logo_RGB_Colour.png&#8221; title_text=&#8221;SVG__Master_Logo_RGB_Colour&#8221; align=&#8221;center&#8221; _builder_version=&#8221;4.27.4&#8243; _module_preset=&#8221;default&#8221; height=&#8221;200px&#8221; custom_margin=&#8221;||10px||false|false&#8221; border_color_bottom=&#8221;#efefef&#8221; global_colors_info=&#8221;{}&#8221;][\/et_pb_image][\/et_pb_column][\/et_pb_row][\/et_pb_section][et_pb_section fb_built=&#8221;1&#8243; _builder_version=&#8221;4.27.4&#8243; _module_preset=&#8221;default&#8221; background_enable_image=&#8221;off&#8221; custom_margin=&#8221;||||false|false&#8221; global_colors_info=&#8221;{}&#8221;][et_pb_row _builder_version=&#8221;4.27.4&#8243; _module_preset=&#8221;default&#8221; custom_margin=&#8221;|auto||auto|false|false&#8221; hover_enabled=&#8221;0&#8243; global_colors_info=&#8221;{}&#8221; sticky_enabled=&#8221;0&#8243;][et_pb_column type=&#8221;4_4&#8243; _builder_version=&#8221;4.27.4&#8243; _module_preset=&#8221;default&#8221; global_colors_info=&#8221;{}&#8221;][et_pb_text content_tablet=&#8221;<\/p>\n<h2>UNDERH\u00c5LLSSTOPP P\u00c5 STORA ENSO SKUTSK\u00c4R, VECKA 18 2025<\/h2>\n<p>&#8221; content_phone=&#8221;<\/p>\n<h2>UNDERH\u00c5LLSSTOPP P\u00c5 STORA ENSO SKUTSK\u00c4R,<br \/>VECKA 18 2025<\/h2>\n<p>&#8221; content_last_edited=&#8221;on|phone&#8221; _builder_version=&#8221;4.27.4&#8243; _module_preset=&#8221;default&#8221; header_2_font=&#8221;Poppins|700|||||||&#8221; header_2_text_align=&#8221;left&#8221; header_2_font_size=&#8221;58px&#8221; header_2_line_height=&#8221;1.1em&#8221; custom_margin=&#8221;|10px||10px|false|false&#8221; header_2_font_size_tablet=&#8221;58px&#8221; header_2_font_size_phone=&#8221;31px&#8221; header_2_font_size_last_edited=&#8221;on|phone&#8221; global_colors_info=&#8221;{}&#8221;]<\/p>\n<h2>UNDERH\u00c5LLSSTOPP P\u00c5 STORA ENSO SKUTSK\u00c4R, VECKA 18 2025<\/h2>\n<p>[\/et_pb_text][\/et_pb_column][\/et_pb_row][et_pb_row column_structure=&#8221;1_2,1_2&#8243; module_id=&#8221;erbj&#8221; _builder_version=&#8221;4.26.0&#8243; _module_preset=&#8221;default&#8221; background_color=&#8221;#FFFFFF&#8221; z_index=&#8221;999&#8243; width_last_edited=&#8221;off|tablet&#8221; max_width_tablet=&#8221;450px&#8221; max_width_phone=&#8221;&#8221; max_width_last_edited=&#8221;on|tablet&#8221; custom_margin=&#8221;|auto||auto|false|false&#8221; custom_padding=&#8221;|0px|0px|0px|false|false&#8221; border_radii=&#8221;off||||&#8221; locked=&#8221;off&#8221; global_colors_info=&#8221;{}&#8221;][et_pb_column type=&#8221;1_2&#8243; _builder_version=&#8221;4.16&#8243; _module_preset=&#8221;default&#8221; global_colors_info=&#8221;{}&#8221;][et_pb_text _builder_version=&#8221;4.27.4&#8243; text_font=&#8221;Poppins||||||||&#8221; text_text_color=&#8221;#000000&#8243; text_line_height=&#8221;1.8em&#8221; header_font=&#8221;Poppins||||||||&#8221; header_2_font=&#8221;Poppins||||||||&#8221; header_3_font=&#8221;Poppins||||||||&#8221; header_3_font_size=&#8221;24px&#8221; header_3_line_height=&#8221;1.7em&#8221; header_4_font=&#8221;Poppins|700||on|||||&#8221; header_4_text_color=&#8221;#bfbfbf&#8221; header_4_font_size=&#8221;13px&#8221; header_4_letter_spacing=&#8221;2px&#8221; header_5_font=&#8221;Poppins||||||||&#8221; header_6_font=&#8221;Poppins||||||||&#8221; background_size=&#8221;initial&#8221; background_position=&#8221;top_left&#8221; background_repeat=&#8221;repeat&#8221; text_orientation=&#8221;center&#8221; module_alignment=&#8221;center&#8221; custom_margin=&#8221;||||false|false&#8221; custom_padding=&#8221;|||&#8221; text_font_size_tablet=&#8221;&#8221; text_font_size_phone=&#8221;&#8221; text_font_size_last_edited=&#8221;on|desktop&#8221; locked=&#8221;off&#8221; inline_fonts=&#8221;Playfair Display&#8221; global_colors_info=&#8221;{}&#8221;]<\/p>\n<p style=\"text-align: left;\">Underh\u00e5llsstoppet 2025 p\u00e5 Stora Enso Skutsk\u00e4r \u00e4r l\u00e4ngre \u00e4n vanligt och genomf\u00f6rs huvudsakligen vecka 18, <strong>med start 22\/4.<\/strong> Vi stoppar fabriken helt under 28 dagar (22\/4\u201319\/5) f\u00f6r den \u00e5rliga revisionen av tryckb\u00e4rande utrustningar, reparationer osv.<\/p>\n<p style=\"text-align: left;\">I samband med stopp och start av processen kan st\u00f6rningar i form av lukt och buller uppst\u00e5. Det kan vara bra att vara extra uppm\u00e4rksam i trafiken, eftersom det ocks\u00e5 kommer att bli fler transporter till och fr\u00e5n enheten under denna period.<br \/>Antalet inhyrda entrepren\u00f6rer \u00e4r i \u00e5r ca 1000 st. F\u00f6r mer information eller synpunkter, v\u00e4nligen kontakta: Vakt Port 1, telefon 01046-852 01.<\/p>\n<p>[\/et_pb_text][et_pb_button button_url=&#8221;https:\/\/www.storaenso.com\/en\/about-stora-enso\/stora-enso-locations\/skutskar-mill&#8221; url_new_window=&#8221;on&#8221; button_text=&#8221;L\u00e4s mer om Stora Enso Skutsk\u00e4r Mill h\u00e4r&#8221; _builder_version=&#8221;4.27.4&#8243; _module_preset=&#8221;default&#8221; custom_button=&#8221;on&#8221; button_text_color=&#8221;#FFFFFF&#8221; button_bg_color=&#8221;#000000&#8243; button_border_width=&#8221;0px&#8221; button_border_radius=&#8221;0px&#8221; global_colors_info=&#8221;{}&#8221;][\/et_pb_button][et_pb_image src=&#8221;https:\/\/site.bonniernewslocal.se\/landningssida\/wp-content\/uploads\/2025\/03\/SVG__Master_Logo_RGB_Colour.png&#8221; title_text=&#8221;SVG__Master_Logo_RGB_Colour&#8221; url=&#8221;https:\/\/www.storaenso.com\/en\/about-stora-enso\/stora-enso-locations\/skutskar-mill&#8221; url_new_window=&#8221;on&#8221; _builder_version=&#8221;4.27.4&#8243; _module_preset=&#8221;default&#8221; width=&#8221;40%&#8221; module_alignment=&#8221;left&#8221; global_colors_info=&#8221;{}&#8221;][\/et_pb_image][\/et_pb_column][et_pb_column type=&#8221;1_2&#8243; _builder_version=&#8221;4.16&#8243; _module_preset=&#8221;default&#8221; global_colors_info=&#8221;{}&#8221;][et_pb_image src=&#8221;https:\/\/site.bonniernewslocal.se\/landningssida\/wp-content\/uploads\/2025\/03\/skutskar_mill_1200x760-1.jpeg&#8221; title_text=&#8221;Skutsk\u00e4r Mill&#8221; _builder_version=&#8221;4.27.4&#8243; _module_preset=&#8221;default&#8221; global_colors_info=&#8221;{}&#8221;][\/et_pb_image][\/et_pb_column][\/et_pb_row][\/et_pb_section]<\/p>\n","protected":false},"excerpt":{"rendered":"<p>UNDERH\u00c5LLSSTOPP P\u00c5 STORA ENSO SKUTSK\u00c4R, VECKA 18 2025Underh\u00e5llsstoppet 2025 p\u00e5 Stora Enso Skutsk\u00e4r \u00e4r l\u00e4ngre \u00e4n vanligt och genomf\u00f6rs huvudsakligen vecka 18, med start 22\/4. Vi stoppar fabriken helt under 28 dagar (22\/4\u201319\/5) f\u00f6r den \u00e5rliga revisionen av tryckb\u00e4rande utrustningar, reparationer osv. I samband med stopp och start av processen kan st\u00f6rningar i form av [&hellip;]<\/p>\n","protected":false},"author":3,"featured_media":0,"parent":0,"menu_order":0,"comment_status":"closed","ping_status":"closed","template":"page-template-blank.php","meta":{"_acf_changed":false,"_et_pb_use_builder":"on","_et_pb_old_content":"","_et_gb_content_width":"","footnotes":""},"class_list":["post-243782","page","type-page","status-publish","hentry"],"acf":[],"yoast_head":"<!-- This site is optimized with the Yoast SEO plugin v26.6 - https:\/\/yoast.com\/wordpress\/plugins\/seo\/ -->\n<title>Stora Enso Skutsk\u00e4r Mill - Landningssida<\/title>\n<meta name=\"robots\" content=\"index, follow, max-snippet:-1, max-image-preview:large, max-video-preview:-1\" \/>\n<link rel=\"canonical\" href=\"https:\/\/site.bonniernewslocal.se\/landningssida\/stora-enso-skutskar-mill\/\" \/>\n<meta property=\"og:locale\" content=\"sv_SE\" \/>\n<meta property=\"og:type\" content=\"article\" \/>\n<meta property=\"og:title\" content=\"Stora Enso Skutsk\u00e4r Mill - Landningssida\" \/>\n<meta property=\"og:description\" content=\"UNDERH\u00c5LLSSTOPP P\u00c5 STORA ENSO SKUTSK\u00c4R, VECKA 18 2025Underh\u00e5llsstoppet 2025 p\u00e5 Stora Enso Skutsk\u00e4r \u00e4r l\u00e4ngre \u00e4n vanligt och genomf\u00f6rs huvudsakligen vecka 18, med start 22\/4. Vi stoppar fabriken helt under 28 dagar (22\/4\u201319\/5) f\u00f6r den \u00e5rliga revisionen av tryckb\u00e4rande utrustningar, reparationer osv. I samband med stopp och start av processen kan st\u00f6rningar i form av [&hellip;]\" \/>\n<meta property=\"og:url\" content=\"https:\/\/site.bonniernewslocal.se\/landningssida\/stora-enso-skutskar-mill\/\" \/>\n<meta property=\"og:site_name\" content=\"Landningssida\" \/>\n<meta property=\"article:modified_time\" content=\"2025-04-01T13:44:53+00:00\" \/>\n<meta name=\"twitter:card\" content=\"summary_large_image\" \/>\n<meta name=\"twitter:label1\" content=\"Ber\u00e4knad l\u00e4stid\" \/>\n\t<meta name=\"twitter:data1\" content=\"2 minuter\" \/>\n<script type=\"application\/ld+json\" class=\"yoast-schema-graph\">{\"@context\":\"https:\/\/schema.org\",\"@graph\":[{\"@type\":\"WebPage\",\"@id\":\"https:\/\/site.bonniernewslocal.se\/landningssida\/stora-enso-skutskar-mill\/\",\"url\":\"https:\/\/site.bonniernewslocal.se\/landningssida\/stora-enso-skutskar-mill\/\",\"name\":\"Stora Enso Skutsk\u00e4r Mill - Landningssida\",\"isPartOf\":{\"@id\":\"https:\/\/site.bonniernewslocal.se\/landningssida\/#website\"},\"datePublished\":\"2025-03-31T10:31:44+00:00\",\"dateModified\":\"2025-04-01T13:44:53+00:00\",\"breadcrumb\":{\"@id\":\"https:\/\/site.bonniernewslocal.se\/landningssida\/stora-enso-skutskar-mill\/#breadcrumb\"},\"inLanguage\":\"sv-SE\",\"potentialAction\":[{\"@type\":\"ReadAction\",\"target\":[\"https:\/\/site.bonniernewslocal.se\/landningssida\/stora-enso-skutskar-mill\/\"]}]},{\"@type\":\"BreadcrumbList\",\"@id\":\"https:\/\/site.bonniernewslocal.se\/landningssida\/stora-enso-skutskar-mill\/#breadcrumb\",\"itemListElement\":[{\"@type\":\"ListItem\",\"position\":1,\"name\":\"Hem\",\"item\":\"https:\/\/site.bonniernewslocal.se\/landningssida\/\"},{\"@type\":\"ListItem\",\"position\":2,\"name\":\"Stora Enso Skutsk\u00e4r Mill\"}]},{\"@type\":\"WebSite\",\"@id\":\"https:\/\/site.bonniernewslocal.se\/landningssida\/#website\",\"url\":\"https:\/\/site.bonniernewslocal.se\/landningssida\/\",\"name\":\"Landningssida\",\"description\":\"\",\"potentialAction\":[{\"@type\":\"SearchAction\",\"target\":{\"@type\":\"EntryPoint\",\"urlTemplate\":\"https:\/\/site.bonniernewslocal.se\/landningssida\/?s={search_term_string}\"},\"query-input\":{\"@type\":\"PropertyValueSpecification\",\"valueRequired\":true,\"valueName\":\"search_term_string\"}}],\"inLanguage\":\"sv-SE\"}]}<\/script>\n<!-- \/ Yoast SEO plugin. -->","yoast_head_json":{"title":"Stora Enso Skutsk\u00e4r Mill - Landningssida","robots":{"index":"index","follow":"follow","max-snippet":"max-snippet:-1","max-image-preview":"max-image-preview:large","max-video-preview":"max-video-preview:-1"},"canonical":"https:\/\/site.bonniernewslocal.se\/landningssida\/stora-enso-skutskar-mill\/","og_locale":"sv_SE","og_type":"article","og_title":"Stora Enso Skutsk\u00e4r Mill - Landningssida","og_description":"UNDERH\u00c5LLSSTOPP P\u00c5 STORA ENSO SKUTSK\u00c4R, VECKA 18 2025Underh\u00e5llsstoppet 2025 p\u00e5 Stora Enso Skutsk\u00e4r \u00e4r l\u00e4ngre \u00e4n vanligt och genomf\u00f6rs huvudsakligen vecka 18, med start 22\/4. Vi stoppar fabriken helt under 28 dagar (22\/4\u201319\/5) f\u00f6r den \u00e5rliga revisionen av tryckb\u00e4rande utrustningar, reparationer osv. I samband med stopp och start av processen kan st\u00f6rningar i form av [&hellip;]","og_url":"https:\/\/site.bonniernewslocal.se\/landningssida\/stora-enso-skutskar-mill\/","og_site_name":"Landningssida","article_modified_time":"2025-04-01T13:44:53+00:00","twitter_card":"summary_large_image","twitter_misc":{"Ber\u00e4knad l\u00e4stid":"2 minuter"},"schema":{"@context":"https:\/\/schema.org","@graph":[{"@type":"WebPage","@id":"https:\/\/site.bonniernewslocal.se\/landningssida\/stora-enso-skutskar-mill\/","url":"https:\/\/site.bonniernewslocal.se\/landningssida\/stora-enso-skutskar-mill\/","name":"Stora Enso Skutsk\u00e4r Mill - Landningssida","isPartOf":{"@id":"https:\/\/site.bonniernewslocal.se\/landningssida\/#website"},"datePublished":"2025-03-31T10:31:44+00:00","dateModified":"2025-04-01T13:44:53+00:00","breadcrumb":{"@id":"https:\/\/site.bonniernewslocal.se\/landningssida\/stora-enso-skutskar-mill\/#breadcrumb"},"inLanguage":"sv-SE","potentialAction":[{"@type":"ReadAction","target":["https:\/\/site.bonniernewslocal.se\/landningssida\/stora-enso-skutskar-mill\/"]}]},{"@type":"BreadcrumbList","@id":"https:\/\/site.bonniernewslocal.se\/landningssida\/stora-enso-skutskar-mill\/#breadcrumb","itemListElement":[{"@type":"ListItem","position":1,"name":"Hem","item":"https:\/\/site.bonniernewslocal.se\/landningssida\/"},{"@type":"ListItem","position":2,"name":"Stora Enso Skutsk\u00e4r Mill"}]},{"@type":"WebSite","@id":"https:\/\/site.bonniernewslocal.se\/landningssida\/#website","url":"https:\/\/site.bonniernewslocal.se\/landningssida\/","name":"Landningssida","description":"","potentialAction":[{"@type":"SearchAction","target":{"@type":"EntryPoint","urlTemplate":"https:\/\/site.bonniernewslocal.se\/landningssida\/?s={search_term_string}"},"query-input":{"@type":"PropertyValueSpecification","valueRequired":true,"valueName":"search_term_string"}}],"inLanguage":"sv-SE"}]}},"_links":{"self":[{"href":"https:\/\/site.bonniernewslocal.se\/landningssida\/wp-json\/wp\/v2\/pages\/243782","targetHints":{"allow":["GET"]}}],"collection":[{"href":"https:\/\/site.bonniernewslocal.se\/landningssida\/wp-json\/wp\/v2\/pages"}],"about":[{"href":"https:\/\/site.bonniernewslocal.se\/landningssida\/wp-json\/wp\/v2\/types\/page"}],"author":[{"embeddable":true,"href":"https:\/\/site.bonniernewslocal.se\/landningssida\/wp-json\/wp\/v2\/users\/3"}],"replies":[{"embeddable":true,"href":"https:\/\/site.bonniernewslocal.se\/landningssida\/wp-json\/wp\/v2\/comments?post=243782"}],"version-history":[{"count":30,"href":"https:\/\/site.bonniernewslocal.se\/landningssida\/wp-json\/wp\/v2\/pages\/243782\/revisions"}],"predecessor-version":[{"id":243908,"href":"https:\/\/site.bonniernewslocal.se\/landningssida\/wp-json\/wp\/v2\/pages\/243782\/revisions\/243908"}],"wp:attachment":[{"href":"https:\/\/site.bonniernewslocal.se\/landningssida\/wp-json\/wp\/v2\/media?parent=243782"}],"curies":[{"name":"wp","href":"https:\/\/api.w.org\/{rel}","templated":true}]}}