{"id":242624,"date":"2024-07-09T10:53:37","date_gmt":"2024-07-09T08:53:37","guid":{"rendered":"https:\/\/site.bonniernewslocal.se\/landningssida\/?page_id=242624"},"modified":"2024-07-26T15:53:22","modified_gmt":"2024-07-26T13:53:22","slug":"region-orebro-lan","status":"publish","type":"page","link":"https:\/\/site.bonniernewslocal.se\/landningssida\/region-orebro-lan\/","title":{"rendered":"Region \u00d6rebro l\u00e4n"},"content":{"rendered":"<p>[et_pb_section fb_built=&#8221;1&#8243; fullwidth=&#8221;on&#8221; disabled_on=&#8221;on|on|on&#8221; admin_label=&#8221;Hero&#8221; module_class=&#8221;lightbox-trigger-testar&#8221; _builder_version=&#8221;4.26.0&#8243; background_color=&#8221;#1f1f1f&#8221; parallax=&#8221;on&#8221; custom_padding=&#8221;|||&#8221; transparent_background=&#8221;on&#8221; disabled=&#8221;on&#8221; global_colors_info=&#8221;{}&#8221;][et_pb_fullwidth_header title=&#8221;Har du f\u00f6rlorat en familjemedlem genom sj\u00e4lvmord?&#8221; text_orientation=&#8221;center&#8221; button_one_url=&#8221;#testar&#8221; background_overlay_color=&#8221;rgba(31,31,31,0.7)&#8221; subhead_font_color=&#8221;#bebebe&#8221; _builder_version=&#8221;4.26.0&#8243; title_font=&#8221;Inter|700|||||||&#8221; title_text_align=&#8221;left&#8221; title_text_color=&#8221;#ffffff&#8221; title_font_size=&#8221;72px&#8221; title_line_height=&#8221;1.3em&#8221; content_font=&#8221;Roboto||||||||&#8221; content_text_color=&#8221;#bfbfbf&#8221; content_font_size=&#8221;17px&#8221; content_line_height=&#8221;1.8em&#8221; subhead_font=&#8221;Montserrat||||&#8221; subhead_text_color=&#8221;#bebebe&#8221; subhead_line_height=&#8221;1.8em&#8221; background_color=&#8221;rgba(255, 255, 255, 0)&#8221; background_image=&#8221;https:\/\/site.bonniernewslocal.se\/landningssida\/wp-content\/uploads\/2024\/07\/regionorebro_bgimage.jpg&#8221; parallax=&#8221;on&#8221; height=&#8221;550px&#8221; custom_margin=&#8221;||||false|false&#8221; custom_padding=&#8221;2.2%||10.3%||false|false&#8221; animation_style=&#8221;zoom&#8221; animation_duration=&#8221;1500ms&#8221; animation_intensity_zoom=&#8221;4%&#8221; title_line_height_last_edited=&#8221;off|desktop&#8221; global_colors_info=&#8221;{}&#8221; button_one_text_size__hover_enabled=&#8221;off&#8221; button_two_text_size__hover_enabled=&#8221;off&#8221; button_one_text_color__hover_enabled=&#8221;off&#8221; button_two_text_color__hover_enabled=&#8221;off&#8221; button_one_border_width__hover_enabled=&#8221;off&#8221; button_two_border_width__hover_enabled=&#8221;off&#8221; button_one_border_color__hover_enabled=&#8221;off&#8221; button_two_border_color__hover_enabled=&#8221;off&#8221; button_one_border_radius__hover_enabled=&#8221;off&#8221; button_two_border_radius__hover_enabled=&#8221;off&#8221; button_one_letter_spacing__hover_enabled=&#8221;off&#8221; button_two_letter_spacing__hover_enabled=&#8221;off&#8221; button_one_bg_color__hover_enabled=&#8221;off&#8221; button_two_bg_color__hover_enabled=&#8221;off&#8221;][\/et_pb_fullwidth_header][\/et_pb_section][et_pb_section fb_built=&#8221;1&#8243; disabled_on=&#8221;on|on|on&#8221; admin_label=&#8221;Chefs&#8221; _builder_version=&#8221;4.26.0&#8243; background_color=&#8221;#f0eff0&#8243; background_enable_image=&#8221;off&#8221; background_size=&#8221;initial&#8221; background_position=&#8221;top_left&#8221; custom_padding=&#8221;36px|0px|0px|0px||&#8221; disabled=&#8221;on&#8221; saved_tabs=&#8221;all&#8221; collapsed=&#8221;off&#8221; global_colors_info=&#8221;{}&#8221;][\/et_pb_section][et_pb_section fb_built=&#8221;1&#8243; _builder_version=&#8221;4.26.0&#8243; _module_preset=&#8221;default&#8221; hover_enabled=&#8221;0&#8243; global_colors_info=&#8221;{}&#8221; custom_margin=&#8221;50px||||false|false&#8221; sticky_enabled=&#8221;0&#8243;][et_pb_row module_id=&#8221;erbj&#8221; _builder_version=&#8221;4.26.0&#8243; _module_preset=&#8221;default&#8221; background_color=&#8221;#FFFFFF&#8221; z_index=&#8221;999&#8243; width_last_edited=&#8221;off|tablet&#8221; max_width_tablet=&#8221;&#8221; max_width_phone=&#8221;&#8221; max_width_last_edited=&#8221;on|desktop&#8221; custom_margin=&#8221;0px|auto||auto|false|false&#8221; custom_padding=&#8221;|29px|0px|29px|false|false&#8221; border_radii=&#8221;off||||&#8221; locked=&#8221;off&#8221; global_colors_info=&#8221;{}&#8221;][et_pb_column type=&#8221;4_4&#8243; _builder_version=&#8221;4.16&#8243; _module_preset=&#8221;default&#8221; global_colors_info=&#8221;{}&#8221;][et_pb_text _builder_version=&#8221;4.26.0&#8243; _module_preset=&#8221;default&#8221; text_font=&#8221;Inter||||||||&#8221; header_font=&#8221;Inter|700|||||||&#8221; header_font_size=&#8221;81px&#8221; header_2_font_size=&#8221;72px&#8221; global_colors_info=&#8221;{}&#8221;]<\/p>\n<h1>Har du f\u00f6rlorat en familjemedlem genom sj\u00e4lvmord?<\/h1>\n<p>[\/et_pb_text][\/et_pb_column][\/et_pb_row][et_pb_row column_structure=&#8221;1_2,1_2&#8243; module_id=&#8221;erbj&#8221; _builder_version=&#8221;4.26.0&#8243; _module_preset=&#8221;default&#8221; background_color=&#8221;#FFFFFF&#8221; z_index=&#8221;999&#8243; width_last_edited=&#8221;off|tablet&#8221; max_width_tablet=&#8221;450px&#8221; max_width_phone=&#8221;&#8221; max_width_last_edited=&#8221;on|tablet&#8221; custom_margin=&#8221;|auto||auto|false|false&#8221; custom_padding=&#8221;|0px|0px|0px|false|false&#8221; border_radii=&#8221;off||||&#8221; locked=&#8221;off&#8221; global_colors_info=&#8221;{}&#8221;][et_pb_column type=&#8221;1_2&#8243; _builder_version=&#8221;4.16&#8243; _module_preset=&#8221;default&#8221; global_colors_info=&#8221;{}&#8221;][et_pb_text _builder_version=&#8221;4.24.3&#8243; text_font=&#8221;Montserrat||||&#8221; text_text_color=&#8221;#999999&#8243; text_font_size=&#8221;15px&#8221; text_line_height=&#8221;1.8em&#8221; header_font=&#8221;||||||||&#8221; header_3_font=&#8221;Inter||||||||&#8221; header_3_font_size=&#8221;24px&#8221; header_3_line_height=&#8221;1.7em&#8221; header_4_font=&#8221;Inter|700||on|||||&#8221; header_4_text_color=&#8221;#bfbfbf&#8221; header_4_font_size=&#8221;13px&#8221; header_4_letter_spacing=&#8221;2px&#8221; background_size=&#8221;initial&#8221; background_position=&#8221;top_left&#8221; background_repeat=&#8221;repeat&#8221; text_orientation=&#8221;center&#8221; module_alignment=&#8221;center&#8221; custom_margin=&#8221;40px|40px|40px|40px&#8221; custom_padding=&#8221;|||&#8221; locked=&#8221;off&#8221; inline_fonts=&#8221;Playfair Display&#8221; global_colors_info=&#8221;{}&#8221;]<\/p>\n<h3 style=\"text-align: left;\">Vi s\u00f6ker studiedeltagare<\/h3>\n<p style=\"text-align: left;\">Vi s\u00f6ker dig som \u00e4r \u00f6ver 18 \u00e5r; ung vuxen,<br \/>medel\u00e5lders eller \u00e4ldre, som f\u00f6rlorat en familjemedlem<br \/>genom sj\u00e4lvmord.<\/p>\n<p style=\"text-align: left;\">Vi vill genom forskning h\u00f6ra om dina erfarenheter.<br \/>Dina erfarenheter kan hj\u00e4lpa oss att<br \/>f\u00f6rb\u00e4ttra st\u00f6det till efterlevande.<\/p>\n<p>[\/et_pb_text][\/et_pb_column][et_pb_column type=&#8221;1_2&#8243; _builder_version=&#8221;4.16&#8243; _module_preset=&#8221;default&#8221; global_colors_info=&#8221;{}&#8221;][et_pb_text _builder_version=&#8221;4.26.0&#8243; text_font=&#8221;Montserrat||||&#8221; text_text_color=&#8221;#999999&#8243; text_font_size=&#8221;15px&#8221; text_line_height=&#8221;1.8em&#8221; header_font=&#8221;||||||||&#8221; header_3_font=&#8221;Inter||||||||&#8221; header_3_font_size=&#8221;23px&#8221; header_3_line_height=&#8221;1.7em&#8221; header_4_font=&#8221;|700||on|||||&#8221; header_4_text_color=&#8221;#bfbfbf&#8221; header_4_font_size=&#8221;13px&#8221; header_4_letter_spacing=&#8221;2px&#8221; background_size=&#8221;initial&#8221; background_position=&#8221;top_left&#8221; background_repeat=&#8221;repeat&#8221; text_orientation=&#8221;center&#8221; module_alignment=&#8221;center&#8221; min_height=&#8221;153.8px&#8221; custom_margin=&#8221;40px|40px|40px|40px&#8221; custom_padding=&#8221;|||&#8221; locked=&#8221;off&#8221; inline_fonts=&#8221;Playfair Display&#8221; global_colors_info=&#8221;{}&#8221;]<\/p>\n<h3 style=\"text-align: left;\">\u00c4r du intresserad och vill veta mera?<\/h3>\n<p style=\"text-align: left;\">V\u00e4lkommen att kontakta Christina Nilsson,<br \/>ambulanssjuksk\u00f6terska och doktorand vid<br \/>Universitetssjukv\u00e5rdens forskningscentrum<br \/>p\u00e5 mailadressen:<br \/><span style=\"color: #0090d4;\"><a href=\"mailto:christina.nilsson2@regionorebrolan.se\">christina.nilsson2@regionorebrolan.se<\/a><\/span><\/p>\n<p style=\"text-align: left;\"><span style=\"color: #0090d4;\"><\/span><\/p>\n<p>[\/et_pb_text][et_pb_image src=&#8221;https:\/\/site.bonniernewslocal.se\/landningssida\/wp-content\/uploads\/2024\/07\/logo.png&#8221; title_text=&#8221;logo&#8221; _builder_version=&#8221;4.26.0&#8243; _module_preset=&#8221;default&#8221; width=&#8221;79%&#8221; custom_margin=&#8221;||||false|false&#8221; custom_padding=&#8221;|||40px|false|false&#8221; global_colors_info=&#8221;{}&#8221;][\/et_pb_image][\/et_pb_column][\/et_pb_row][\/et_pb_section][et_pb_section fb_built=&#8221;1&#8243; admin_label=&#8221;Sponsors&#8221; module_id=&#8221;open&#8221; _builder_version=&#8221;4.26.0&#8243; background_color=&#8221;#7bdaff&#8221; custom_padding=&#8221;|0px||0px|false|false&#8221; top_divider_style=&#8221;wave&#8221; top_divider_color=&#8221;#ffffff&#8221; top_divider_height=&#8221;136px&#8221; top_divider_repeat=&#8221;1x&#8221; hover_enabled=&#8221;0&#8243; collapsed=&#8221;off&#8221; global_colors_info=&#8221;{}&#8221; custom_margin=&#8221;100px||||false|false&#8221; sticky_enabled=&#8221;0&#8243;][et_pb_row column_structure=&#8221;1_2,1_2&#8243; disabled_on=&#8221;off|off|off&#8221; _builder_version=&#8221;4.26.0&#8243; custom_margin=&#8221;|auto|67px|auto||&#8221; global_colors_info=&#8221;{}&#8221;][et_pb_column type=&#8221;1_2&#8243; _builder_version=&#8221;4.16&#8243; custom_padding=&#8221;|||&#8221; global_colors_info=&#8221;{}&#8221; custom_padding__hover=&#8221;|||&#8221;][\/et_pb_column][et_pb_column type=&#8221;1_2&#8243; _builder_version=&#8221;4.16&#8243; custom_padding=&#8221;40px|||&#8221; global_colors_info=&#8221;{}&#8221; custom_padding__hover=&#8221;|||&#8221;][\/et_pb_column][\/et_pb_row][et_pb_row column_structure=&#8221;1_3,1_3,1_3&#8243; disabled_on=&#8221;on|on|on&#8221; _builder_version=&#8221;4.26.0&#8243; custom_margin=&#8221;|auto|67px|auto||&#8221; disabled=&#8221;on&#8221; global_colors_info=&#8221;{}&#8221;][et_pb_column type=&#8221;1_3&#8243; _builder_version=&#8221;4.16&#8243; custom_padding=&#8221;|||&#8221; global_colors_info=&#8221;{}&#8221; custom_padding__hover=&#8221;|||&#8221;][et_pb_image src=&#8221;https:\/\/site.bonniernewslocal.se\/landningssida\/wp-content\/uploads\/2024\/07\/Regionorebrolan_logotyp_enradig_CMYK-1.svg&#8221; title_text=&#8221;Regionorebrolan_logotyp_enradig_CMYK&#8221; _builder_version=&#8221;4.24.3&#8243; _module_preset=&#8221;default&#8221; width=&#8221;79%&#8221; custom_margin=&#8221;-4px|||||&#8221; custom_padding=&#8221;34px||||false|false&#8221; global_colors_info=&#8221;{}&#8221;][\/et_pb_image][\/et_pb_column][et_pb_column type=&#8221;1_3&#8243; _builder_version=&#8221;4.16&#8243; custom_padding=&#8221;40px|||&#8221; global_colors_info=&#8221;{}&#8221; custom_padding__hover=&#8221;|||&#8221;][et_pb_text admin_label=&#8221;Title&#8221; _builder_version=&#8221;4.24.3&#8243; text_font=&#8221;||||||||&#8221; text_text_color=&#8221;#000000&#8243; header_font=&#8221;||||||||&#8221; header_text_color=&#8221;#FFFFFF&#8221; header_2_font=&#8221;||||||||&#8221; header_4_font=&#8221;Roboto|700||on|||||&#8221; header_4_text_color=&#8221;#000000&#8243; header_4_letter_spacing=&#8221;1px&#8221; header_4_line_height=&#8221;1.4em&#8221; custom_margin=&#8221;||10px|&#8221; custom_padding=&#8221;|||&#8221; animation_style=&#8221;fade&#8221; global_colors_info=&#8221;{}&#8221;]<\/p>\n<h4>HITTA till oss<\/h4>\n<p>[\/et_pb_text][et_pb_divider color=&#8221;#0090d4&#8243; divider_weight=&#8221;2px&#8221; disabled_on=&#8221;on|on|off&#8221; _builder_version=&#8221;4.24.3&#8243; max_width=&#8221;50px&#8221; animation_style=&#8221;fade&#8221; global_colors_info=&#8221;{}&#8221;][\/et_pb_divider][et_pb_text _builder_version=&#8221;4.24.3&#8243; text_font=&#8221;||||||||&#8221; text_text_color=&#8221;#000000&#8243; text_font_size=&#8221;16px&#8221; text_line_height=&#8221;1.8em&#8221; custom_margin=&#8221;-30px|||&#8221; animation_style=&#8221;fade&#8221; global_colors_info=&#8221;{}&#8221;]<\/p>\n<p>Eklundav\u00e4gen 1<br \/>702 17 \u00d6rebro<\/p>\n<p>[\/et_pb_text][\/et_pb_column][et_pb_column type=&#8221;1_3&#8243; _builder_version=&#8221;4.16&#8243; custom_padding=&#8221;40px|||&#8221; global_colors_info=&#8221;{}&#8221; custom_padding__hover=&#8221;|||&#8221;][et_pb_text admin_label=&#8221;Title&#8221; _builder_version=&#8221;4.24.3&#8243; text_font=&#8221;||||||||&#8221; text_text_color=&#8221;#FFFFFF&#8221; header_font=&#8221;||||||||&#8221; header_text_color=&#8221;#FFFFFF&#8221; header_2_font=&#8221;||||||||&#8221; header_4_font=&#8221;Roboto|700||on|||||&#8221; header_4_text_color=&#8221;#000000&#8243; header_4_letter_spacing=&#8221;1px&#8221; header_4_line_height=&#8221;1.4em&#8221; custom_margin=&#8221;||10px|&#8221; custom_padding=&#8221;|||&#8221; animation_style=&#8221;fade&#8221; global_colors_info=&#8221;{}&#8221;][\/et_pb_text][et_pb_text _builder_version=&#8221;4.24.3&#8243; text_font=&#8221;||||||||&#8221; text_text_color=&#8221;#000000&#8243; text_font_size=&#8221;16px&#8221; text_line_height=&#8221;1.8em&#8221; custom_margin=&#8221;-30px|||&#8221; animation_style=&#8221;fade&#8221; global_colors_info=&#8221;{}&#8221;][\/et_pb_text][\/et_pb_column][\/et_pb_row][\/et_pb_section]<\/p>\n","protected":false},"excerpt":{"rendered":"<p>Har du f\u00f6rlorat en familjemedlem genom sj\u00e4lvmord?Vi s\u00f6ker studiedeltagare Vi s\u00f6ker dig som \u00e4r \u00f6ver 18 \u00e5r; ung vuxen,medel\u00e5lders eller \u00e4ldre, som f\u00f6rlorat en familjemedlemgenom sj\u00e4lvmord. Vi vill genom forskning h\u00f6ra om dina erfarenheter.Dina erfarenheter kan hj\u00e4lpa oss attf\u00f6rb\u00e4ttra st\u00f6det till efterlevande.\u00c4r du intresserad och vill veta mera? V\u00e4lkommen att kontakta Christina Nilsson,ambulanssjuksk\u00f6terska och doktorand [&hellip;]<\/p>\n","protected":false},"author":7,"featured_media":0,"parent":0,"menu_order":0,"comment_status":"closed","ping_status":"closed","template":"page-template-blank.php","meta":{"_acf_changed":false,"_et_pb_use_builder":"on","_et_pb_old_content":"","_et_gb_content_width":"","footnotes":""},"class_list":["post-242624","page","type-page","status-publish","hentry"],"acf":[],"yoast_head":"<!-- This site is optimized with the Yoast SEO plugin v26.6 - https:\/\/yoast.com\/wordpress\/plugins\/seo\/ -->\n<title>Region \u00d6rebro l\u00e4n - Landningssida<\/title>\n<meta name=\"robots\" content=\"index, follow, max-snippet:-1, max-image-preview:large, max-video-preview:-1\" \/>\n<link rel=\"canonical\" href=\"https:\/\/site.bonniernewslocal.se\/landningssida\/region-orebro-lan\/\" \/>\n<meta property=\"og:locale\" content=\"sv_SE\" \/>\n<meta property=\"og:type\" content=\"article\" \/>\n<meta property=\"og:title\" content=\"Region \u00d6rebro l\u00e4n - Landningssida\" \/>\n<meta property=\"og:description\" content=\"Har du f\u00f6rlorat en familjemedlem genom sj\u00e4lvmord?Vi s\u00f6ker studiedeltagare Vi s\u00f6ker dig som \u00e4r \u00f6ver 18 \u00e5r; ung vuxen,medel\u00e5lders eller \u00e4ldre, som f\u00f6rlorat en familjemedlemgenom sj\u00e4lvmord. Vi vill genom forskning h\u00f6ra om dina erfarenheter.Dina erfarenheter kan hj\u00e4lpa oss attf\u00f6rb\u00e4ttra st\u00f6det till efterlevande.\u00c4r du intresserad och vill veta mera? V\u00e4lkommen att kontakta Christina Nilsson,ambulanssjuksk\u00f6terska och doktorand [&hellip;]\" \/>\n<meta property=\"og:url\" content=\"https:\/\/site.bonniernewslocal.se\/landningssida\/region-orebro-lan\/\" \/>\n<meta property=\"og:site_name\" content=\"Landningssida\" \/>\n<meta property=\"article:modified_time\" content=\"2024-07-26T13:53:22+00:00\" \/>\n<meta name=\"twitter:card\" content=\"summary_large_image\" \/>\n<meta name=\"twitter:label1\" content=\"Ber\u00e4knad l\u00e4stid\" \/>\n\t<meta name=\"twitter:data1\" content=\"1 minut\" \/>\n<script type=\"application\/ld+json\" class=\"yoast-schema-graph\">{\"@context\":\"https:\/\/schema.org\",\"@graph\":[{\"@type\":\"WebPage\",\"@id\":\"https:\/\/site.bonniernewslocal.se\/landningssida\/region-orebro-lan\/\",\"url\":\"https:\/\/site.bonniernewslocal.se\/landningssida\/region-orebro-lan\/\",\"name\":\"Region \u00d6rebro l\u00e4n - Landningssida\",\"isPartOf\":{\"@id\":\"https:\/\/site.bonniernewslocal.se\/landningssida\/#website\"},\"datePublished\":\"2024-07-09T08:53:37+00:00\",\"dateModified\":\"2024-07-26T13:53:22+00:00\",\"breadcrumb\":{\"@id\":\"https:\/\/site.bonniernewslocal.se\/landningssida\/region-orebro-lan\/#breadcrumb\"},\"inLanguage\":\"sv-SE\",\"potentialAction\":[{\"@type\":\"ReadAction\",\"target\":[\"https:\/\/site.bonniernewslocal.se\/landningssida\/region-orebro-lan\/\"]}]},{\"@type\":\"BreadcrumbList\",\"@id\":\"https:\/\/site.bonniernewslocal.se\/landningssida\/region-orebro-lan\/#breadcrumb\",\"itemListElement\":[{\"@type\":\"ListItem\",\"position\":1,\"name\":\"Hem\",\"item\":\"https:\/\/site.bonniernewslocal.se\/landningssida\/\"},{\"@type\":\"ListItem\",\"position\":2,\"name\":\"Region \u00d6rebro l\u00e4n\"}]},{\"@type\":\"WebSite\",\"@id\":\"https:\/\/site.bonniernewslocal.se\/landningssida\/#website\",\"url\":\"https:\/\/site.bonniernewslocal.se\/landningssida\/\",\"name\":\"Landningssida\",\"description\":\"\",\"potentialAction\":[{\"@type\":\"SearchAction\",\"target\":{\"@type\":\"EntryPoint\",\"urlTemplate\":\"https:\/\/site.bonniernewslocal.se\/landningssida\/?s={search_term_string}\"},\"query-input\":{\"@type\":\"PropertyValueSpecification\",\"valueRequired\":true,\"valueName\":\"search_term_string\"}}],\"inLanguage\":\"sv-SE\"}]}<\/script>\n<!-- \/ Yoast SEO plugin. -->","yoast_head_json":{"title":"Region \u00d6rebro l\u00e4n - Landningssida","robots":{"index":"index","follow":"follow","max-snippet":"max-snippet:-1","max-image-preview":"max-image-preview:large","max-video-preview":"max-video-preview:-1"},"canonical":"https:\/\/site.bonniernewslocal.se\/landningssida\/region-orebro-lan\/","og_locale":"sv_SE","og_type":"article","og_title":"Region \u00d6rebro l\u00e4n - Landningssida","og_description":"Har du f\u00f6rlorat en familjemedlem genom sj\u00e4lvmord?Vi s\u00f6ker studiedeltagare Vi s\u00f6ker dig som \u00e4r \u00f6ver 18 \u00e5r; ung vuxen,medel\u00e5lders eller \u00e4ldre, som f\u00f6rlorat en familjemedlemgenom sj\u00e4lvmord. Vi vill genom forskning h\u00f6ra om dina erfarenheter.Dina erfarenheter kan hj\u00e4lpa oss attf\u00f6rb\u00e4ttra st\u00f6det till efterlevande.\u00c4r du intresserad och vill veta mera? V\u00e4lkommen att kontakta Christina Nilsson,ambulanssjuksk\u00f6terska och doktorand [&hellip;]","og_url":"https:\/\/site.bonniernewslocal.se\/landningssida\/region-orebro-lan\/","og_site_name":"Landningssida","article_modified_time":"2024-07-26T13:53:22+00:00","twitter_card":"summary_large_image","twitter_misc":{"Ber\u00e4knad l\u00e4stid":"1 minut"},"schema":{"@context":"https:\/\/schema.org","@graph":[{"@type":"WebPage","@id":"https:\/\/site.bonniernewslocal.se\/landningssida\/region-orebro-lan\/","url":"https:\/\/site.bonniernewslocal.se\/landningssida\/region-orebro-lan\/","name":"Region \u00d6rebro l\u00e4n - Landningssida","isPartOf":{"@id":"https:\/\/site.bonniernewslocal.se\/landningssida\/#website"},"datePublished":"2024-07-09T08:53:37+00:00","dateModified":"2024-07-26T13:53:22+00:00","breadcrumb":{"@id":"https:\/\/site.bonniernewslocal.se\/landningssida\/region-orebro-lan\/#breadcrumb"},"inLanguage":"sv-SE","potentialAction":[{"@type":"ReadAction","target":["https:\/\/site.bonniernewslocal.se\/landningssida\/region-orebro-lan\/"]}]},{"@type":"BreadcrumbList","@id":"https:\/\/site.bonniernewslocal.se\/landningssida\/region-orebro-lan\/#breadcrumb","itemListElement":[{"@type":"ListItem","position":1,"name":"Hem","item":"https:\/\/site.bonniernewslocal.se\/landningssida\/"},{"@type":"ListItem","position":2,"name":"Region \u00d6rebro l\u00e4n"}]},{"@type":"WebSite","@id":"https:\/\/site.bonniernewslocal.se\/landningssida\/#website","url":"https:\/\/site.bonniernewslocal.se\/landningssida\/","name":"Landningssida","description":"","potentialAction":[{"@type":"SearchAction","target":{"@type":"EntryPoint","urlTemplate":"https:\/\/site.bonniernewslocal.se\/landningssida\/?s={search_term_string}"},"query-input":{"@type":"PropertyValueSpecification","valueRequired":true,"valueName":"search_term_string"}}],"inLanguage":"sv-SE"}]}},"_links":{"self":[{"href":"https:\/\/site.bonniernewslocal.se\/landningssida\/wp-json\/wp\/v2\/pages\/242624","targetHints":{"allow":["GET"]}}],"collection":[{"href":"https:\/\/site.bonniernewslocal.se\/landningssida\/wp-json\/wp\/v2\/pages"}],"about":[{"href":"https:\/\/site.bonniernewslocal.se\/landningssida\/wp-json\/wp\/v2\/types\/page"}],"author":[{"embeddable":true,"href":"https:\/\/site.bonniernewslocal.se\/landningssida\/wp-json\/wp\/v2\/users\/7"}],"replies":[{"embeddable":true,"href":"https:\/\/site.bonniernewslocal.se\/landningssida\/wp-json\/wp\/v2\/comments?post=242624"}],"version-history":[{"count":34,"href":"https:\/\/site.bonniernewslocal.se\/landningssida\/wp-json\/wp\/v2\/pages\/242624\/revisions"}],"predecessor-version":[{"id":242675,"href":"https:\/\/site.bonniernewslocal.se\/landningssida\/wp-json\/wp\/v2\/pages\/242624\/revisions\/242675"}],"wp:attachment":[{"href":"https:\/\/site.bonniernewslocal.se\/landningssida\/wp-json\/wp\/v2\/media?parent=242624"}],"curies":[{"name":"wp","href":"https:\/\/api.w.org\/{rel}","templated":true}]}}