{"id":240352,"date":"2023-11-14T14:27:40","date_gmt":"2023-11-14T13:27:40","guid":{"rendered":"https:\/\/site.bonniernewslocal.se\/landningssida\/?page_id=240352"},"modified":"2023-11-17T11:10:48","modified_gmt":"2023-11-17T10:10:48","slug":"team-sportia-soderhamn","status":"publish","type":"page","link":"https:\/\/site.bonniernewslocal.se\/landningssida\/team-sportia-soderhamn\/","title":{"rendered":"Team Sportia S\u00f6derhamn"},"content":{"rendered":"<p>[et_pb_section fb_built=&#8221;1&#8243; admin_label=&#8221;Chefs&#8221; _builder_version=&#8221;4.23.1&#8243; background_color=&#8221;#eeeeee&#8221; background_enable_image=&#8221;off&#8221; background_size=&#8221;contain&#8221; background_position=&#8221;top_left&#8221; background_blend=&#8221;color&#8221; max_width=&#8221;100%&#8221; custom_padding=&#8221;91px|0px|1px|0px|false|&#8221; saved_tabs=&#8221;all&#8221; collapsed=&#8221;off&#8221; global_colors_info=&#8221;{}&#8221;][et_pb_row custom_padding_last_edited=&#8221;on|phone&#8221; module_id=&#8221;erbj&#8221; _builder_version=&#8221;4.23.1&#8243; _module_preset=&#8221;default&#8221; background_color=&#8221;#FFFFFF&#8221; z_index=&#8221;999&#8243; width_tablet=&#8221;&#8221; width_phone=&#8221;90%&#8221; width_last_edited=&#8221;on|phone&#8221; max_width_tablet=&#8221;610px&#8221; max_width_phone=&#8221;&#8221; max_width_last_edited=&#8221;on|tablet&#8221; custom_margin=&#8221;|auto|2px|auto|false|false&#8221; custom_margin_tablet=&#8221;|auto|2px|auto|false|false&#8221; custom_margin_phone=&#8221;|auto|2px|auto|false|false&#8221; custom_margin_last_edited=&#8221;on|phone&#8221; custom_padding=&#8221;50px|50px||50px|false|false&#8221; custom_padding_tablet=&#8221;100px||||false|false&#8221; custom_padding_phone=&#8221;80px|100px||100px|false|false&#8221; locked=&#8221;off&#8221; global_colors_info=&#8221;{}&#8221;][et_pb_column type=&#8221;4_4&#8243; _builder_version=&#8221;4.16&#8243; _module_preset=&#8221;default&#8221; global_colors_info=&#8221;{}&#8221;][et_pb_image src=&#8221;https:\/\/site.bonniernewslocal.se\/landningssida\/wp-content\/uploads\/2023\/11\/teamSportiaSoderhamn.jpg&#8221; alt=&#8221;Team Sportia S\u00f6derhamn&#8221; title_text=&#8221;Team Sportia S\u00f6derhamn&#8221; align_tablet=&#8221;center&#8221; align_phone=&#8221;&#8221; align_last_edited=&#8221;on|desktop&#8221; _builder_version=&#8221;4.23.1&#8243; width=&#8221;100%&#8221; custom_padding=&#8221;|10px||10px|false|false&#8221; animation_style=&#8221;slide&#8221; animation_direction=&#8221;top&#8221; animation_intensity_slide=&#8221;4%&#8221; animation_starting_opacity=&#8221;100%&#8221; locked=&#8221;off&#8221; global_colors_info=&#8221;{}&#8221;][\/et_pb_image][et_pb_text _builder_version=&#8221;4.23.1&#8243; text_font=&#8221;Montserrat||||&#8221; text_text_color=&#8221;#999999&#8243; text_font_size=&#8221;15px&#8221; text_line_height=&#8221;1.8em&#8221; header_font=&#8221;||||||||&#8221; header_2_font=&#8221;Roboto||||||||&#8221; header_2_font_size=&#8221;15px&#8221; header_2_line_height=&#8221;25px&#8221; header_3_font=&#8221;Playfair Display||||||||&#8221; header_3_font_size=&#8221;55px&#8221; header_3_line_height=&#8221;55px&#8221; header_4_font=&#8221;|700||on|||||&#8221; header_4_text_color=&#8221;#bfbfbf&#8221; header_4_font_size=&#8221;13px&#8221; header_4_letter_spacing=&#8221;2px&#8221; background_size=&#8221;initial&#8221; background_position=&#8221;top_left&#8221; background_repeat=&#8221;repeat&#8221; text_orientation=&#8221;center&#8221; module_alignment=&#8221;center&#8221; custom_margin=&#8221;50px|40px|10px|40px|false|false&#8221; custom_margin_tablet=&#8221;&#8221; custom_margin_phone=&#8221;-11px||||false|false&#8221; custom_margin_last_edited=&#8221;on|desktop&#8221; custom_padding=&#8221;|||&#8221; hover_enabled=&#8221;0&#8243; header_3_font_size_tablet=&#8221;44px&#8221; header_3_font_size_phone=&#8221;29px&#8221; header_3_font_size_last_edited=&#8221;on|phone&#8221; header_3_line_height_tablet=&#8221;50px&#8221; header_3_line_height_phone=&#8221;32.6px&#8221; header_3_line_height_last_edited=&#8221;on|phone&#8221; locked=&#8221;off&#8221; inline_fonts=&#8221;Playfair Display&#8221; global_colors_info=&#8221;{}&#8221; sticky_enabled=&#8221;0&#8243;]<\/p>\n<h3>Vi \u00e4r din lokala sportbutik i S\u00f6derhamn med personlig service<\/h3>\n<h2>\u00a0<\/h2>\n<h2>Hos oss hittar Ni varum\u00e4rken fr\u00e5n bl.a Fj\u00e4llr\u00e4ven, Hagl\u00f6fs, Icepeak, Craft, R\u00f6hnisch, Hoka, Asics, Saucony, Salomon, Hestra, Fischer, Puma, Adidas, Wiggler, Abu m.m<\/h2>\n<p>[\/et_pb_text][\/et_pb_column][\/et_pb_row][et_pb_row _builder_version=&#8221;4.23.1&#8243; _module_preset=&#8221;default&#8221; background_color=&#8221;#FFFFFF&#8221; width=&#8221;90%&#8221; custom_padding=&#8221;|50px||50px|false|true&#8221; global_colors_info=&#8221;{}&#8221;][et_pb_column type=&#8221;4_4&#8243; _builder_version=&#8221;4.23.1&#8243; _module_preset=&#8221;default&#8221; global_colors_info=&#8221;{}&#8221;][et_pb_text _builder_version=&#8221;4.23.1&#8243; text_font=&#8221;Montserrat||||&#8221; text_text_color=&#8221;#999999&#8243; text_font_size=&#8221;15px&#8221; text_line_height=&#8221;1.8em&#8221; header_font=&#8221;||||||||&#8221; header_2_font=&#8221;Roboto||||||||&#8221; header_2_font_size=&#8221;21px&#8221; header_2_line_height=&#8221;25px&#8221; header_3_font=&#8221;Playfair Display||||||||&#8221; header_3_font_size=&#8221;42px&#8221; header_3_line_height=&#8221;55px&#8221; header_4_font=&#8221;|700||on|||||&#8221; header_4_text_color=&#8221;#bfbfbf&#8221; header_4_font_size=&#8221;13px&#8221; header_4_letter_spacing=&#8221;2px&#8221; background_size=&#8221;initial&#8221; background_position=&#8221;top_left&#8221; background_repeat=&#8221;repeat&#8221; text_orientation=&#8221;center&#8221; module_alignment=&#8221;center&#8221; custom_margin=&#8221;||||false|false&#8221; custom_margin_tablet=&#8221;&#8221; custom_margin_phone=&#8221;-11px||||false|false&#8221; custom_margin_last_edited=&#8221;on|desktop&#8221; custom_padding=&#8221;|||&#8221; header_3_font_size_tablet=&#8221;35px&#8221; header_3_font_size_phone=&#8221;21px&#8221; header_3_font_size_last_edited=&#8221;on|phone&#8221; header_3_line_height_tablet=&#8221;&#8221; header_3_line_height_phone=&#8221;28.6px&#8221; header_3_line_height_last_edited=&#8221;on|phone&#8221; locked=&#8221;off&#8221; inline_fonts=&#8221;Playfair Display&#8221; global_colors_info=&#8221;{}&#8221;]<\/p>\n<h2><\/h2>\n<h3 style=\"text-align: center;\">\u200bVi g\u00f6r il\u00e4ggssulor fr\u00e5n Footbalance<\/h3>\n<p>[\/et_pb_text][\/et_pb_column][\/et_pb_row][et_pb_row _builder_version=&#8221;4.23.1&#8243; _module_preset=&#8221;default&#8221; background_color=&#8221;#FFFFFF&#8221; width=&#8221;90%&#8221; min_height_tablet=&#8221;&#8221; min_height_phone=&#8221;&#8221; min_height_last_edited=&#8221;on|desktop&#8221; custom_padding=&#8221;0px|50px|0px|50px|false|false&#8221; global_colors_info=&#8221;{}&#8221;][et_pb_column type=&#8221;4_4&#8243; _builder_version=&#8221;4.23.1&#8243; _module_preset=&#8221;default&#8221; global_colors_info=&#8221;{}&#8221;][et_pb_image src=&#8221;https:\/\/site.bonniernewslocal.se\/landningssida\/wp-content\/uploads\/2023\/11\/100-custom-insoles_600x600px_Apr19_SWE.jpg&#8221; title_text=&#8221;100-custom-insoles_600x600px_Apr19_SWE&#8221; align=&#8221;center&#8221; _builder_version=&#8221;4.23.1&#8243; _module_preset=&#8221;default&#8221; global_colors_info=&#8221;{}&#8221;][\/et_pb_image][\/et_pb_column][\/et_pb_row][et_pb_row module_id=&#8221;erbj&#8221; _builder_version=&#8221;4.23.1&#8243; _module_preset=&#8221;default&#8221; background_color=&#8221;#FFFFFF&#8221; z_index=&#8221;999&#8243; width=&#8221;90%&#8221; width_last_edited=&#8221;off|tablet&#8221; max_width_tablet=&#8221;614px&#8221; max_width_phone=&#8221;&#8221; max_width_last_edited=&#8221;on|tablet&#8221; custom_margin=&#8221;|auto||auto|false|false&#8221; custom_padding=&#8221;|50px||50px|false|false&#8221; locked=&#8221;off&#8221; global_colors_info=&#8221;{}&#8221;][et_pb_column type=&#8221;4_4&#8243; _builder_version=&#8221;4.16&#8243; _module_preset=&#8221;default&#8221; global_colors_info=&#8221;{}&#8221;][et_pb_text _builder_version=&#8221;4.23.1&#8243; text_font=&#8221;Montserrat||||&#8221; text_text_color=&#8221;#999999&#8243; text_font_size=&#8221;15px&#8221; text_line_height=&#8221;1.8em&#8221; header_font=&#8221;||||||||&#8221; header_2_font=&#8221;Roboto||||||||&#8221; header_2_font_size=&#8221;19px&#8221; header_2_line_height=&#8221;25px&#8221; header_3_font=&#8221;Playfair Display||||||||&#8221; header_3_font_size=&#8221;55px&#8221; header_3_line_height=&#8221;55px&#8221; header_4_font=&#8221;|700||on|||||&#8221; header_4_text_color=&#8221;#bfbfbf&#8221; header_4_font_size=&#8221;13px&#8221; header_4_letter_spacing=&#8221;2px&#8221; background_color=&#8221;RGBA(255,255,255,0)&#8221; background_size=&#8221;initial&#8221; background_position=&#8221;top_left&#8221; background_repeat=&#8221;repeat&#8221; text_orientation=&#8221;center&#8221; module_alignment=&#8221;center&#8221; custom_margin=&#8221;||||false|false&#8221; custom_margin_tablet=&#8221;&#8221; custom_margin_phone=&#8221;-11px||||false|false&#8221; custom_margin_last_edited=&#8221;on|desktop&#8221; custom_padding=&#8221;|||&#8221; header_3_font_size_tablet=&#8221;&#8221; header_3_font_size_phone=&#8221;43px&#8221; header_3_font_size_last_edited=&#8221;on|phone&#8221; header_3_line_height_tablet=&#8221;&#8221; header_3_line_height_phone=&#8221;52.6px&#8221; header_3_line_height_last_edited=&#8221;on|phone&#8221; locked=&#8221;off&#8221; inline_fonts=&#8221;Playfair Display&#8221; global_colors_info=&#8221;{}&#8221;]<\/p>\n<h2>\u00a0<\/h2>\n<h2 style=\"text-align: center;\"><em>F\u00f6lj oss p\u00e5 <strong><a href=\"https:\/\/www.facebook.com\/teamsportiasoderhamn\/?ref=embed_page\" target=\"_blank\" rel=\"noopener\">Facebook<\/a><\/strong> och <strong><a href=\"https:\/\/www.instagram.com\/teamsportiasoderhamn\/\" target=\"_blank\" rel=\"noopener\">Instagram!<\/a><\/strong><\/em><\/h2>\n<p>[\/et_pb_text][\/et_pb_column][\/et_pb_row][\/et_pb_section][et_pb_section fb_built=&#8221;1&#8243; admin_label=&#8221;Sponsors&#8221; module_id=&#8221;open&#8221; _builder_version=&#8221;4.16&#8243; background_color=&#8221;#222222&#8243; custom_padding=&#8221;8px|0px|27px|0px||&#8221; collapsed=&#8221;off&#8221; global_colors_info=&#8221;{}&#8221;][et_pb_row column_structure=&#8221;1_3,1_3,1_3&#8243; _builder_version=&#8221;4.16&#8243; custom_margin=&#8221;|auto|9px|auto||&#8221; custom_padding=&#8221;12px||13px|||&#8221; global_colors_info=&#8221;{}&#8221;][et_pb_column type=&#8221;1_3&#8243; _builder_version=&#8221;4.16&#8243; custom_padding=&#8221;|||&#8221; global_colors_info=&#8221;{}&#8221; custom_padding__hover=&#8221;|||&#8221;][et_pb_image src=&#8221;https:\/\/site.bonniernewslocal.se\/landningssida\/wp-content\/uploads\/2023\/11\/Team_Sportia_vit.png&#8221; alt=&#8221;Team Sportia&#8221; title_text=&#8221;Team Sportia&#8221; _builder_version=&#8221;4.23.1&#8243; _module_preset=&#8221;default&#8221; width=&#8221;40%&#8221; custom_margin=&#8221;-4px|||||&#8221; custom_padding=&#8221;34px||||false|false&#8221; global_colors_info=&#8221;{}&#8221;][\/et_pb_image][\/et_pb_column][et_pb_column type=&#8221;1_3&#8243; _builder_version=&#8221;4.16&#8243; custom_padding=&#8221;40px|||&#8221; global_colors_info=&#8221;{}&#8221; custom_padding__hover=&#8221;|||&#8221;][et_pb_text admin_label=&#8221;Title&#8221; _builder_version=&#8221;4.16&#8243; text_font=&#8221;||||||||&#8221; text_text_color=&#8221;#FFFFFF&#8221; header_font=&#8221;||||||||&#8221; header_text_color=&#8221;#FFFFFF&#8221; header_2_font=&#8221;||||||||&#8221; header_4_font=&#8221;Roboto|700||on|||||&#8221; header_4_text_color=&#8221;#FFFFFF&#8221; header_4_letter_spacing=&#8221;1px&#8221; header_4_line_height=&#8221;1.4em&#8221; custom_margin=&#8221;||10px|&#8221; custom_padding=&#8221;|||&#8221; animation_style=&#8221;fade&#8221; global_colors_info=&#8221;{}&#8221;]<\/p>\n<h4>HITTA till oss<\/h4>\n<p>[\/et_pb_text][et_pb_divider color=&#8221;#ffb500&#8243; divider_weight=&#8221;2px&#8221; disabled_on=&#8221;on|on|off&#8221; _builder_version=&#8221;4.16&#8243; max_width=&#8221;50px&#8221; animation_style=&#8221;fade&#8221; global_colors_info=&#8221;{}&#8221;][\/et_pb_divider][et_pb_text _builder_version=&#8221;4.23.1&#8243; text_font=&#8221;||||||||&#8221; text_font_size=&#8221;16px&#8221; text_line_height=&#8221;1.8em&#8221; custom_margin=&#8221;-30px|||&#8221; animation_style=&#8221;fade&#8221; global_colors_info=&#8221;{}&#8221;]<\/p>\n<p>E-Center, Stickv\u00e4gen 2<br \/>826 40 S\u00f6derhamn<br \/>Telefon: 0270-41 000<\/p>\n<p>[\/et_pb_text][\/et_pb_column][et_pb_column type=&#8221;1_3&#8243; _builder_version=&#8221;4.16&#8243; custom_padding=&#8221;40px|||&#8221; global_colors_info=&#8221;{}&#8221; custom_padding__hover=&#8221;|||&#8221;][et_pb_text admin_label=&#8221;Title&#8221; _builder_version=&#8221;4.16&#8243; text_font=&#8221;||||||||&#8221; text_text_color=&#8221;#FFFFFF&#8221; header_font=&#8221;||||||||&#8221; header_text_color=&#8221;#FFFFFF&#8221; header_2_font=&#8221;||||||||&#8221; header_4_font=&#8221;Roboto|700||on|||||&#8221; header_4_text_color=&#8221;#FFFFFF&#8221; header_4_letter_spacing=&#8221;1px&#8221; header_4_line_height=&#8221;1.4em&#8221; custom_margin=&#8221;||10px|&#8221; custom_padding=&#8221;|||&#8221; animation_style=&#8221;fade&#8221; global_colors_info=&#8221;{}&#8221;]<\/p>\n<h4>\u00f6ppettider<\/h4>\n<p>[\/et_pb_text][et_pb_divider color=&#8221;#ffb500&#8243; divider_weight=&#8221;2px&#8221; disabled_on=&#8221;on|on|off&#8221; _builder_version=&#8221;4.16&#8243; max_width=&#8221;50px&#8221; animation_style=&#8221;fade&#8221; global_colors_info=&#8221;{}&#8221;][\/et_pb_divider][et_pb_text _builder_version=&#8221;4.23.1&#8243; text_font=&#8221;||||||||&#8221; text_font_size=&#8221;16px&#8221; text_line_height=&#8221;1.8em&#8221; custom_margin=&#8221;-30px|||&#8221; animation_style=&#8221;fade&#8221; global_colors_info=&#8221;{}&#8221;]<\/p>\n<p>M\u00e5nd-fred 10-18. L\u00f6rd 10-16. S\u00f6nd 11-16.<\/p>\n<p>[\/et_pb_text][\/et_pb_column][\/et_pb_row][\/et_pb_section]<\/p>\n","protected":false},"excerpt":{"rendered":"<p>Vi \u00e4r din lokala sportbutik i S\u00f6derhamn med personlig service \u00a0 Hos oss hittar Ni varum\u00e4rken fr\u00e5n bl.a Fj\u00e4llr\u00e4ven, Hagl\u00f6fs, Icepeak, Craft, R\u00f6hnisch, Hoka, Asics, Saucony, Salomon, Hestra, Fischer, Puma, Adidas, Wiggler, Abu m.m \u200bVi g\u00f6r il\u00e4ggssulor fr\u00e5n Footbalance\u00a0 F\u00f6lj oss p\u00e5 Facebook och Instagram!HITTA till ossE-Center, Stickv\u00e4gen 2826 40 S\u00f6derhamnTelefon: 0270-41 000\u00f6ppettiderM\u00e5nd-fred 10-18. L\u00f6rd [&hellip;]<\/p>\n","protected":false},"author":3,"featured_media":0,"parent":0,"menu_order":0,"comment_status":"closed","ping_status":"closed","template":"","meta":{"_acf_changed":false,"_et_pb_use_builder":"on","_et_pb_old_content":"","_et_gb_content_width":"","footnotes":""},"class_list":["post-240352","page","type-page","status-publish","hentry"],"acf":[],"yoast_head":"<!-- This site is optimized with the Yoast SEO plugin v26.6 - https:\/\/yoast.com\/wordpress\/plugins\/seo\/ -->\n<title>Team Sportia S\u00f6derhamn - Landningssida<\/title>\n<meta name=\"robots\" content=\"index, follow, max-snippet:-1, max-image-preview:large, max-video-preview:-1\" \/>\n<link rel=\"canonical\" href=\"https:\/\/site.bonniernewslocal.se\/landningssida\/team-sportia-soderhamn\/\" \/>\n<meta property=\"og:locale\" content=\"sv_SE\" \/>\n<meta property=\"og:type\" content=\"article\" \/>\n<meta property=\"og:title\" content=\"Team Sportia S\u00f6derhamn - Landningssida\" \/>\n<meta property=\"og:description\" content=\"Vi \u00e4r din lokala sportbutik i S\u00f6derhamn med personlig service \u00a0 Hos oss hittar Ni varum\u00e4rken fr\u00e5n bl.a Fj\u00e4llr\u00e4ven, Hagl\u00f6fs, Icepeak, Craft, R\u00f6hnisch, Hoka, Asics, Saucony, Salomon, Hestra, Fischer, Puma, Adidas, Wiggler, Abu m.m \u200bVi g\u00f6r il\u00e4ggssulor fr\u00e5n Footbalance\u00a0 F\u00f6lj oss p\u00e5 Facebook och Instagram!HITTA till ossE-Center, Stickv\u00e4gen 2826 40 S\u00f6derhamnTelefon: 0270-41 000\u00f6ppettiderM\u00e5nd-fred 10-18. L\u00f6rd [&hellip;]\" \/>\n<meta property=\"og:url\" content=\"https:\/\/site.bonniernewslocal.se\/landningssida\/team-sportia-soderhamn\/\" \/>\n<meta property=\"og:site_name\" content=\"Landningssida\" \/>\n<meta property=\"article:modified_time\" content=\"2023-11-17T10:10:48+00:00\" \/>\n<meta name=\"twitter:card\" content=\"summary_large_image\" \/>\n<meta name=\"twitter:label1\" content=\"Ber\u00e4knad l\u00e4stid\" \/>\n\t<meta name=\"twitter:data1\" content=\"2 minuter\" \/>\n<script type=\"application\/ld+json\" class=\"yoast-schema-graph\">{\"@context\":\"https:\/\/schema.org\",\"@graph\":[{\"@type\":\"WebPage\",\"@id\":\"https:\/\/site.bonniernewslocal.se\/landningssida\/team-sportia-soderhamn\/\",\"url\":\"https:\/\/site.bonniernewslocal.se\/landningssida\/team-sportia-soderhamn\/\",\"name\":\"Team Sportia S\u00f6derhamn - Landningssida\",\"isPartOf\":{\"@id\":\"https:\/\/site.bonniernewslocal.se\/landningssida\/#website\"},\"datePublished\":\"2023-11-14T13:27:40+00:00\",\"dateModified\":\"2023-11-17T10:10:48+00:00\",\"breadcrumb\":{\"@id\":\"https:\/\/site.bonniernewslocal.se\/landningssida\/team-sportia-soderhamn\/#breadcrumb\"},\"inLanguage\":\"sv-SE\",\"potentialAction\":[{\"@type\":\"ReadAction\",\"target\":[\"https:\/\/site.bonniernewslocal.se\/landningssida\/team-sportia-soderhamn\/\"]}]},{\"@type\":\"BreadcrumbList\",\"@id\":\"https:\/\/site.bonniernewslocal.se\/landningssida\/team-sportia-soderhamn\/#breadcrumb\",\"itemListElement\":[{\"@type\":\"ListItem\",\"position\":1,\"name\":\"Hem\",\"item\":\"https:\/\/site.bonniernewslocal.se\/landningssida\/\"},{\"@type\":\"ListItem\",\"position\":2,\"name\":\"Team Sportia S\u00f6derhamn\"}]},{\"@type\":\"WebSite\",\"@id\":\"https:\/\/site.bonniernewslocal.se\/landningssida\/#website\",\"url\":\"https:\/\/site.bonniernewslocal.se\/landningssida\/\",\"name\":\"Landningssida\",\"description\":\"\",\"potentialAction\":[{\"@type\":\"SearchAction\",\"target\":{\"@type\":\"EntryPoint\",\"urlTemplate\":\"https:\/\/site.bonniernewslocal.se\/landningssida\/?s={search_term_string}\"},\"query-input\":{\"@type\":\"PropertyValueSpecification\",\"valueRequired\":true,\"valueName\":\"search_term_string\"}}],\"inLanguage\":\"sv-SE\"}]}<\/script>\n<!-- \/ Yoast SEO plugin. -->","yoast_head_json":{"title":"Team Sportia S\u00f6derhamn - Landningssida","robots":{"index":"index","follow":"follow","max-snippet":"max-snippet:-1","max-image-preview":"max-image-preview:large","max-video-preview":"max-video-preview:-1"},"canonical":"https:\/\/site.bonniernewslocal.se\/landningssida\/team-sportia-soderhamn\/","og_locale":"sv_SE","og_type":"article","og_title":"Team Sportia S\u00f6derhamn - Landningssida","og_description":"Vi \u00e4r din lokala sportbutik i S\u00f6derhamn med personlig service \u00a0 Hos oss hittar Ni varum\u00e4rken fr\u00e5n bl.a Fj\u00e4llr\u00e4ven, Hagl\u00f6fs, Icepeak, Craft, R\u00f6hnisch, Hoka, Asics, Saucony, Salomon, Hestra, Fischer, Puma, Adidas, Wiggler, Abu m.m \u200bVi g\u00f6r il\u00e4ggssulor fr\u00e5n Footbalance\u00a0 F\u00f6lj oss p\u00e5 Facebook och Instagram!HITTA till ossE-Center, Stickv\u00e4gen 2826 40 S\u00f6derhamnTelefon: 0270-41 000\u00f6ppettiderM\u00e5nd-fred 10-18. L\u00f6rd [&hellip;]","og_url":"https:\/\/site.bonniernewslocal.se\/landningssida\/team-sportia-soderhamn\/","og_site_name":"Landningssida","article_modified_time":"2023-11-17T10:10:48+00:00","twitter_card":"summary_large_image","twitter_misc":{"Ber\u00e4knad l\u00e4stid":"2 minuter"},"schema":{"@context":"https:\/\/schema.org","@graph":[{"@type":"WebPage","@id":"https:\/\/site.bonniernewslocal.se\/landningssida\/team-sportia-soderhamn\/","url":"https:\/\/site.bonniernewslocal.se\/landningssida\/team-sportia-soderhamn\/","name":"Team Sportia S\u00f6derhamn - Landningssida","isPartOf":{"@id":"https:\/\/site.bonniernewslocal.se\/landningssida\/#website"},"datePublished":"2023-11-14T13:27:40+00:00","dateModified":"2023-11-17T10:10:48+00:00","breadcrumb":{"@id":"https:\/\/site.bonniernewslocal.se\/landningssida\/team-sportia-soderhamn\/#breadcrumb"},"inLanguage":"sv-SE","potentialAction":[{"@type":"ReadAction","target":["https:\/\/site.bonniernewslocal.se\/landningssida\/team-sportia-soderhamn\/"]}]},{"@type":"BreadcrumbList","@id":"https:\/\/site.bonniernewslocal.se\/landningssida\/team-sportia-soderhamn\/#breadcrumb","itemListElement":[{"@type":"ListItem","position":1,"name":"Hem","item":"https:\/\/site.bonniernewslocal.se\/landningssida\/"},{"@type":"ListItem","position":2,"name":"Team Sportia S\u00f6derhamn"}]},{"@type":"WebSite","@id":"https:\/\/site.bonniernewslocal.se\/landningssida\/#website","url":"https:\/\/site.bonniernewslocal.se\/landningssida\/","name":"Landningssida","description":"","potentialAction":[{"@type":"SearchAction","target":{"@type":"EntryPoint","urlTemplate":"https:\/\/site.bonniernewslocal.se\/landningssida\/?s={search_term_string}"},"query-input":{"@type":"PropertyValueSpecification","valueRequired":true,"valueName":"search_term_string"}}],"inLanguage":"sv-SE"}]}},"_links":{"self":[{"href":"https:\/\/site.bonniernewslocal.se\/landningssida\/wp-json\/wp\/v2\/pages\/240352","targetHints":{"allow":["GET"]}}],"collection":[{"href":"https:\/\/site.bonniernewslocal.se\/landningssida\/wp-json\/wp\/v2\/pages"}],"about":[{"href":"https:\/\/site.bonniernewslocal.se\/landningssida\/wp-json\/wp\/v2\/types\/page"}],"author":[{"embeddable":true,"href":"https:\/\/site.bonniernewslocal.se\/landningssida\/wp-json\/wp\/v2\/users\/3"}],"replies":[{"embeddable":true,"href":"https:\/\/site.bonniernewslocal.se\/landningssida\/wp-json\/wp\/v2\/comments?post=240352"}],"version-history":[{"count":53,"href":"https:\/\/site.bonniernewslocal.se\/landningssida\/wp-json\/wp\/v2\/pages\/240352\/revisions"}],"predecessor-version":[{"id":240479,"href":"https:\/\/site.bonniernewslocal.se\/landningssida\/wp-json\/wp\/v2\/pages\/240352\/revisions\/240479"}],"wp:attachment":[{"href":"https:\/\/site.bonniernewslocal.se\/landningssida\/wp-json\/wp\/v2\/media?parent=240352"}],"curies":[{"name":"wp","href":"https:\/\/api.w.org\/{rel}","templated":true}]}}