{"id":240086,"date":"2023-11-01T16:10:19","date_gmt":"2023-11-01T15:10:19","guid":{"rendered":"https:\/\/site.bonniernewslocal.se\/landningssida\/?page_id=240086"},"modified":"2025-12-09T12:34:45","modified_gmt":"2025-12-09T11:34:45","slug":"skara-julstaden-jul-pa-hotorget","status":"publish","type":"page","link":"https:\/\/site.bonniernewslocal.se\/landningssida\/skara-julstaden-jul-pa-hotorget\/","title":{"rendered":"Skara Julstaden &#8211; Jul p\u00e5 H\u00f6torget"},"content":{"rendered":"<p>[et_pb_section fb_built=&#8221;1&#8243; admin_label=&#8221;Topbild&#8221; _builder_version=&#8221;4.23&#8243; background_color=&#8221;RGBA(255,255,255,0)&#8221; background_image=&#8221;https:\/\/site.bonniernewslocal.se\/landningssida\/wp-content\/uploads\/2023\/11\/back.png&#8221; parallax=&#8221;on&#8221; background_blend=&#8221;color&#8221; height=&#8221;250px&#8221; custom_padding=&#8221;101px|0px|0px|0px||&#8221; saved_tabs=&#8221;all&#8221; collapsed=&#8221;off&#8221; global_colors_info=&#8221;{}&#8221;][et_pb_row _builder_version=&#8221;4.23&#8243; _module_preset=&#8221;default&#8221; custom_padding=&#8221;31px||9px|||&#8221; global_colors_info=&#8221;{}&#8221;][et_pb_column type=&#8221;4_4&#8243; _builder_version=&#8221;4.23&#8243; _module_preset=&#8221;default&#8221; global_colors_info=&#8221;{}&#8221;][et_pb_text _builder_version=&#8221;4.23&#8243; _module_preset=&#8221;default&#8221; global_colors_info=&#8221;{}&#8221;][\/et_pb_text][\/et_pb_column][\/et_pb_row][\/et_pb_section][et_pb_section fb_built=&#8221;1&#8243; admin_label=&#8221;Produkt&#8221; _builder_version=&#8221;4.23&#8243; background_color=&#8221;RGBA(255,255,255,0)&#8221; background_image=&#8221;https:\/\/site.bonniernewslocal.se\/landningssida\/wp-content\/uploads\/2023\/11\/bggreen-6.jpg&#8221; background_size=&#8221;contain&#8221; background_position=&#8221;top_left&#8221; background_repeat=&#8221;repeat&#8221; background_blend=&#8221;color&#8221; custom_padding=&#8221;3px|0px|174px|0px||&#8221; saved_tabs=&#8221;all&#8221; collapsed=&#8221;off&#8221; global_colors_info=&#8221;{}&#8221;][et_pb_row column_structure=&#8221;1_2,1_2&#8243; _builder_version=&#8221;4.23&#8243; _module_preset=&#8221;default&#8221; custom_padding=&#8221;||4px|||&#8221; global_colors_info=&#8221;{}&#8221;][et_pb_column type=&#8221;1_2&#8243; _builder_version=&#8221;4.23&#8243; _module_preset=&#8221;default&#8221; global_colors_info=&#8221;{}&#8221;][et_pb_button button_url=&#8221;https:\/\/site.bonniernewslocal.se\/landningssida\/skara-julstaden\/&#8221; button_text=&#8221;Tillbaka&#8221; button_alignment=&#8221;left&#8221; module_class=&#8221;lightbox-trigger-testar&#8221; _builder_version=&#8221;4.23&#8243; _module_preset=&#8221;default&#8221; custom_button=&#8221;on&#8221; button_text_color=&#8221;#ffffff&#8221; button_border_radius=&#8221;30px&#8221; button_icon=&#8221;&#x34;||divi||400&#8243; button_icon_placement=&#8221;left&#8221; background_layout=&#8221;dark&#8221; custom_margin=&#8221;0px||||false|false&#8221; custom_padding=&#8221;7px||||false|false&#8221; button_text_size_tablet=&#8221;&#8221; button_text_size_phone=&#8221;&#8221; button_text_size_last_edited=&#8221;on|desktop&#8221; global_colors_info=&#8221;{}&#8221;][\/et_pb_button][\/et_pb_column][et_pb_column type=&#8221;1_2&#8243; _builder_version=&#8221;4.23&#8243; _module_preset=&#8221;default&#8221; global_colors_info=&#8221;{}&#8221;][\/et_pb_column][\/et_pb_row][et_pb_row column_structure=&#8221;1_2,1_2&#8243; module_id=&#8221;erbj&#8221; _builder_version=&#8221;4.16&#8243; _module_preset=&#8221;default&#8221; background_enable_color=&#8221;off&#8221; z_index=&#8221;999&#8243; width_last_edited=&#8221;off|tablet&#8221; max_width_tablet=&#8221;450px&#8221; max_width_phone=&#8221;&#8221; max_width_last_edited=&#8221;on|tablet&#8221; custom_margin=&#8221;|auto||auto|false|false&#8221; custom_padding=&#8221;||||false|false&#8221; locked=&#8221;off&#8221; global_colors_info=&#8221;{}&#8221;][et_pb_column type=&#8221;1_2&#8243; _builder_version=&#8221;4.16&#8243; _module_preset=&#8221;default&#8221; global_colors_info=&#8221;{}&#8221;][et_pb_image src=&#8221;https:\/\/site.bonniernewslocal.se\/landningssida\/wp-content\/uploads\/2025\/12\/kula.jpg&#8221; title_text=&#8221;kula&#8221; align_tablet=&#8221;center&#8221; align_phone=&#8221;&#8221; align_last_edited=&#8221;on|desktop&#8221; _builder_version=&#8221;4.27.5&#8243; animation_style=&#8221;slide&#8221; animation_direction=&#8221;top&#8221; animation_intensity_slide=&#8221;4%&#8221; animation_starting_opacity=&#8221;100%&#8221; hover_enabled=&#8221;0&#8243; border_width_all=&#8221;13px&#8221; border_color_all=&#8221;#880000&#8243; locked=&#8221;off&#8221; global_colors_info=&#8221;{}&#8221; sticky_enabled=&#8221;0&#8243;][\/et_pb_image][\/et_pb_column][et_pb_column type=&#8221;1_2&#8243; _builder_version=&#8221;4.16&#8243; _module_preset=&#8221;default&#8221; global_colors_info=&#8221;{}&#8221;][et_pb_text content_tablet=&#8221;<\/p>\n<h1>Jul p\u00e5 H\u00f6torget<\/h1>\n<h2><strong>L\u00f6rdagen den 20 december <\/strong><\/h2>\n<p style=%22text-align: left;%22>H\u00f6torget i Skara fylls med julens smaker och aktiviteter f\u00f6r hela familjen. Julhandla lokalt, l\u00e4mna \u00f6nskelista till tomten, bes\u00f6k julmarknaden med lokala hantverkare och matproducenter. Det bjuds p\u00e5 gl\u00f6gg, rimstuga och tomtejakt med fina priser.<\/p>\n<p>&#8221; content_phone=&#8221;<\/p>\n<h1>Jul p\u00e5 H\u00f6torget<\/h1>\n<h2><strong>L\u00f6rdagen den 20 december <\/strong><\/h2>\n<p style=%22text-align: left;%22>H\u00f6torget i Skara fylls med julens smaker och aktiviteter f\u00f6r hela familjen. Julhandla lokalt, l\u00e4mna \u00f6nskelista till tomten, bes\u00f6k julmarknaden med lokala hantverkare och matproducenter. Det bjuds p\u00e5 gl\u00f6gg, rimstuga och tomtejakt med fina priser.<\/p>\n<p>&#8221; content_last_edited=&#8221;on|desktop&#8221; _builder_version=&#8221;4.27.5&#8243; text_font=&#8221;Brygada 1918||||||||&#8221; text_text_color=&#8221;#FFFFFF&#8221; text_font_size=&#8221;15px&#8221; text_line_height=&#8221;1.8em&#8221; header_font=&#8221;Brygada 1918||||||||&#8221; header_text_align=&#8221;left&#8221; header_text_color=&#8221;#FFFFFF&#8221; header_line_height=&#8221;1.3em&#8221; header_2_font=&#8221;Brygada 1918|||on|||||&#8221; header_2_text_align=&#8221;left&#8221; header_2_text_color=&#8221;#E02B20&#8243; header_2_font_size=&#8221;18px&#8221; header_2_line_height=&#8221;22.8px&#8221; header_3_font=&#8221;Playfair Display||||||||&#8221; header_3_font_size=&#8221;62px&#8221; header_3_line_height=&#8221;70px&#8221; header_4_font=&#8221;|700||on|||||&#8221; header_4_text_color=&#8221;#bfbfbf&#8221; header_4_font_size=&#8221;13px&#8221; header_4_letter_spacing=&#8221;2px&#8221; background_size=&#8221;initial&#8221; background_position=&#8221;top_left&#8221; background_repeat=&#8221;repeat&#8221; text_orientation=&#8221;center&#8221; background_layout=&#8221;dark&#8221; module_alignment=&#8221;center&#8221; custom_margin=&#8221;-3px|40px|10px|40px|false|false&#8221; custom_margin_tablet=&#8221;&#8221; custom_margin_phone=&#8221;-11px||||false|false&#8221; custom_margin_last_edited=&#8221;on|phone&#8221; custom_padding=&#8221;|||&#8221; header_3_font_size_tablet=&#8221;&#8221; header_3_font_size_phone=&#8221;43px&#8221; header_3_font_size_last_edited=&#8221;on|phone&#8221; header_3_line_height_tablet=&#8221;&#8221; header_3_line_height_phone=&#8221;52.6px&#8221; header_3_line_height_last_edited=&#8221;on|phone&#8221; locked=&#8221;off&#8221; inline_fonts=&#8221;Playfair Display&#8221; global_colors_info=&#8221;{}&#8221;]<\/p>\n<h1>Jul p\u00e5 H\u00f6torget<\/h1>\n<h2><strong>L\u00f6rdagen den 20 december <\/strong><\/h2>\n<p style=\"text-align: left;\">H\u00f6torget i Skara fylls med julens smaker och aktiviteter f\u00f6r hela familjen. Julhandla lokalt, l\u00e4mna \u00f6nskelista till tomten, bes\u00f6k julmarknaden med lokala hantverkare och matproducenter. Det bjuds p\u00e5 gl\u00f6gg, rimstuga och tomtejakt med fina priser.<\/p>\n<p>[\/et_pb_text][et_pb_button button_url=&#8221;https:\/\/www.vastsverige.com\/skara\/evenemang\/jul-pa-hotorget\/&#8221; button_text=&#8221;Jul p\u00e5 H\u00f6torget&#8221; button_alignment=&#8221;center&#8221; module_class=&#8221;lightbox-trigger-testar&#8221; _builder_version=&#8221;4.27.5&#8243; _module_preset=&#8221;default&#8221; custom_button=&#8221;on&#8221; button_text_color=&#8221;#FFFFFF&#8221; button_border_radius=&#8221;30px&#8221; custom_margin=&#8221;0px||||false|false&#8221; custom_padding=&#8221;7px||||false|false&#8221; button_text_size_tablet=&#8221;&#8221; button_text_size_phone=&#8221;&#8221; button_text_size_last_edited=&#8221;on|desktop&#8221; global_colors_info=&#8221;{}&#8221;][\/et_pb_button][\/et_pb_column][\/et_pb_row][\/et_pb_section][et_pb_section fb_built=&#8221;1&#8243; admin_label=&#8221;Sponsors&#8221; module_id=&#8221;open&#8221; _builder_version=&#8221;4.23&#8243; background_color=&#8221;#880000&#8243; custom_padding=&#8221;19px|0px|27px|0px||&#8221; collapsed=&#8221;off&#8221; global_colors_info=&#8221;{}&#8221;][et_pb_row column_structure=&#8221;1_3,1_3,1_3&#8243; _builder_version=&#8221;4.27.4&#8243; _module_preset=&#8221;default&#8221; global_colors_info=&#8221;{}&#8221;][et_pb_column type=&#8221;1_3&#8243; _builder_version=&#8221;4.27.4&#8243; _module_preset=&#8221;default&#8221; global_colors_info=&#8221;{}&#8221;][et_pb_image src=&#8221;https:\/\/site.bonniernewslocal.se\/landningssida\/wp-content\/uploads\/2025\/11\/skara_vit.png&#8221; title_text=&#8221;skara_vit&#8221; align=&#8221;center&#8221; _builder_version=&#8221;4.27.4&#8243; _module_preset=&#8221;default&#8221; width=&#8221;51%&#8221; width_tablet=&#8221;51%&#8221; width_phone=&#8221;53%&#8221; width_last_edited=&#8221;on|phone&#8221; custom_margin=&#8221;97px||||false|false&#8221; global_colors_info=&#8221;{}&#8221;][\/et_pb_image][\/et_pb_column][et_pb_column type=&#8221;1_3&#8243; _builder_version=&#8221;4.27.4&#8243; _module_preset=&#8221;default&#8221; global_colors_info=&#8221;{}&#8221;][et_pb_image src=&#8221;https:\/\/site.bonniernewslocal.se\/landningssida\/wp-content\/uploads\/2025\/11\/mega.png&#8221; title_text=&#8221;mega&#8221; _builder_version=&#8221;4.27.4&#8243; _module_preset=&#8221;default&#8221; width=&#8221;74%&#8221; width_tablet=&#8221;74%&#8221; width_phone=&#8221;72%&#8221; width_last_edited=&#8221;on|phone&#8221; module_alignment=&#8221;center&#8221; global_colors_info=&#8221;{}&#8221;][\/et_pb_image][\/et_pb_column][et_pb_column type=&#8221;1_3&#8243; _builder_version=&#8221;4.27.4&#8243; _module_preset=&#8221;default&#8221; global_colors_info=&#8221;{}&#8221;][et_pb_image src=&#8221;https:\/\/site.bonniernewslocal.se\/landningssida\/wp-content\/uploads\/2025\/11\/Julstaden-Skara-Mega-transparent-1.png&#8221; title_text=&#8221;Julstaden Skara Mega-transparent&#8221; align=&#8221;center&#8221; _builder_version=&#8221;4.27.4&#8243; _module_preset=&#8221;default&#8221; width=&#8221;98%&#8221; width_tablet=&#8221;98%&#8221; width_phone=&#8221;95%&#8221; width_last_edited=&#8221;on|phone&#8221; custom_margin=&#8221;-4px||||false|false&#8221; custom_margin_tablet=&#8221;-4px||||false|false&#8221; custom_margin_phone=&#8221;-68px||||false|false&#8221; custom_margin_last_edited=&#8221;on|phone&#8221; global_colors_info=&#8221;{}&#8221;][\/et_pb_image][\/et_pb_column][\/et_pb_row][\/et_pb_section]<\/p>\n","protected":false},"excerpt":{"rendered":"<p>Jul p\u00e5 H\u00f6torget L\u00f6rdagen den 20 december H\u00f6torget i Skara fylls med julens smaker och aktiviteter f\u00f6r hela familjen. Julhandla lokalt, l\u00e4mna \u00f6nskelista till tomten, bes\u00f6k julmarknaden med lokala hantverkare och matproducenter. Det bjuds p\u00e5 gl\u00f6gg, rimstuga och tomtejakt med fina priser.<\/p>\n","protected":false},"author":7,"featured_media":0,"parent":0,"menu_order":0,"comment_status":"closed","ping_status":"closed","template":"page-template-blank.php","meta":{"_acf_changed":false,"_et_pb_use_builder":"on","_et_pb_old_content":"","_et_gb_content_width":"","footnotes":""},"class_list":["post-240086","page","type-page","status-publish","hentry"],"acf":[],"yoast_head":"<!-- This site is optimized with the Yoast SEO plugin v26.6 - https:\/\/yoast.com\/wordpress\/plugins\/seo\/ -->\n<title>Skara Julstaden - Jul p\u00e5 H\u00f6torget - Landningssida<\/title>\n<meta name=\"robots\" content=\"index, follow, max-snippet:-1, max-image-preview:large, max-video-preview:-1\" \/>\n<link rel=\"canonical\" href=\"https:\/\/site.bonniernewslocal.se\/landningssida\/skara-julstaden-jul-pa-hotorget\/\" \/>\n<meta property=\"og:locale\" content=\"sv_SE\" \/>\n<meta property=\"og:type\" content=\"article\" \/>\n<meta property=\"og:title\" content=\"Skara Julstaden - Jul p\u00e5 H\u00f6torget - Landningssida\" \/>\n<meta property=\"og:description\" content=\"Jul p\u00e5 H\u00f6torget L\u00f6rdagen den 20 december H\u00f6torget i Skara fylls med julens smaker och aktiviteter f\u00f6r hela familjen. Julhandla lokalt, l\u00e4mna \u00f6nskelista till tomten, bes\u00f6k julmarknaden med lokala hantverkare och matproducenter. Det bjuds p\u00e5 gl\u00f6gg, rimstuga och tomtejakt med fina priser.\" \/>\n<meta property=\"og:url\" content=\"https:\/\/site.bonniernewslocal.se\/landningssida\/skara-julstaden-jul-pa-hotorget\/\" \/>\n<meta property=\"og:site_name\" content=\"Landningssida\" \/>\n<meta property=\"article:modified_time\" content=\"2025-12-09T11:34:45+00:00\" \/>\n<meta name=\"twitter:card\" content=\"summary_large_image\" \/>\n<meta name=\"twitter:label1\" content=\"Ber\u00e4knad l\u00e4stid\" \/>\n\t<meta name=\"twitter:data1\" content=\"2 minuter\" \/>\n<script type=\"application\/ld+json\" class=\"yoast-schema-graph\">{\"@context\":\"https:\/\/schema.org\",\"@graph\":[{\"@type\":\"WebPage\",\"@id\":\"https:\/\/site.bonniernewslocal.se\/landningssida\/skara-julstaden-jul-pa-hotorget\/\",\"url\":\"https:\/\/site.bonniernewslocal.se\/landningssida\/skara-julstaden-jul-pa-hotorget\/\",\"name\":\"Skara Julstaden - Jul p\u00e5 H\u00f6torget - Landningssida\",\"isPartOf\":{\"@id\":\"https:\/\/site.bonniernewslocal.se\/landningssida\/#website\"},\"datePublished\":\"2023-11-01T15:10:19+00:00\",\"dateModified\":\"2025-12-09T11:34:45+00:00\",\"breadcrumb\":{\"@id\":\"https:\/\/site.bonniernewslocal.se\/landningssida\/skara-julstaden-jul-pa-hotorget\/#breadcrumb\"},\"inLanguage\":\"sv-SE\",\"potentialAction\":[{\"@type\":\"ReadAction\",\"target\":[\"https:\/\/site.bonniernewslocal.se\/landningssida\/skara-julstaden-jul-pa-hotorget\/\"]}]},{\"@type\":\"BreadcrumbList\",\"@id\":\"https:\/\/site.bonniernewslocal.se\/landningssida\/skara-julstaden-jul-pa-hotorget\/#breadcrumb\",\"itemListElement\":[{\"@type\":\"ListItem\",\"position\":1,\"name\":\"Hem\",\"item\":\"https:\/\/site.bonniernewslocal.se\/landningssida\/\"},{\"@type\":\"ListItem\",\"position\":2,\"name\":\"Skara Julstaden &#8211; Jul p\u00e5 H\u00f6torget\"}]},{\"@type\":\"WebSite\",\"@id\":\"https:\/\/site.bonniernewslocal.se\/landningssida\/#website\",\"url\":\"https:\/\/site.bonniernewslocal.se\/landningssida\/\",\"name\":\"Landningssida\",\"description\":\"\",\"potentialAction\":[{\"@type\":\"SearchAction\",\"target\":{\"@type\":\"EntryPoint\",\"urlTemplate\":\"https:\/\/site.bonniernewslocal.se\/landningssida\/?s={search_term_string}\"},\"query-input\":{\"@type\":\"PropertyValueSpecification\",\"valueRequired\":true,\"valueName\":\"search_term_string\"}}],\"inLanguage\":\"sv-SE\"}]}<\/script>\n<!-- \/ Yoast SEO plugin. -->","yoast_head_json":{"title":"Skara Julstaden - Jul p\u00e5 H\u00f6torget - Landningssida","robots":{"index":"index","follow":"follow","max-snippet":"max-snippet:-1","max-image-preview":"max-image-preview:large","max-video-preview":"max-video-preview:-1"},"canonical":"https:\/\/site.bonniernewslocal.se\/landningssida\/skara-julstaden-jul-pa-hotorget\/","og_locale":"sv_SE","og_type":"article","og_title":"Skara Julstaden - Jul p\u00e5 H\u00f6torget - Landningssida","og_description":"Jul p\u00e5 H\u00f6torget L\u00f6rdagen den 20 december H\u00f6torget i Skara fylls med julens smaker och aktiviteter f\u00f6r hela familjen. Julhandla lokalt, l\u00e4mna \u00f6nskelista till tomten, bes\u00f6k julmarknaden med lokala hantverkare och matproducenter. Det bjuds p\u00e5 gl\u00f6gg, rimstuga och tomtejakt med fina priser.","og_url":"https:\/\/site.bonniernewslocal.se\/landningssida\/skara-julstaden-jul-pa-hotorget\/","og_site_name":"Landningssida","article_modified_time":"2025-12-09T11:34:45+00:00","twitter_card":"summary_large_image","twitter_misc":{"Ber\u00e4knad l\u00e4stid":"2 minuter"},"schema":{"@context":"https:\/\/schema.org","@graph":[{"@type":"WebPage","@id":"https:\/\/site.bonniernewslocal.se\/landningssida\/skara-julstaden-jul-pa-hotorget\/","url":"https:\/\/site.bonniernewslocal.se\/landningssida\/skara-julstaden-jul-pa-hotorget\/","name":"Skara Julstaden - Jul p\u00e5 H\u00f6torget - Landningssida","isPartOf":{"@id":"https:\/\/site.bonniernewslocal.se\/landningssida\/#website"},"datePublished":"2023-11-01T15:10:19+00:00","dateModified":"2025-12-09T11:34:45+00:00","breadcrumb":{"@id":"https:\/\/site.bonniernewslocal.se\/landningssida\/skara-julstaden-jul-pa-hotorget\/#breadcrumb"},"inLanguage":"sv-SE","potentialAction":[{"@type":"ReadAction","target":["https:\/\/site.bonniernewslocal.se\/landningssida\/skara-julstaden-jul-pa-hotorget\/"]}]},{"@type":"BreadcrumbList","@id":"https:\/\/site.bonniernewslocal.se\/landningssida\/skara-julstaden-jul-pa-hotorget\/#breadcrumb","itemListElement":[{"@type":"ListItem","position":1,"name":"Hem","item":"https:\/\/site.bonniernewslocal.se\/landningssida\/"},{"@type":"ListItem","position":2,"name":"Skara Julstaden &#8211; Jul p\u00e5 H\u00f6torget"}]},{"@type":"WebSite","@id":"https:\/\/site.bonniernewslocal.se\/landningssida\/#website","url":"https:\/\/site.bonniernewslocal.se\/landningssida\/","name":"Landningssida","description":"","potentialAction":[{"@type":"SearchAction","target":{"@type":"EntryPoint","urlTemplate":"https:\/\/site.bonniernewslocal.se\/landningssida\/?s={search_term_string}"},"query-input":{"@type":"PropertyValueSpecification","valueRequired":true,"valueName":"search_term_string"}}],"inLanguage":"sv-SE"}]}},"_links":{"self":[{"href":"https:\/\/site.bonniernewslocal.se\/landningssida\/wp-json\/wp\/v2\/pages\/240086","targetHints":{"allow":["GET"]}}],"collection":[{"href":"https:\/\/site.bonniernewslocal.se\/landningssida\/wp-json\/wp\/v2\/pages"}],"about":[{"href":"https:\/\/site.bonniernewslocal.se\/landningssida\/wp-json\/wp\/v2\/types\/page"}],"author":[{"embeddable":true,"href":"https:\/\/site.bonniernewslocal.se\/landningssida\/wp-json\/wp\/v2\/users\/7"}],"replies":[{"embeddable":true,"href":"https:\/\/site.bonniernewslocal.se\/landningssida\/wp-json\/wp\/v2\/comments?post=240086"}],"version-history":[{"count":21,"href":"https:\/\/site.bonniernewslocal.se\/landningssida\/wp-json\/wp\/v2\/pages\/240086\/revisions"}],"predecessor-version":[{"id":245445,"href":"https:\/\/site.bonniernewslocal.se\/landningssida\/wp-json\/wp\/v2\/pages\/240086\/revisions\/245445"}],"wp:attachment":[{"href":"https:\/\/site.bonniernewslocal.se\/landningssida\/wp-json\/wp\/v2\/media?parent=240086"}],"curies":[{"name":"wp","href":"https:\/\/api.w.org\/{rel}","templated":true}]}}