{"id":236931,"date":"2023-02-03T10:21:00","date_gmt":"2023-02-03T09:21:00","guid":{"rendered":"https:\/\/site.bonniernewslocal.se\/landningssida\/?page_id=236931"},"modified":"2024-01-05T10:59:40","modified_gmt":"2024-01-05T09:59:40","slug":"granlo-maleri-ab","status":"publish","type":"page","link":"https:\/\/site.bonniernewslocal.se\/landningssida\/granlo-maleri-ab\/","title":{"rendered":"Granlo M\u00e5leri AB"},"content":{"rendered":"<p>[et_pb_section fb_built=&#8221;1&#8243; disabled_on=&#8221;on|on|off&#8221; admin_label=&#8221;Chefs&#8221; _builder_version=&#8221;4.9.1&#8243; background_enable_color=&#8221;off&#8221; use_background_color_gradient=&#8221;on&#8221; background_color_gradient_start=&#8221;#f7f7f7&#8243; background_color_gradient_end=&#8221;rgba(41,196,169,0.11)&#8221; background_enable_image=&#8221;off&#8221; background_size=&#8221;contain&#8221; background_position=&#8221;top_left&#8221; background_blend=&#8221;color&#8221; custom_padding=&#8221;105px|0px|174px|0px||&#8221; saved_tabs=&#8221;all&#8221; collapsed=&#8221;off&#8221;][et_pb_row column_structure=&#8221;1_2,1_2&#8243; disabled_on=&#8221;on|on|off&#8221; module_id=&#8221;erbj&#8221; _builder_version=&#8221;4.9.1&#8243; _module_preset=&#8221;default&#8221; background_enable_color=&#8221;off&#8221; z_index=&#8221;999&#8243; width_last_edited=&#8221;off|tablet&#8221; max_width_tablet=&#8221;450px&#8221; max_width_phone=&#8221;&#8221; max_width_last_edited=&#8221;on|tablet&#8221; custom_margin=&#8221;|auto||auto|false|false&#8221; custom_padding=&#8221;||||false|false&#8221; locked=&#8221;off&#8221;][et_pb_column type=&#8221;1_2&#8243; _builder_version=&#8221;4.9.1&#8243; _module_preset=&#8221;default&#8221;][et_pb_image src=&#8221;https:\/\/site.bonniernewslocal.se\/landningssida\/wp-content\/uploads\/2023\/02\/granlo-tapet.jpg&#8221; alt=&#8221;Granlo M\u00e5leri AB&#8221; title_text=&#8221;Granlo M\u00e5leri AB&#8221; align_tablet=&#8221;center&#8221; align_phone=&#8221;&#8221; align_last_edited=&#8221;on|desktop&#8221; _builder_version=&#8221;4.9.1&#8243; animation_style=&#8221;slide&#8221; animation_direction=&#8221;top&#8221; animation_intensity_slide=&#8221;4%&#8221; animation_starting_opacity=&#8221;100%&#8221; locked=&#8221;off&#8221;][\/et_pb_image][\/et_pb_column][et_pb_column type=&#8221;1_2&#8243; _builder_version=&#8221;4.9.1&#8243; _module_preset=&#8221;default&#8221;][et_pb_text _builder_version=&#8221;4.9.1&#8243; text_font=&#8221;Montserrat||||&#8221; text_text_color=&#8221;#999999&#8243; text_font_size=&#8221;15px&#8221; text_line_height=&#8221;1.8em&#8221; header_font=&#8221;||||||||&#8221; header_2_font=&#8221;Roboto||||||||&#8221; header_2_font_size=&#8221;18px&#8221; header_2_line_height=&#8221;22.8px&#8221; header_3_font=&#8221;Playfair Display||||||||&#8221; header_3_font_size=&#8221;62px&#8221; header_3_line_height=&#8221;70px&#8221; header_4_font=&#8221;|700||on|||||&#8221; header_4_text_color=&#8221;#bfbfbf&#8221; header_4_font_size=&#8221;13px&#8221; header_4_letter_spacing=&#8221;2px&#8221; background_size=&#8221;initial&#8221; background_position=&#8221;top_left&#8221; background_repeat=&#8221;repeat&#8221; text_orientation=&#8221;center&#8221; module_alignment=&#8221;center&#8221; custom_margin=&#8221;119px|40px|8px|40px||&#8221; custom_margin_tablet=&#8221;&#8221; custom_margin_phone=&#8221;-11px||||false|false&#8221; custom_margin_last_edited=&#8221;on|phone&#8221; custom_padding=&#8221;|||&#8221; header_3_font_size_tablet=&#8221;&#8221; header_3_font_size_phone=&#8221;43px&#8221; header_3_font_size_last_edited=&#8221;on|phone&#8221; header_3_line_height_tablet=&#8221;&#8221; header_3_line_height_phone=&#8221;52.6px&#8221; header_3_line_height_last_edited=&#8221;on|phone&#8221; locked=&#8221;off&#8221; inline_fonts=&#8221;Playfair Display&#8221;]<\/p>\n<h3>Granlo M\u00e5leri i Sundsvall<\/h3>\n<h2>\u00c4r du i behov av m\u00e5lning- eller tapetarbete? Vi har m\u00e5ng\u00e5rig erfarenhet i branschen.<\/h2>\n<h2><strong>Kontakta oss f\u00f6r ditt n\u00e4sta projekt! <\/strong><\/h2>\n<p>Ring Peter p\u00e5 070-399 94 93 eller maila <a href=\"mailto:granlomaleri@outlook.com\">granlomaleri@outlook.com<\/a><\/p>\n<p>[\/et_pb_text][\/et_pb_column][\/et_pb_row][\/et_pb_section][et_pb_section fb_built=&#8221;1&#8243; disabled_on=&#8221;off|off|on&#8221; admin_label=&#8221;Chefs&#8221; _builder_version=&#8221;4.9.1&#8243; background_enable_color=&#8221;off&#8221; use_background_color_gradient=&#8221;on&#8221; background_color_gradient_start=&#8221;#f7f7f7&#8243; background_color_gradient_end=&#8221;rgba(41,196,169,0.11)&#8221; background_enable_image=&#8221;off&#8221; background_size=&#8221;contain&#8221; background_position=&#8221;top_left&#8221; background_blend=&#8221;color&#8221; custom_padding=&#8221;0px|0px|10px|0px|false|false&#8221; top_divider_height_tablet=&#8221;&#8221; top_divider_height_phone=&#8221;0px&#8221; top_divider_height_last_edited=&#8221;on|phone&#8221; saved_tabs=&#8221;all&#8221; collapsed=&#8221;off&#8221;][et_pb_row disabled_on=&#8221;off|off|on&#8221; module_id=&#8221;erbj&#8221; _builder_version=&#8221;4.9.1&#8243; _module_preset=&#8221;default&#8221; background_enable_color=&#8221;off&#8221; z_index=&#8221;999&#8243; width_last_edited=&#8221;off|tablet&#8221; max_width_tablet=&#8221;450px&#8221; max_width_phone=&#8221;&#8221; max_width_last_edited=&#8221;on|tablet&#8221; custom_margin=&#8221;|auto||auto|false|false&#8221; custom_padding=&#8221;||||false|false&#8221; locked=&#8221;off&#8221;][et_pb_column type=&#8221;4_4&#8243; _builder_version=&#8221;4.9.1&#8243; _module_preset=&#8221;default&#8221;][et_pb_image src=&#8221;https:\/\/site.bonniernewslocal.se\/landningssida\/wp-content\/uploads\/2023\/02\/granlo-tapet.jpg&#8221; alt=&#8221;Granlo M\u00e5leri AB&#8221; title_text=&#8221;Granlo M\u00e5leri AB&#8221; align=&#8221;center&#8221; align_tablet=&#8221;center&#8221; align_phone=&#8221;&#8221; align_last_edited=&#8221;on|phone&#8221; _builder_version=&#8221;4.9.1&#8243; custom_padding=&#8221;0px||||false|false&#8221; animation_style=&#8221;slide&#8221; animation_direction=&#8221;top&#8221; animation_intensity_slide=&#8221;4%&#8221; animation_starting_opacity=&#8221;100%&#8221; locked=&#8221;off&#8221;][\/et_pb_image][et_pb_text _builder_version=&#8221;4.9.1&#8243; text_font=&#8221;Montserrat||||&#8221; text_text_color=&#8221;#999999&#8243; text_font_size=&#8221;15px&#8221; text_line_height=&#8221;1.8em&#8221; header_font=&#8221;||||||||&#8221; header_2_font=&#8221;Roboto||||||||&#8221; header_2_font_size=&#8221;18px&#8221; header_2_line_height=&#8221;22.8px&#8221; header_3_font=&#8221;Playfair Display||||||||&#8221; header_3_font_size=&#8221;62px&#8221; header_3_line_height=&#8221;70px&#8221; header_4_font=&#8221;|700||on|||||&#8221; header_4_text_color=&#8221;#bfbfbf&#8221; header_4_font_size=&#8221;13px&#8221; header_4_letter_spacing=&#8221;2px&#8221; background_size=&#8221;initial&#8221; background_position=&#8221;top_left&#8221; background_repeat=&#8221;repeat&#8221; text_orientation=&#8221;center&#8221; module_alignment=&#8221;center&#8221; custom_margin=&#8221;119px|40px|8px|40px||&#8221; custom_margin_tablet=&#8221;&#8221; custom_margin_phone=&#8221;-11px||||false|false&#8221; custom_margin_last_edited=&#8221;on|phone&#8221; custom_padding=&#8221;|||&#8221; header_3_font_size_tablet=&#8221;&#8221; header_3_font_size_phone=&#8221;43px&#8221; header_3_font_size_last_edited=&#8221;on|phone&#8221; header_3_line_height_tablet=&#8221;&#8221; header_3_line_height_phone=&#8221;52.6px&#8221; header_3_line_height_last_edited=&#8221;on|phone&#8221; custom_css_main_element=&#8221;||   margin-right: 0px!important;||   margin-left: 0px!important;||&#8221; locked=&#8221;off&#8221; inline_fonts=&#8221;Playfair Display&#8221;]<\/p>\n<h3>Granlo M\u00e5leri i Sundsvall<\/h3>\n<h2>\u00c4r du i behov av m\u00e5lning- eller tapetarbete? Vi har m\u00e5ng\u00e5rig erfarenhet i branschen.<\/h2>\n<h2><strong>Kontakta oss f\u00f6r ditt n\u00e4sta projekt! <\/strong><\/h2>\n<p>Ring Peter p\u00e5 070-399 94 93 eller maila <a href=\"mailto:granlomaleri@outlook.com\">granlomaleri@outlook.com<\/a><\/p>\n<p>[\/et_pb_text][\/et_pb_column][\/et_pb_row][\/et_pb_section][et_pb_section fb_built=&#8221;1&#8243; disabled_on=&#8221;on|off|off&#8221; admin_label=&#8221;Sponsors Desktop&#8221; module_id=&#8221;open&#8221; _builder_version=&#8221;4.9.1&#8243; background_color=&#8221;#222222&#8243; custom_padding=&#8221;8px|0px|27px|0px||&#8221; collapsed=&#8221;off&#8221;][et_pb_row column_structure=&#8221;1_3,1_3,1_3&#8243; _builder_version=&#8221;4.9.1&#8243; custom_margin=&#8221;|auto|9px|auto||&#8221; custom_padding=&#8221;12px||13px|||&#8221;][et_pb_column type=&#8221;1_3&#8243; _builder_version=&#8221;3.25&#8243; custom_padding=&#8221;|||&#8221; custom_padding__hover=&#8221;|||&#8221;][et_pb_image src=&#8221;https:\/\/site.bonniernewslocal.se\/landningssida\/wp-content\/uploads\/2023\/02\/Granlo-logo.png&#8221; title_text=&#8221;Granlo-logo&#8221; _builder_version=&#8221;4.9.1&#8243; _module_preset=&#8221;default&#8221; width=&#8221;55%&#8221;][\/et_pb_image][\/et_pb_column][et_pb_column type=&#8221;1_3&#8243; _builder_version=&#8221;3.25&#8243; custom_padding=&#8221;40px|||&#8221; custom_padding__hover=&#8221;|||&#8221;][et_pb_text admin_label=&#8221;Title&#8221; _builder_version=&#8221;4.9.1&#8243; text_font=&#8221;||||||||&#8221; text_text_color=&#8221;#FFFFFF&#8221; header_font=&#8221;||||||||&#8221; header_text_color=&#8221;#FFFFFF&#8221; header_2_font=&#8221;||||||||&#8221; header_4_font=&#8221;Roboto|700||on|||||&#8221; header_4_text_color=&#8221;#FFFFFF&#8221; header_4_letter_spacing=&#8221;1px&#8221; header_4_line_height=&#8221;1.4em&#8221; custom_margin=&#8221;||10px|&#8221; custom_padding=&#8221;|||&#8221; animation_style=&#8221;fade&#8221;]<\/p>\n<h4>HITTA till oss<\/h4>\n<p>[\/et_pb_text][et_pb_divider color=&#8221;#ffb500&#8243; divider_weight=&#8221;2px&#8221; disabled_on=&#8221;on|on|off&#8221; _builder_version=&#8221;3.2&#8243; max_width=&#8221;50px&#8221; animation_style=&#8221;fade&#8221;][\/et_pb_divider][et_pb_text _builder_version=&#8221;4.9.1&#8243; text_font=&#8221;||||||||&#8221; text_font_size=&#8221;16px&#8221; text_line_height=&#8221;1.8em&#8221; custom_margin=&#8221;-30px|||&#8221; animation_style=&#8221;fade&#8221; hover_enabled=&#8221;0&#8243; sticky_enabled=&#8221;0&#8243;]<\/p>\n<p class=\"p1\"><span class=\"s1\"><b>Granlo M\u00e5leri AB<br \/><\/b><\/span>Sveav\u00e4gen 11<br \/>85242 Sundsvall<\/p>\n<p>[\/et_pb_text][\/et_pb_column][et_pb_column type=&#8221;1_3&#8243; _builder_version=&#8221;3.25&#8243; custom_padding=&#8221;40px|||&#8221; custom_padding__hover=&#8221;|||&#8221;][et_pb_text admin_label=&#8221;Title&#8221; _builder_version=&#8221;4.9.1&#8243; text_font=&#8221;||||||||&#8221; text_text_color=&#8221;#FFFFFF&#8221; header_font=&#8221;||||||||&#8221; header_text_color=&#8221;#FFFFFF&#8221; header_2_font=&#8221;||||||||&#8221; header_4_font=&#8221;Roboto|700||on|||||&#8221; header_4_text_color=&#8221;#FFFFFF&#8221; header_4_letter_spacing=&#8221;1px&#8221; header_4_line_height=&#8221;1.4em&#8221; custom_margin=&#8221;||10px|&#8221; custom_padding=&#8221;|||&#8221; animation_style=&#8221;fade&#8221;]<\/p>\n<h4>Kontakta oss<\/h4>\n<p>[\/et_pb_text][et_pb_divider color=&#8221;#ffb500&#8243; divider_weight=&#8221;2px&#8221; disabled_on=&#8221;on|on|off&#8221; _builder_version=&#8221;3.2&#8243; max_width=&#8221;50px&#8221; animation_style=&#8221;fade&#8221;][\/et_pb_divider][et_pb_text _builder_version=&#8221;4.9.1&#8243; text_font=&#8221;||||||||&#8221; text_font_size=&#8221;16px&#8221; text_line_height=&#8221;1.8em&#8221; custom_margin=&#8221;-30px|||&#8221; animation_style=&#8221;fade&#8221; hover_enabled=&#8221;0&#8243; sticky_enabled=&#8221;0&#8243;]<\/p>\n<p class=\"p1\"><b>Peter Edstr\u00f6m<br \/><\/b>Tel: 070-399 94 93<br \/>Mail: <a href=\"mailto:granlomaleri@outlook.com\">granlomaleri@outlook.com<\/a><\/p>\n<p>[\/et_pb_text][\/et_pb_column][\/et_pb_row][\/et_pb_section][et_pb_section fb_built=&#8221;1&#8243; disabled_on=&#8221;off|on|on&#8221; admin_label=&#8221;Sponsors Mobil&#8221; module_id=&#8221;open&#8221; _builder_version=&#8221;4.9.1&#8243; background_color=&#8221;#222222&#8243; custom_padding=&#8221;8px|0px|27px|0px||&#8221; collapsed=&#8221;off&#8221;][et_pb_row _builder_version=&#8221;4.9.1&#8243; custom_margin=&#8221;|auto|9px|auto||&#8221; custom_padding=&#8221;12px||13px|||&#8221;][et_pb_column type=&#8221;4_4&#8243; _builder_version=&#8221;3.25&#8243; custom_padding=&#8221;|||&#8221; custom_padding__hover=&#8221;|||&#8221;][et_pb_image src=&#8221;https:\/\/site.bonniernewslocal.se\/landningssida\/wp-content\/uploads\/2023\/02\/Granlo-logo.png&#8221; title_text=&#8221;Granlo-logo&#8221; align=&#8221;center&#8221; _builder_version=&#8221;4.9.1&#8243; _module_preset=&#8221;default&#8221; width=&#8221;55%&#8221;][\/et_pb_image][et_pb_text admin_label=&#8221;Title&#8221; _builder_version=&#8221;4.9.1&#8243; text_font=&#8221;||||||||&#8221; text_text_color=&#8221;#FFFFFF&#8221; header_font=&#8221;||||||||&#8221; header_text_color=&#8221;#FFFFFF&#8221; header_2_font=&#8221;||||||||&#8221; header_4_font=&#8221;Roboto|700||on|||||&#8221; header_4_text_color=&#8221;#FFFFFF&#8221; header_4_letter_spacing=&#8221;1px&#8221; header_4_line_height=&#8221;1.4em&#8221; custom_margin=&#8221;||10px|&#8221; custom_padding=&#8221;|||&#8221; animation_style=&#8221;fade&#8221;]<\/p>\n<h4 style=\"text-align: center;\">HITTA till oss<\/h4>\n<p>[\/et_pb_text][et_pb_divider color=&#8221;#ffb500&#8243; divider_weight=&#8221;2px&#8221; disabled_on=&#8221;off|off|on&#8221; _builder_version=&#8221;4.9.1&#8243; max_width=&#8221;30%&#8221; module_alignment=&#8221;center&#8221; animation_style=&#8221;fade&#8221;][\/et_pb_divider][et_pb_text _builder_version=&#8221;4.9.1&#8243; text_font=&#8221;||||||||&#8221; text_font_size=&#8221;16px&#8221; text_line_height=&#8221;1.8em&#8221; custom_margin=&#8221;-30px|||&#8221; animation_style=&#8221;fade&#8221; hover_enabled=&#8221;0&#8243; sticky_enabled=&#8221;0&#8243;]<\/p>\n<p class=\"p1\" style=\"text-align: center;\"><span class=\"s1\"><b>Granlo M\u00e5leri AB<br \/><\/b><\/span>Sveav\u00e4gen 11<br \/>85242 Sundsvall<\/p>\n<p>[\/et_pb_text][et_pb_text admin_label=&#8221;Title&#8221; _builder_version=&#8221;4.9.1&#8243; text_font=&#8221;||||||||&#8221; text_text_color=&#8221;#FFFFFF&#8221; header_font=&#8221;||||||||&#8221; header_text_color=&#8221;#FFFFFF&#8221; header_2_font=&#8221;||||||||&#8221; header_4_font=&#8221;Roboto|700||on|||||&#8221; header_4_text_color=&#8221;#FFFFFF&#8221; header_4_letter_spacing=&#8221;1px&#8221; header_4_line_height=&#8221;1.4em&#8221; custom_margin=&#8221;||10px|&#8221; custom_padding=&#8221;|||&#8221; animation_style=&#8221;fade&#8221;]<\/p>\n<h4 style=\"text-align: center;\">Kontakta oss<\/h4>\n<p>[\/et_pb_text][et_pb_divider color=&#8221;#ffb500&#8243; divider_weight=&#8221;2px&#8221; disabled_on=&#8221;off|off|on&#8221; _builder_version=&#8221;4.9.1&#8243; max_width=&#8221;30%&#8221; module_alignment=&#8221;center&#8221; animation_style=&#8221;fade&#8221;][\/et_pb_divider][et_pb_text _builder_version=&#8221;4.9.1&#8243; text_font=&#8221;||||||||&#8221; text_font_size=&#8221;16px&#8221; text_line_height=&#8221;1.8em&#8221; custom_margin=&#8221;-30px|||&#8221; animation_style=&#8221;fade&#8221;]<\/p>\n<p class=\"p1\" style=\"text-align: center;\"><b>Peter Edstr\u00f6m<br \/><\/b>Tel: 070-399 94 93<br \/>Mail: <a href=\"mailto:granlomaleri@outlook.com\">granlomaleri@outlook.com<\/a><\/p>\n<p>[\/et_pb_text][\/et_pb_column][\/et_pb_row][\/et_pb_section]<\/p>\n","protected":false},"excerpt":{"rendered":"<p>Granlo M\u00e5leri i Sundsvall \u00c4r du i behov av m\u00e5lning- eller tapetarbete? Vi har m\u00e5ng\u00e5rig erfarenhet i branschen. Kontakta oss f\u00f6r ditt n\u00e4sta projekt! Ring Peter p\u00e5 070-399 94 93 eller maila granlomaleri@outlook.comGranlo M\u00e5leri i Sundsvall \u00c4r du i behov av m\u00e5lning- eller tapetarbete? Vi har m\u00e5ng\u00e5rig erfarenhet i branschen. Kontakta oss f\u00f6r ditt n\u00e4sta [&hellip;]<\/p>\n","protected":false},"author":3,"featured_media":236961,"parent":0,"menu_order":0,"comment_status":"closed","ping_status":"closed","template":"page-template-blank.php","meta":{"_acf_changed":false,"_et_pb_use_builder":"on","_et_pb_old_content":"","_et_gb_content_width":"","footnotes":""},"class_list":["post-236931","page","type-page","status-publish","has-post-thumbnail","hentry"],"acf":[],"yoast_head":"<!-- This site is optimized with the Yoast SEO plugin v26.6 - https:\/\/yoast.com\/wordpress\/plugins\/seo\/ -->\n<title>Granlo M\u00e5leri AB - Landningssida<\/title>\n<meta name=\"description\" content=\"Granlo M\u00e5leri i Sundsvall med l\u00e5ng erfarenhet i branschen hj\u00e4lper dig med all form av m\u00e5lningsarbeten.\" \/>\n<meta name=\"robots\" content=\"index, follow, max-snippet:-1, max-image-preview:large, max-video-preview:-1\" \/>\n<link rel=\"canonical\" href=\"https:\/\/site.bonniernewslocal.se\/landningssida\/granlo-maleri-ab\/\" \/>\n<meta property=\"og:locale\" content=\"sv_SE\" \/>\n<meta property=\"og:type\" content=\"article\" \/>\n<meta property=\"og:title\" content=\"Granlo M\u00e5leri AB - Landningssida\" \/>\n<meta property=\"og:description\" content=\"Granlo M\u00e5leri i Sundsvall med l\u00e5ng erfarenhet i branschen hj\u00e4lper dig med all form av m\u00e5lningsarbeten.\" \/>\n<meta property=\"og:url\" content=\"https:\/\/site.bonniernewslocal.se\/landningssida\/granlo-maleri-ab\/\" \/>\n<meta property=\"og:site_name\" content=\"Landningssida\" \/>\n<meta property=\"article:modified_time\" content=\"2024-01-05T09:59:40+00:00\" \/>\n<meta property=\"og:image\" content=\"https:\/\/site.bonniernewslocal.se\/landningssida\/wp-content\/uploads\/2023\/02\/granlo-tapet.jpg\" \/>\n\t<meta property=\"og:image:width\" content=\"1000\" \/>\n\t<meta property=\"og:image:height\" content=\"1000\" \/>\n\t<meta property=\"og:image:type\" content=\"image\/jpeg\" \/>\n<meta name=\"twitter:card\" content=\"summary_large_image\" \/>\n<meta name=\"twitter:label1\" content=\"Ber\u00e4knad l\u00e4stid\" \/>\n\t<meta name=\"twitter:data1\" content=\"3 minuter\" \/>\n<script type=\"application\/ld+json\" class=\"yoast-schema-graph\">{\"@context\":\"https:\/\/schema.org\",\"@graph\":[{\"@type\":\"WebPage\",\"@id\":\"https:\/\/site.bonniernewslocal.se\/landningssida\/granlo-maleri-ab\/\",\"url\":\"https:\/\/site.bonniernewslocal.se\/landningssida\/granlo-maleri-ab\/\",\"name\":\"Granlo M\u00e5leri AB - Landningssida\",\"isPartOf\":{\"@id\":\"https:\/\/site.bonniernewslocal.se\/landningssida\/#website\"},\"primaryImageOfPage\":{\"@id\":\"https:\/\/site.bonniernewslocal.se\/landningssida\/granlo-maleri-ab\/#primaryimage\"},\"image\":{\"@id\":\"https:\/\/site.bonniernewslocal.se\/landningssida\/granlo-maleri-ab\/#primaryimage\"},\"thumbnailUrl\":\"https:\/\/site.bonniernewslocal.se\/landningssida\/wp-content\/uploads\/2023\/02\/granlo-tapet.jpg\",\"datePublished\":\"2023-02-03T09:21:00+00:00\",\"dateModified\":\"2024-01-05T09:59:40+00:00\",\"description\":\"Granlo M\u00e5leri i Sundsvall med l\u00e5ng erfarenhet i branschen hj\u00e4lper dig med all form av m\u00e5lningsarbeten.\",\"breadcrumb\":{\"@id\":\"https:\/\/site.bonniernewslocal.se\/landningssida\/granlo-maleri-ab\/#breadcrumb\"},\"inLanguage\":\"sv-SE\",\"potentialAction\":[{\"@type\":\"ReadAction\",\"target\":[\"https:\/\/site.bonniernewslocal.se\/landningssida\/granlo-maleri-ab\/\"]}]},{\"@type\":\"ImageObject\",\"inLanguage\":\"sv-SE\",\"@id\":\"https:\/\/site.bonniernewslocal.se\/landningssida\/granlo-maleri-ab\/#primaryimage\",\"url\":\"https:\/\/site.bonniernewslocal.se\/landningssida\/wp-content\/uploads\/2023\/02\/granlo-tapet.jpg\",\"contentUrl\":\"https:\/\/site.bonniernewslocal.se\/landningssida\/wp-content\/uploads\/2023\/02\/granlo-tapet.jpg\",\"width\":1000,\"height\":1000,\"caption\":\"Granlo M\u00e5leri AB\"},{\"@type\":\"BreadcrumbList\",\"@id\":\"https:\/\/site.bonniernewslocal.se\/landningssida\/granlo-maleri-ab\/#breadcrumb\",\"itemListElement\":[{\"@type\":\"ListItem\",\"position\":1,\"name\":\"Hem\",\"item\":\"https:\/\/site.bonniernewslocal.se\/landningssida\/\"},{\"@type\":\"ListItem\",\"position\":2,\"name\":\"Granlo M\u00e5leri AB\"}]},{\"@type\":\"WebSite\",\"@id\":\"https:\/\/site.bonniernewslocal.se\/landningssida\/#website\",\"url\":\"https:\/\/site.bonniernewslocal.se\/landningssida\/\",\"name\":\"Landningssida\",\"description\":\"\",\"potentialAction\":[{\"@type\":\"SearchAction\",\"target\":{\"@type\":\"EntryPoint\",\"urlTemplate\":\"https:\/\/site.bonniernewslocal.se\/landningssida\/?s={search_term_string}\"},\"query-input\":{\"@type\":\"PropertyValueSpecification\",\"valueRequired\":true,\"valueName\":\"search_term_string\"}}],\"inLanguage\":\"sv-SE\"}]}<\/script>\n<!-- \/ Yoast SEO plugin. -->","yoast_head_json":{"title":"Granlo M\u00e5leri AB - Landningssida","description":"Granlo M\u00e5leri i Sundsvall med l\u00e5ng erfarenhet i branschen hj\u00e4lper dig med all form av m\u00e5lningsarbeten.","robots":{"index":"index","follow":"follow","max-snippet":"max-snippet:-1","max-image-preview":"max-image-preview:large","max-video-preview":"max-video-preview:-1"},"canonical":"https:\/\/site.bonniernewslocal.se\/landningssida\/granlo-maleri-ab\/","og_locale":"sv_SE","og_type":"article","og_title":"Granlo M\u00e5leri AB - Landningssida","og_description":"Granlo M\u00e5leri i Sundsvall med l\u00e5ng erfarenhet i branschen hj\u00e4lper dig med all form av m\u00e5lningsarbeten.","og_url":"https:\/\/site.bonniernewslocal.se\/landningssida\/granlo-maleri-ab\/","og_site_name":"Landningssida","article_modified_time":"2024-01-05T09:59:40+00:00","og_image":[{"width":1000,"height":1000,"url":"https:\/\/site.bonniernewslocal.se\/landningssida\/wp-content\/uploads\/2023\/02\/granlo-tapet.jpg","type":"image\/jpeg"}],"twitter_card":"summary_large_image","twitter_misc":{"Ber\u00e4knad l\u00e4stid":"3 minuter"},"schema":{"@context":"https:\/\/schema.org","@graph":[{"@type":"WebPage","@id":"https:\/\/site.bonniernewslocal.se\/landningssida\/granlo-maleri-ab\/","url":"https:\/\/site.bonniernewslocal.se\/landningssida\/granlo-maleri-ab\/","name":"Granlo M\u00e5leri AB - Landningssida","isPartOf":{"@id":"https:\/\/site.bonniernewslocal.se\/landningssida\/#website"},"primaryImageOfPage":{"@id":"https:\/\/site.bonniernewslocal.se\/landningssida\/granlo-maleri-ab\/#primaryimage"},"image":{"@id":"https:\/\/site.bonniernewslocal.se\/landningssida\/granlo-maleri-ab\/#primaryimage"},"thumbnailUrl":"https:\/\/site.bonniernewslocal.se\/landningssida\/wp-content\/uploads\/2023\/02\/granlo-tapet.jpg","datePublished":"2023-02-03T09:21:00+00:00","dateModified":"2024-01-05T09:59:40+00:00","description":"Granlo M\u00e5leri i Sundsvall med l\u00e5ng erfarenhet i branschen hj\u00e4lper dig med all form av m\u00e5lningsarbeten.","breadcrumb":{"@id":"https:\/\/site.bonniernewslocal.se\/landningssida\/granlo-maleri-ab\/#breadcrumb"},"inLanguage":"sv-SE","potentialAction":[{"@type":"ReadAction","target":["https:\/\/site.bonniernewslocal.se\/landningssida\/granlo-maleri-ab\/"]}]},{"@type":"ImageObject","inLanguage":"sv-SE","@id":"https:\/\/site.bonniernewslocal.se\/landningssida\/granlo-maleri-ab\/#primaryimage","url":"https:\/\/site.bonniernewslocal.se\/landningssida\/wp-content\/uploads\/2023\/02\/granlo-tapet.jpg","contentUrl":"https:\/\/site.bonniernewslocal.se\/landningssida\/wp-content\/uploads\/2023\/02\/granlo-tapet.jpg","width":1000,"height":1000,"caption":"Granlo M\u00e5leri AB"},{"@type":"BreadcrumbList","@id":"https:\/\/site.bonniernewslocal.se\/landningssida\/granlo-maleri-ab\/#breadcrumb","itemListElement":[{"@type":"ListItem","position":1,"name":"Hem","item":"https:\/\/site.bonniernewslocal.se\/landningssida\/"},{"@type":"ListItem","position":2,"name":"Granlo M\u00e5leri AB"}]},{"@type":"WebSite","@id":"https:\/\/site.bonniernewslocal.se\/landningssida\/#website","url":"https:\/\/site.bonniernewslocal.se\/landningssida\/","name":"Landningssida","description":"","potentialAction":[{"@type":"SearchAction","target":{"@type":"EntryPoint","urlTemplate":"https:\/\/site.bonniernewslocal.se\/landningssida\/?s={search_term_string}"},"query-input":{"@type":"PropertyValueSpecification","valueRequired":true,"valueName":"search_term_string"}}],"inLanguage":"sv-SE"}]}},"_links":{"self":[{"href":"https:\/\/site.bonniernewslocal.se\/landningssida\/wp-json\/wp\/v2\/pages\/236931","targetHints":{"allow":["GET"]}}],"collection":[{"href":"https:\/\/site.bonniernewslocal.se\/landningssida\/wp-json\/wp\/v2\/pages"}],"about":[{"href":"https:\/\/site.bonniernewslocal.se\/landningssida\/wp-json\/wp\/v2\/types\/page"}],"author":[{"embeddable":true,"href":"https:\/\/site.bonniernewslocal.se\/landningssida\/wp-json\/wp\/v2\/users\/3"}],"replies":[{"embeddable":true,"href":"https:\/\/site.bonniernewslocal.se\/landningssida\/wp-json\/wp\/v2\/comments?post=236931"}],"version-history":[{"count":66,"href":"https:\/\/site.bonniernewslocal.se\/landningssida\/wp-json\/wp\/v2\/pages\/236931\/revisions"}],"predecessor-version":[{"id":237070,"href":"https:\/\/site.bonniernewslocal.se\/landningssida\/wp-json\/wp\/v2\/pages\/236931\/revisions\/237070"}],"wp:featuredmedia":[{"embeddable":true,"href":"https:\/\/site.bonniernewslocal.se\/landningssida\/wp-json\/wp\/v2\/media\/236961"}],"wp:attachment":[{"href":"https:\/\/site.bonniernewslocal.se\/landningssida\/wp-json\/wp\/v2\/media?parent=236931"}],"curies":[{"name":"wp","href":"https:\/\/api.w.org\/{rel}","templated":true}]}}